{"id":702,"date":"2015-11-17T21:13:37","date_gmt":"2015-11-17T19:13:37","guid":{"rendered":"http:\/\/gruene-jaeger.de\/?page_id=702"},"modified":"2018-03-14T10:48:34","modified_gmt":"2018-03-14T08:48:34","slug":"jahreskonzert","status":"publish","type":"page","link":"https:\/\/gruene-jaeger.de\/?page_id=702","title":{"rendered":"Jahreskonzert am 07.05.2016"},"content":{"rendered":"<p><a href=\"https:\/\/gruene-jaeger.de\/wp-content\/uploads\/2015\/11\/Konzertplakt2016.jpg\"><img loading=\"lazy\" decoding=\"async\" class=\"alignnone wp-image-916\" src=\"https:\/\/gruene-jaeger.de\/wp-content\/uploads\/2015\/11\/Konzertplakt2016-212x300.jpg\" alt=\"Konzertplakt2016\" data-id=\"916\" width=\"638\" height=\"898\"><\/a><\/p>\n<p>unser Programmflyer:<a href=\"https:\/\/gruene-jaeger.de\/wp-content\/uploads\/2016\/05\/Progamm-Konzert2016-V1.0.pdf\" target=\"_blank\" rel=\"noopener noreferrer\"> klicken Sie hier!<\/a><\/p>\n<p>Bei jedem Muikser erh\u00e4ltlich: Eintrittskarten und Geschenkgutscheine (Premiumkarten) f\u00fcr unser Jahreskonzert:<\/p>\n<p><a href=\"https:\/\/gruene-jaeger.de\/wp-content\/uploads\/2015\/11\/Konzertk_2016_Muster.jpg\"><img loading=\"lazy\" decoding=\"async\" class=\"alignnone wp-image-895 size-large\" src=\"https:\/\/gruene-jaeger.de\/wp-content\/uploads\/2015\/11\/Konzertk_2016_Muster-1024x380.jpg\" alt=\"Konzertk_2016_Muster\" data-id=\"895\" width=\"584\" height=\"217\"><\/a><a href=\"https:\/\/gruene-jaeger.de\/wp-content\/uploads\/2015\/11\/Premiumk_2016_Muster.jpg\"><img loading=\"lazy\" decoding=\"async\" class=\"alignnone wp-image-896 size-large\" src=\"https:\/\/gruene-jaeger.de\/wp-content\/uploads\/2015\/11\/Premiumk_2016_Muster-1024x387.jpg\" alt=\"Premiumk_2016_Muster\" data-id=\"896\" width=\"584\" height=\"221\"><\/a><\/p>\n<p>&nbsp;<\/p>\n","protected":false},"excerpt":{"rendered":"<p>unser Programmflyer: klicken Sie hier! Bei jedem Muikser erh\u00e4ltlich: Eintrittskarten und Geschenkgutscheine (Premiumkarten) f\u00fcr unser Jahreskonzert: &nbsp;<\/p>\n","protected":false},"author":1,"featured_media":0,"parent":31,"menu_order":30,"comment_status":"closed","ping_status":"closed","template":"sidebar-page.php","meta":{"_acf_changed":false,"_crdt_document":"","ngg_post_thumbnail":0,"_price":"","_stock":"","_tribe_ticket_header":"","_tribe_default_ticket_provider":"","_tribe_ticket_capacity":"0","_ticket_start_date":"","_ticket_end_date":"","_tribe_ticket_show_description":"","_tribe_ticket_show_not_going":false,"_tribe_ticket_use_global_stock":"","_tribe_ticket_global_stock_level":"","_global_stock_mode":"","_global_stock_cap":"","_tribe_rsvp_for_event":"","_tribe_ticket_going_count":"","_tribe_ticket_not_going_count":"","_tribe_tickets_list":"[]","_tribe_ticket_has_attendee_info_fields":false,"footnotes":"","_tec_slr_enabled":"","_tec_slr_layout":""},"class_list":["post-702","page","type-page","status-publish","hentry"],"acf":[],"yoast_head":"<!-- This site is optimized with the Yoast SEO plugin v27.4 - https:\/\/yoast.com\/product\/yoast-seo-wordpress\/ -->\n<title>Jahreskonzert am 07.05.2016 - Trachtenkapelle Gr\u00fcne J\u00e4ger e.V.<\/title>\n<meta name=\"robots\" content=\"index, follow, max-snippet:-1, max-image-preview:large, max-video-preview:-1\" \/>\n<link rel=\"canonical\" href=\"https:\/\/gruene-jaeger.de\/?page_id=702\" \/>\n<meta property=\"og:locale\" content=\"de_DE\" \/>\n<meta property=\"og:type\" content=\"article\" \/>\n<meta property=\"og:title\" content=\"Jahreskonzert am 07.05.2016 - Trachtenkapelle Gr\u00fcne J\u00e4ger e.V.\" \/>\n<meta property=\"og:description\" content=\"unser Programmflyer: klicken Sie hier! Bei jedem Muikser erh\u00e4ltlich: Eintrittskarten und Geschenkgutscheine (Premiumkarten) f\u00fcr unser Jahreskonzert: &nbsp;\" \/>\n<meta property=\"og:url\" content=\"https:\/\/gruene-jaeger.de\/?page_id=702\" \/>\n<meta property=\"og:site_name\" content=\"Trachtenkapelle Gr\u00fcne J\u00e4ger e.V.\" \/>\n<meta property=\"article:modified_time\" content=\"2018-03-14T08:48:34+00:00\" \/>\n<meta property=\"og:image\" content=\"http:\/\/gruene-jaeger.de\/wp-content\/uploads\/2015\/11\/Konzertplakt2016-212x300.jpg\" \/>\n<script type=\"application\/ld+json\" class=\"yoast-schema-graph\">{\"@context\":\"https:\\\/\\\/schema.org\",\"@graph\":[{\"@type\":\"WebPage\",\"@id\":\"https:\\\/\\\/gruene-jaeger.de\\\/?page_id=702\",\"url\":\"https:\\\/\\\/gruene-jaeger.de\\\/?page_id=702\",\"name\":\"Jahreskonzert am 07.05.2016 - Trachtenkapelle Gr\u00fcne J\u00e4ger e.V.\",\"isPartOf\":{\"@id\":\"https:\\\/\\\/gruene-jaeger.de\\\/#website\"},\"primaryImageOfPage\":{\"@id\":\"https:\\\/\\\/gruene-jaeger.de\\\/?page_id=702#primaryimage\"},\"image\":{\"@id\":\"https:\\\/\\\/gruene-jaeger.de\\\/?page_id=702#primaryimage\"},\"thumbnailUrl\":\"http:\\\/\\\/gruene-jaeger.de\\\/wp-content\\\/uploads\\\/2015\\\/11\\\/Konzertplakt2016-212x300.jpg\",\"datePublished\":\"2015-11-17T19:13:37+00:00\",\"dateModified\":\"2018-03-14T08:48:34+00:00\",\"breadcrumb\":{\"@id\":\"https:\\\/\\\/gruene-jaeger.de\\\/?page_id=702#breadcrumb\"},\"inLanguage\":\"de\",\"potentialAction\":[{\"@type\":\"ReadAction\",\"target\":[\"https:\\\/\\\/gruene-jaeger.de\\\/?page_id=702\"]}]},{\"@type\":\"ImageObject\",\"inLanguage\":\"de\",\"@id\":\"https:\\\/\\\/gruene-jaeger.de\\\/?page_id=702#primaryimage\",\"url\":\"http:\\\/\\\/gruene-jaeger.de\\\/wp-content\\\/uploads\\\/2015\\\/11\\\/Konzertplakt2016-212x300.jpg\",\"contentUrl\":\"http:\\\/\\\/gruene-jaeger.de\\\/wp-content\\\/uploads\\\/2015\\\/11\\\/Konzertplakt2016-212x300.jpg\"},{\"@type\":\"BreadcrumbList\",\"@id\":\"https:\\\/\\\/gruene-jaeger.de\\\/?page_id=702#breadcrumb\",\"itemListElement\":[{\"@type\":\"ListItem\",\"position\":1,\"name\":\"Home\",\"item\":\"https:\\\/\\\/gruene-jaeger.de\\\/\"},{\"@type\":\"ListItem\",\"position\":2,\"name\":\"Veranstaltungen\",\"item\":\"https:\\\/\\\/gruene-jaeger.de\\\/?page_id=31\"},{\"@type\":\"ListItem\",\"position\":3,\"name\":\"Jahreskonzert am 07.05.2016\"}]},{\"@type\":\"WebSite\",\"@id\":\"https:\\\/\\\/gruene-jaeger.de\\\/#website\",\"url\":\"https:\\\/\\\/gruene-jaeger.de\\\/\",\"name\":\"Trachtenkapelle Gr\u00fcne J\u00e4ger e.V.\",\"description\":\"Musikverein Neusatz - gegr. 1896\",\"publisher\":{\"@id\":\"https:\\\/\\\/gruene-jaeger.de\\\/#organization\"},\"potentialAction\":[{\"@type\":\"SearchAction\",\"target\":{\"@type\":\"EntryPoint\",\"urlTemplate\":\"https:\\\/\\\/gruene-jaeger.de\\\/?s={search_term_string}\"},\"query-input\":{\"@type\":\"PropertyValueSpecification\",\"valueRequired\":true,\"valueName\":\"search_term_string\"}}],\"inLanguage\":\"de\"},{\"@type\":\"Organization\",\"@id\":\"https:\\\/\\\/gruene-jaeger.de\\\/#organization\",\"name\":\"\\\"Gr\u00fcne J\u00e4ger\\\" Musikverein Neusatz e.V.\",\"url\":\"https:\\\/\\\/gruene-jaeger.de\\\/\",\"logo\":{\"@type\":\"ImageObject\",\"inLanguage\":\"de\",\"@id\":\"https:\\\/\\\/gruene-jaeger.de\\\/#\\\/schema\\\/logo\\\/image\\\/\",\"url\":\"http:\\\/\\\/gruene-jaeger.de\\\/wp-content\\\/uploads\\\/2015\\\/11\\\/Logo.png\",\"contentUrl\":\"http:\\\/\\\/gruene-jaeger.de\\\/wp-content\\\/uploads\\\/2015\\\/11\\\/Logo.png\",\"width\":500,\"height\":500,\"caption\":\"\\\"Gr\u00fcne J\u00e4ger\\\" Musikverein Neusatz e.V.\"},\"image\":{\"@id\":\"https:\\\/\\\/gruene-jaeger.de\\\/#\\\/schema\\\/logo\\\/image\\\/\"}}]}<\/script>\n<!-- \/ Yoast SEO plugin. -->","yoast_head_json":{"title":"Jahreskonzert am 07.05.2016 - Trachtenkapelle Gr\u00fcne J\u00e4ger e.V.","robots":{"index":"index","follow":"follow","max-snippet":"max-snippet:-1","max-image-preview":"max-image-preview:large","max-video-preview":"max-video-preview:-1"},"canonical":"https:\/\/gruene-jaeger.de\/?page_id=702","og_locale":"de_DE","og_type":"article","og_title":"Jahreskonzert am 07.05.2016 - Trachtenkapelle Gr\u00fcne J\u00e4ger e.V.","og_description":"unser Programmflyer: klicken Sie hier! Bei jedem Muikser erh\u00e4ltlich: Eintrittskarten und Geschenkgutscheine (Premiumkarten) f\u00fcr unser Jahreskonzert: &nbsp;","og_url":"https:\/\/gruene-jaeger.de\/?page_id=702","og_site_name":"Trachtenkapelle Gr\u00fcne J\u00e4ger e.V.","article_modified_time":"2018-03-14T08:48:34+00:00","og_image":[{"url":"http:\/\/gruene-jaeger.de\/wp-content\/uploads\/2015\/11\/Konzertplakt2016-212x300.jpg","type":"","width":"","height":""}],"schema":{"@context":"https:\/\/schema.org","@graph":[{"@type":"WebPage","@id":"https:\/\/gruene-jaeger.de\/?page_id=702","url":"https:\/\/gruene-jaeger.de\/?page_id=702","name":"Jahreskonzert am 07.05.2016 - Trachtenkapelle Gr\u00fcne J\u00e4ger e.V.","isPartOf":{"@id":"https:\/\/gruene-jaeger.de\/#website"},"primaryImageOfPage":{"@id":"https:\/\/gruene-jaeger.de\/?page_id=702#primaryimage"},"image":{"@id":"https:\/\/gruene-jaeger.de\/?page_id=702#primaryimage"},"thumbnailUrl":"http:\/\/gruene-jaeger.de\/wp-content\/uploads\/2015\/11\/Konzertplakt2016-212x300.jpg","datePublished":"2015-11-17T19:13:37+00:00","dateModified":"2018-03-14T08:48:34+00:00","breadcrumb":{"@id":"https:\/\/gruene-jaeger.de\/?page_id=702#breadcrumb"},"inLanguage":"de","potentialAction":[{"@type":"ReadAction","target":["https:\/\/gruene-jaeger.de\/?page_id=702"]}]},{"@type":"ImageObject","inLanguage":"de","@id":"https:\/\/gruene-jaeger.de\/?page_id=702#primaryimage","url":"http:\/\/gruene-jaeger.de\/wp-content\/uploads\/2015\/11\/Konzertplakt2016-212x300.jpg","contentUrl":"http:\/\/gruene-jaeger.de\/wp-content\/uploads\/2015\/11\/Konzertplakt2016-212x300.jpg"},{"@type":"BreadcrumbList","@id":"https:\/\/gruene-jaeger.de\/?page_id=702#breadcrumb","itemListElement":[{"@type":"ListItem","position":1,"name":"Home","item":"https:\/\/gruene-jaeger.de\/"},{"@type":"ListItem","position":2,"name":"Veranstaltungen","item":"https:\/\/gruene-jaeger.de\/?page_id=31"},{"@type":"ListItem","position":3,"name":"Jahreskonzert am 07.05.2016"}]},{"@type":"WebSite","@id":"https:\/\/gruene-jaeger.de\/#website","url":"https:\/\/gruene-jaeger.de\/","name":"Trachtenkapelle Gr\u00fcne J\u00e4ger e.V.","description":"Musikverein Neusatz - gegr. 1896","publisher":{"@id":"https:\/\/gruene-jaeger.de\/#organization"},"potentialAction":[{"@type":"SearchAction","target":{"@type":"EntryPoint","urlTemplate":"https:\/\/gruene-jaeger.de\/?s={search_term_string}"},"query-input":{"@type":"PropertyValueSpecification","valueRequired":true,"valueName":"search_term_string"}}],"inLanguage":"de"},{"@type":"Organization","@id":"https:\/\/gruene-jaeger.de\/#organization","name":"\"Gr\u00fcne J\u00e4ger\" Musikverein Neusatz e.V.","url":"https:\/\/gruene-jaeger.de\/","logo":{"@type":"ImageObject","inLanguage":"de","@id":"https:\/\/gruene-jaeger.de\/#\/schema\/logo\/image\/","url":"http:\/\/gruene-jaeger.de\/wp-content\/uploads\/2015\/11\/Logo.png","contentUrl":"http:\/\/gruene-jaeger.de\/wp-content\/uploads\/2015\/11\/Logo.png","width":500,"height":500,"caption":"\"Gr\u00fcne J\u00e4ger\" Musikverein Neusatz e.V."},"image":{"@id":"https:\/\/gruene-jaeger.de\/#\/schema\/logo\/image\/"}}]}},"ticketed":false,"_links":{"self":[{"href":"https:\/\/gruene-jaeger.de\/index.php?rest_route=\/wp\/v2\/pages\/702","targetHints":{"allow":["GET"]}}],"collection":[{"href":"https:\/\/gruene-jaeger.de\/index.php?rest_route=\/wp\/v2\/pages"}],"about":[{"href":"https:\/\/gruene-jaeger.de\/index.php?rest_route=\/wp\/v2\/types\/page"}],"author":[{"embeddable":true,"href":"https:\/\/gruene-jaeger.de\/index.php?rest_route=\/wp\/v2\/users\/1"}],"replies":[{"embeddable":true,"href":"https:\/\/gruene-jaeger.de\/index.php?rest_route=%2Fwp%2Fv2%2Fcomments&post=702"}],"version-history":[{"count":8,"href":"https:\/\/gruene-jaeger.de\/index.php?rest_route=\/wp\/v2\/pages\/702\/revisions"}],"predecessor-version":[{"id":892,"href":"https:\/\/gruene-jaeger.de\/index.php?rest_route=\/wp\/v2\/pages\/702\/revisions\/892"}],"up":[{"embeddable":true,"href":"https:\/\/gruene-jaeger.de\/index.php?rest_route=\/wp\/v2\/pages\/31"}],"wp:attachment":[{"href":"https:\/\/gruene-jaeger.de\/index.php?rest_route=%2Fwp%2Fv2%2Fmedia&parent=702"}],"curies":[{"name":"wp","href":"https:\/\/api.w.org\/{rel}","templated":true}]}}