{"id":7,"date":"2013-02-06T22:08:09","date_gmt":"2013-02-06T20:08:09","guid":{"rendered":"http:\/\/wp.gruene-jaeger.de\/?page_id=7"},"modified":"2024-11-09T22:34:42","modified_gmt":"2024-11-09T21:34:42","slug":"news","status":"publish","type":"page","link":"https:\/\/gruene-jaeger.de\/?page_id=7","title":{"rendered":"Aktuell"},"content":{"rendered":"<ul class=\"display-posts-listing\"><li class=\"listing-item\"><a class=\"title\" href=\"https:\/\/gruene-jaeger.de\/?p=3887\">Unser Jahreskonzert 2026<\/a><div class=\"content\"><div class=\"wp-block-image\">\n<figure class=\"aligncenter size-large is-resized\"><img decoding=\"async\" src=\"https:\/\/gruene-jaeger.de\/wp-content\/uploads\/2026\/04\/PlakatKonzert2026.png\" alt=\"\" style=\"aspect-ratio:0.6468796813011342;width:536px;height:auto\"\/><\/figure>\n<\/div>\n\n\n<p><\/p>\n\n\n\n\n\n\n\n<p class=\"has-text-align-center wp-block-paragraph\">Die Trachtenkapelle \u201eGR\u00dcNE J\u00c4GER\u201c \u00a0l\u00e4dt ein zum Konzert <br> <strong>am Samstag, 9. Mai um 19.30 Uhr in der Schlossberghalle<\/strong><\/p>\n\n\n\n<p class=\"wp-block-paragraph\">\u201eGolden Moments\u201c &#8211; unser Jahreskonzert steht im Zeichen unserer Goldlinge, die im Herbst letzten Jahres mit Bravour das Leistungsabzeichen in Gold beim Bund Deutscher Blasmusikverb\u00e4nde abgelegt haben. Mit ihren Solos bei einer virtuosen Fantasy zu \u201eCarmen\u201c von Bizet, dem emotionalen Musicalsong \u201eMemory\u201c von Andrew L. Webber und dem temperamentvollen \u201eTico Tico\u201c werden sie eindrucksvoll ihr K\u00f6nnen unter Beweis stellen!<br><br>Die Gr\u00fcnen J\u00e4ger unter Leitung von Bianca Seifermann bereiten sich bereits seit Wochen intensiv auf ihren gro\u00dfen Abend vor. \u201eThe Legend of Maracaibo\u201c, ein Portrait \u00fcber die sagenumwobene Galeone und deren Untergang bei der Seeschlacht von Vigo oder \u201eSymphonic Rock\u201c ein Medley mit der legend\u00e4ren Musik von Queen und Genesis zeigen das breite Spektrum der Blasmusik auf. <br>Unser wiederbelebtes Jugendorchester \u201eLittle Green Hunters\u201c unter neuer Leitung von Valerie W\u00f6hrle gestaltet den ersten Teil des Abends mit jugendlicher Leichtigkeit. <\/p>\n\n\n\n<p class=\"wp-block-paragraph\">Freuen wir uns auf einen mitrei\u00dfenden Konzertabend in der prachtvoll dekorierten Schlossberghalle und im Anschluss gerne ein Gl\u00e4schen Sekt oder Wein im Kreise der Gr\u00fcnen J\u00e4ger!<br><br>PS: Konzertkarten k\u00f6nnen bei allen Musikern und Musikerinnen erworben werden! (Jugendliche bis zum vollendeten 15-ten Lebensjahr haben freien Eintritt)<\/p>\n<\/div><\/li><li class=\"listing-item\"><a class=\"title\" href=\"https:\/\/gruene-jaeger.de\/?p=3818\">Unser erfolgreiches Quartett beim Leistungsabzeichen JMLA Gold<\/a><div class=\"content\">\n<p>In den Herbstferien findet traditionell der einw\u00f6chige Kurs zum Jungmusikleistungsabzeichen (JMLA) in Gold statt. Das JMLA in Gold best\u00e4tigt die solistisch-musikalische Reife junger Talente und ist die h\u00f6chste Auszeichnung der Bl\u00e4serjugend im Bund Deutscher Blasmusikverb\u00e4nde (BDB). Es bedeutet einen H\u00f6hepunkt der musikalischen Laufbahn und er\u00f6ffnet die M\u00f6glichkeit f\u00fcr weitere Vertiefungen, wie Ausbildung zum Dirigenten oder gar ein Studium der Musik. Die Pr\u00fcfung umfasst die 3 Bereiche Musiktheorie, Geh\u00f6rbildung und Praxis.<\/p>\n<p>Bei den Gr\u00fcnen J\u00e4gern gibt es bereits eine Handvoll von Absolventen dieser h\u00f6chsten Leistungsstufe, einer der Grundsteine f\u00fcr die hohe musikalische Qualit\u00e4t unseres Musikvereines. Doch nun wagte sich zum ersten Mal in unserer Vereinsgeschichte ein Quartett aus vier jungen Musikern an dieses Unterfangen: Sophia Kern und Simeon Bro\u00df an der Querfl\u00f6te, sowie Valerie W\u00f6hrle und David Margstein am Saxofon. Und tats\u00e4chlich &#8211; nach Bestehen einer kurzen Vorpr\u00fcfung \u00fcber den musikalischen Leistungsstand war es Gewissheit: Die vier waren am Start und bei einem Erfolg w\u00fcrde sich die Anzahl der Goldtr\u00e4ger bei den Gr\u00fcnen J\u00e4gern fast verdoppeln!<\/p>\n<p>So machten sich unsere vier mutigen Talente auf die Fahrt zur Musikakademie in Staufen bei Freiburg. Alle hatten sich im Selbststudium bereits Wochen vorher vorbereitet, doch nun folgten intensive und anstrengenden Vertiefungstage mit Vortr\u00e4gen namhafter Dozenten und Musizieren bis in den sp\u00e4ten Abend.<\/p>\n<p>Die Pr\u00fcfung bestand aus drei Bereichen<\/p>\n<ul>\n<li>Theoretische Pr\u00fcfung (Musiklehre) mit Fragen zu Musiklehre, Stilkunde, Vortragslehre und Fachbezeichnungen.<\/li>\n<li>Rhythmik und Geh\u00f6rbildung mit Intervall- und Akkordbestimmung, sowie Rhythmus und Melodiediktate.<\/li>\n<li>Instrumentalspiel (praktischer Teil): Tonleiterpr\u00fcfung und Vorspiel von zwei anspruchsvollen Einzelst\u00fccken mit Klavierbegleitung vor einer Pr\u00fcfungskommission.<\/li>\n<\/ul>\n<p>Am Donnerstagabend stand es dann fest: alle vier hatten mit Bravour bestanden! <br>Simeon Bro\u00df erreichte sogar die magische H\u00f6chstpunktzahl in allen drei Pr\u00fcfungsbereichen und wurde zum Jahrgangsbesten gekr\u00f6nt!<\/p>\n<p>Wir freuen uns mit unseren vier Goldm\u00e4dels und -Jungs und sind m\u00e4chtig stolz auf diesen Erfolg!<\/p>\n\n\n\n<figure class=\"wp-block-image size-large\"><a href=\"https:\/\/gruene-jaeger.de\/wp-content\/uploads\/2025\/11\/JMLAGold_4AbsolventenAmPruefungsabendImProbenlokal-1.jpg\"><img loading=\"lazy\" decoding=\"async\" width=\"1024\" height=\"956\" src=\"https:\/\/gruene-jaeger.de\/wp-content\/uploads\/2025\/11\/JMLAGold_4AbsolventenAmPruefungsabendImProbenlokal-1-1024x956.jpg\" alt=\"\" class=\"wp-image-3822\" srcset=\"https:\/\/gruene-jaeger.de\/wp-content\/uploads\/2025\/11\/JMLAGold_4AbsolventenAmPruefungsabendImProbenlokal-1-1024x956.jpg 1024w, https:\/\/gruene-jaeger.de\/wp-content\/uploads\/2025\/11\/JMLAGold_4AbsolventenAmPruefungsabendImProbenlokal-1-300x280.jpg 300w, https:\/\/gruene-jaeger.de\/wp-content\/uploads\/2025\/11\/JMLAGold_4AbsolventenAmPruefungsabendImProbenlokal-1-768x717.jpg 768w, https:\/\/gruene-jaeger.de\/wp-content\/uploads\/2025\/11\/JMLAGold_4AbsolventenAmPruefungsabendImProbenlokal-1-1536x1433.jpg 1536w, https:\/\/gruene-jaeger.de\/wp-content\/uploads\/2025\/11\/JMLAGold_4AbsolventenAmPruefungsabendImProbenlokal-1-322x300.jpg 322w, https:\/\/gruene-jaeger.de\/wp-content\/uploads\/2025\/11\/JMLAGold_4AbsolventenAmPruefungsabendImProbenlokal-1.jpg 1600w\" sizes=\"auto, (max-width: 1024px) 100vw, 1024px\" \/><\/a><\/figure>\n\n\n\n<p>&nbsp; &nbsp; &nbsp; &nbsp; &nbsp; &nbsp; &nbsp; &nbsp; &nbsp; &nbsp; &nbsp; &nbsp; &nbsp; &nbsp; &nbsp; Unsere Goldm\u00e4dels und-Jungs<\/p>\n\n\n\n<p style=\"text-align: center;\"><strong>Verleihung der JMLA Abzeichen im Kurhaus &#8222;Alde Gott&#8220;\u00a0<\/strong><\/p>\n<p>Am Sonntag, den 11.1.2026 fand die traditionelle Verleihung der JMLA des Acher-Renchtal-Musikverbandes im Kurhaus &#8222;Alde Gott&#8220; in Sasbachwalden statt. Nat\u00fcrlich waren unsere f\u00fcr Goldlinge mit dabei! -und als Youngster Amelie Kern mit dem JMLA Bronze am Saxophon.<\/p>\n<p><img decoding=\"async\" src=\"https:\/\/gruene-jaeger.de\/wp-content\/uploads\/2026\/01\/VerleihungJMLAGold_Sasbachwalden_26.1.11-225x300.jpg\" \/>\u00a0 \u00a0 \u00a0 \u00a0 \u00a0 <img decoding=\"async\" src=\"https:\/\/gruene-jaeger.de\/wp-content\/uploads\/2026\/01\/VerleihungJMLA_Sasbachwalden26.1.11-300x225.jpg\" \/><\/p>\n\n\n<\/div><\/li><li class=\"listing-item\"><a class=\"title\" href=\"https:\/\/gruene-jaeger.de\/?p=3796\">Nachklang unseres Jahreskonzertes<\/a><div class=\"content\">\n<p><strong>Die Gr\u00fcne J\u00e4ger stellten sich dem musikalischen Duell der Elemente \u201eFeuer und Wasser\u201c mit Bravour<\/strong><\/p>\n<p>Eine beeindruckende Musik erlebten die Besucher beim Jahreskonzert der Gr\u00fcnen J\u00e4ger. Den musikalischen Auftakt \u00fcbernahm die Bl\u00e4serklasse der Grundschule Neusatz, unter der Leitung von Joachim <span class=\"sc-wrong\">Oswald<\/span>. In der Bl\u00e4serklasse wird der musikalische Nachwuchs der Gr\u00fcnen J\u00e4ger gef\u00f6rdert und ein Hauptziel ist es, Spa\u00df und Freude beim Musizieren zu vermitteln.<br \/>\u00a0<br \/>Im Anschluss begr\u00fc\u00dfte Marc <span class=\"sc-wrong\">Heyduck<\/span>, 1. Vorsitzender der Gr\u00fcnen J\u00e4ger die G\u00e4ste. Dann geh\u00f6rte die B\u00fchne den Gr\u00fcnen J\u00e4gern. Die Moderation des Abends \u00fcbernahm &#8222;Pascal <span class=\"sc-wrong\">Fournier<\/span>&#8222;, ein Profi auf diesem Gebiet. Mit kleinen Anekdoten zu den St\u00fccken f\u00fchrte er das Publikum gekonnt durch den Abend. \u00a0Passend zum Thema &#8222;Flammen &amp; Feuer&#8220; entz\u00fcndete die Kapelle im 1. Teil ein fantastisches Feuerwerk. <span class=\"sc-wrong\">Bianca<\/span> Seifermann, die Dirigentin des Orchesters, hatte eine exzellente Musikauswahl getroffen und die anspruchsvollen Werke passgenau einstudiert. Da brodelte der Vulkan &#8220; <span class=\"sc-wrong\">Vesuv&#8220; <\/span>beim Musikst\u00fcck &#8222;Pompeji&#8220; oder es wurden T\u00f6ne auf einem Amboss geschmiedet, wie bei der Polka &#8222;Feuerfest&#8220; von Josef Strau\u00df. Beim Musikst\u00fcck &#8222;<span class=\"sc-wrong\">Concertino<\/span> <span class=\"sc-wrong\">op<\/span>.262 von Carl Maria von Weber durfte das Publikum ein beeindruckendes Klarinettensolo genie\u00dfen. Die Solistin war Sarah Leppert, die spieltechnisch brillant und ausdrucksstark die Solopassagen meisterte. <br \/><br \/>Nach dieser wunderbaren Musik stand f\u00fcr Helmut <span class=\"sc-wrong\">Krampfert<\/span>, Ehrenvorsitzenden bei den Gr\u00fcnen J\u00e4gern, eine besondere Ehrung f\u00fcr seine 60-j\u00e4hrige aktive Musikert\u00e4tigkeit auf dem Programm. Klaus-Peter Mungenast, Vizepr\u00e4sident des Bundesverbands Deutscher Blasmusikverb\u00e4nde, w\u00fcrdigte seine Verdienste und verlieh ihm die goldene Ehrennadel mit Diamant.<br \/>\u00a0<br \/>Im 2. Teil widmeten sich die Gr\u00fcnen J\u00e4ger und ihre Dirigentin dem Thema &#8222;Wasser&#8220;. Das Musikst\u00fcck *Noah&#8217;s <span class=\"sc-wrong\">Ark<\/span>* (Die Arche Noah), vom Komponist Bert <span class=\"sc-wrong\">Appermont<\/span>, basiert auf der bekannten biblischen Geschichte, in welcher Noah eine Arche baut, um zusammen mit den Tieren der Sintflut zu entkommen. \u00a0Bei den Hits der Band <span class=\"sc-wrong\">Blood<\/span>,<span class=\"sc-wrong\"> Sweat<\/span> und <span class=\"sc-wrong\">Tears<\/span> wurde es rockig und fetzig. Bei den Zugaben gab es dann auch traditionelle Blasmusik.<\/p>\n<p>Die Besucher durften einen fantastischen Musikabend erleben. <br \/>Die Gr\u00fcnen J\u00e4ger danken allen G\u00e4sten,\u00a0Helfern u. Unterst\u00fctzern des Vereins.<\/p>\n<\/div><\/li><li class=\"listing-item\"><a class=\"title\" href=\"https:\/\/gruene-jaeger.de\/?p=3764\">Unser Jahreskonzert am Vorabend des Muttertages<\/a><div class=\"content\">\n<figure class=\"wp-block-image size-large\"><a href=\"https:\/\/gruene-jaeger.de\/wp-content\/uploads\/2025\/04\/Plakat-Konzert_2025_AufloesungNiedrig_72dpi.jpg\"><img loading=\"lazy\" decoding=\"async\" width=\"724\" height=\"1024\" src=\"https:\/\/gruene-jaeger.de\/wp-content\/uploads\/2025\/04\/Plakat-Konzert_2025_AufloesungNiedrig_72dpi-724x1024.jpg\" alt=\"\" class=\"wp-image-3789\" srcset=\"https:\/\/gruene-jaeger.de\/wp-content\/uploads\/2025\/04\/Plakat-Konzert_2025_AufloesungNiedrig_72dpi-724x1024.jpg 724w, https:\/\/gruene-jaeger.de\/wp-content\/uploads\/2025\/04\/Plakat-Konzert_2025_AufloesungNiedrig_72dpi-212x300.jpg 212w, https:\/\/gruene-jaeger.de\/wp-content\/uploads\/2025\/04\/Plakat-Konzert_2025_AufloesungNiedrig_72dpi-768x1086.jpg 768w, https:\/\/gruene-jaeger.de\/wp-content\/uploads\/2025\/04\/Plakat-Konzert_2025_AufloesungNiedrig_72dpi.jpg 842w\" sizes=\"auto, (max-width: 724px) 100vw, 724px\" \/><\/a><\/figure>\n\n\n\n<p>Wir -die Musiker und Musikerinnen der Trachtenkapelle Gr\u00fcne J\u00e4ger- stecken mitten in den Vorbereitungen auf unser Muttertagskonzert Anfang Mai in der Schlossberghalle. Seit Wochen wird kr\u00e4ftig in Gesamt- oder Registerproben, aber auch im stillen K\u00e4mmerchen zu hause geprobt.<\/p>\n<p>Was erwartet euch? Wie immer einige \u00dcberraschungen, eine tolle Atmosph\u00e4re und viel &#8222;Gr\u00fcne J\u00e4ger Sound&#8220;.\u00a0<br \/>Flammen und Wellen \u2013 ein musikalisches Duell lautet das Motto unseres Konzertes. Die klangvolle Er\u00f6ffnungsfanfare beim Einzug der olympischen Fackel 1984 in Los Angeles symbolisiert den Feuerpart, wie auch \u201ePompeji\u201c von Mario B\u00fcrki, die schicksalhafte Vertonung des Unterganges der r\u00f6mischen Stadt beim Ausbruch des Vesuvs vor \u00fcber 2000 Jahren.<br \/>\u201eNoah\u2019s Arche\u201c beschreibt mit monumentalen Klangimpressionen die biblische Geschichte um die Sintflut mit Sturm und Wellen. Die Oscar gekr\u00f6nte Filmmusik zum bezaubernden Disney-Zeichentrickfilm \u201eDie kleine Meerjungfrau\u201c mir perlenden L\u00e4ufen des Holzregisters weckt die Sehnsucht nach der See.<br \/>Wer wird bei unserem musikalischen Duell gewinnen? \u2013 ganz sicher unsere Zuh\u00f6rer, die ein beeindruckender Konzertabend erwartet!<\/p>\n<p>Zum ersten Mal wird unsere Bl\u00e4serklasse (eine Kooperation der Gr\u00fcnen J\u00e4ger und der Grundschule Neusatz) unter der Leitung von Joachim Osswald das Konzert er\u00f6ffnen! <br \/>Freuen wir uns auf einen fesselnden Konzertabend in der bezaubernd dekorierten Schlossberghalle und im Anschluss gerne ein Gl\u00e4schen Sekt oder Wein im Kreise der Gr\u00fcnen J\u00e4ger!<\/p>\n<p><br \/>PS:\u00a0 Konzertkarten k\u00f6nnen bei allen Musikern und Musikerinnen erworben werden! (Jugendliche bis zum vollendeten 15-ten Lebensjahr haben freien Eintritt)<\/p>\n\n\n\n<figure class=\"wp-block-image size-large\"><a href=\"https:\/\/gruene-jaeger.de\/wp-content\/uploads\/2025\/04\/Eintrittskarten_Konzert2025_V1.png\"><img loading=\"lazy\" decoding=\"async\" width=\"1024\" height=\"784\" src=\"https:\/\/gruene-jaeger.de\/wp-content\/uploads\/2025\/04\/Eintrittskarten_Konzert2025_V1-1024x784.png\" alt=\"\" class=\"wp-image-3768\" srcset=\"https:\/\/gruene-jaeger.de\/wp-content\/uploads\/2025\/04\/Eintrittskarten_Konzert2025_V1-1024x784.png 1024w, https:\/\/gruene-jaeger.de\/wp-content\/uploads\/2025\/04\/Eintrittskarten_Konzert2025_V1-300x230.png 300w, https:\/\/gruene-jaeger.de\/wp-content\/uploads\/2025\/04\/Eintrittskarten_Konzert2025_V1-768x588.png 768w, https:\/\/gruene-jaeger.de\/wp-content\/uploads\/2025\/04\/Eintrittskarten_Konzert2025_V1-1536x1176.png 1536w, https:\/\/gruene-jaeger.de\/wp-content\/uploads\/2025\/04\/Eintrittskarten_Konzert2025_V1-2048x1567.png 2048w, https:\/\/gruene-jaeger.de\/wp-content\/uploads\/2025\/04\/Eintrittskarten_Konzert2025_V1-392x300.png 392w\" sizes=\"auto, (max-width: 1024px) 100vw, 1024px\" \/><\/a><\/figure>\n<\/div><\/li><li class=\"listing-item\"><a class=\"title\" href=\"https:\/\/gruene-jaeger.de\/?p=3740\">Silvesteraktion &#8211; verschenke einen musikalischen Gru\u00df<\/a><div class=\"content\">\n<figure class=\"wp-block-image size-large\"><a href=\"https:\/\/gruene-jaeger.de\/wp-content\/uploads\/2024\/11\/Werbeaktion_Silvesterstaendchen2024-2.png\"><img loading=\"lazy\" decoding=\"async\" width=\"1024\" height=\"531\" src=\"https:\/\/gruene-jaeger.de\/wp-content\/uploads\/2024\/11\/Werbeaktion_Silvesterstaendchen2024-2-1024x531.png\" alt=\"\" class=\"wp-image-3747\" srcset=\"https:\/\/gruene-jaeger.de\/wp-content\/uploads\/2024\/11\/Werbeaktion_Silvesterstaendchen2024-2-1024x531.png 1024w, https:\/\/gruene-jaeger.de\/wp-content\/uploads\/2024\/11\/Werbeaktion_Silvesterstaendchen2024-2-300x156.png 300w, https:\/\/gruene-jaeger.de\/wp-content\/uploads\/2024\/11\/Werbeaktion_Silvesterstaendchen2024-2-768x398.png 768w, https:\/\/gruene-jaeger.de\/wp-content\/uploads\/2024\/11\/Werbeaktion_Silvesterstaendchen2024-2-1536x796.png 1536w, https:\/\/gruene-jaeger.de\/wp-content\/uploads\/2024\/11\/Werbeaktion_Silvesterstaendchen2024-2-500x259.png 500w, https:\/\/gruene-jaeger.de\/wp-content\/uploads\/2024\/11\/Werbeaktion_Silvesterstaendchen2024-2.png 2035w\" sizes=\"auto, (max-width: 1024px) 100vw, 1024px\" \/><\/a><\/figure>\n\n\n\n<p>In K\u00fcrze steht Silvester vor der T\u00fcr und eure Gr\u00fcnen J\u00e4ger werden traditionell ihren passiven Mitgliedern wieder einen musikalischen Gru\u00df direkt an der Haust\u00fcr \u00fcberbringen.<\/p>\n<p>Doch dieses Jahr haben wir uns etwas Besonderes einfallen lassen! Vielleicht sucht ihr noch eine kleine \u00dcberraschung f\u00fcr gute Bekannte, eure neuen Nachbarn oder ein Mitglied eurer eigenen Familie?<br \/>Wir haben die Idee: Verschenkt doch einfach einen musikalischen Silvestergru\u00df der Gr\u00fcnen J\u00e4ger!<\/p>\n<p>Wie es geht &#8211; ganz einfach:\u00a0 <br \/><strong>Anleitung zum Verschenken eines musikalischen Silvestergru\u00dfes\u00a0<\/strong><strong>durch die Gr\u00fcnen J\u00e4ger<\/strong><\/p>\n<ol>\n<li>PDF-Datei downloaden und ausdrucken<br \/><a href=\"https:\/\/gruene-jaeger.de\/wp-content\/uploads\/2024\/11\/Werbeschreiben_Staendchenaktion2024.pdf\">Werbeschreiben_St\u00e4ndchenaktion2024<\/a><\/li>\n<li>Name und Adresse der Familie \/ Person, die mit dem Silvester-st\u00e4ndchen \u00fcberrascht werden soll auf der Vorderseite eintragen<br \/><em>Wichtig: Adresse muss in Neusatz sein!<\/em><\/li>\n<li>Einen kurzen Neujahrswunsch und euren Namen hinzuf\u00fcgen<\/li>\n<li>Das ausgef\u00fcllte Formular zusammen mit <strong>\u20ac 20,- <\/strong>in einen Briefumschlag stecken und bei einem Musiker\/Musikerin oder bei unseren Vorst\u00e4nden <strong>bis sp\u00e4testens 27.12.24 <\/strong>abgeben<br \/>\u00a0\u00a0\u00a0\u00a0\u00a0\u00a0\u00a0\u00a0\u00a0\u00a0 Marc Heyduck\u00a0 \u00a0 \u00a0 \u00a0 \u00a0 \u00a0 \u00a0 \u00a0 \u00a0 \u00a0 \u00a0 \u00a0 \u00a0 \u00a0 \u00a0 \u00a0 Simone Zink<br \/>\u00a0 \u00a0 \u00a0 \u00a0 \u00a0 \u00a0Schwarzwaldstr. 39\u00a0\u00a0\u00a0\u00a0\u00a0\u00a0\u00a0\u00a0\u00a0\u00a0\u00a0\u00a0 \u00a0\u00a0\u00a0\u00a0\u00a0\u00a0\u00a0\u00a0\u00a0\u00a0\u00a0 Schwarzwaldstr. 111<br \/>\u00a0 \u00a0 \u00a0 \u00a0 \u00a0 \u00a077815 B\u00fchl-Neusatz\u00a0\u00a0\u00a0\u00a0\u00a0\u00a0\u00a0\u00a0\u00a0\u00a0\u00a0\u00a0\u00a0\u00a0\u00a0\u00a0\u00a0\u00a0\u00a0\u00a0\u00a0\u00a0 77815 B\u00fchl-Neusatz<\/li>\n<li>Wir (die Gr\u00fcnen J\u00e4ger) spielen an Silvester ein kurzes musikalisches St\u00e4ndchen bei der Familie \/ Person und \u00fcberbringen diese Karte mit euren Neujahrsw\u00fcnschen<\/li>\n<\/ol>\n<p>Alles klar &#8211; dann viel Spa\u00df beim Freude verschenken!<\/p>\n<p><em>Eure Gr\u00fcnen J\u00e4ger<\/em><\/p>\n<\/div><\/li><\/ul>\n","protected":false},"excerpt":{"rendered":"","protected":false},"author":1,"featured_media":0,"parent":0,"menu_order":0,"comment_status":"closed","ping_status":"closed","template":"sidebar-page.php","meta":{"_acf_changed":false,"_crdt_document":"","ngg_post_thumbnail":0,"_price":"","_stock":"","_tribe_ticket_header":"","_tribe_default_ticket_provider":"","_tribe_ticket_capacity":"0","_ticket_start_date":"","_ticket_end_date":"","_tribe_ticket_show_description":"","_tribe_ticket_show_not_going":false,"_tribe_ticket_use_global_stock":"","_tribe_ticket_global_stock_level":"","_global_stock_mode":"","_global_stock_cap":"","_tribe_rsvp_for_event":"","_tribe_ticket_going_count":"","_tribe_ticket_not_going_count":"","_tribe_tickets_list":"[]","_tribe_ticket_has_attendee_info_fields":false,"footnotes":"","_tec_slr_enabled":"","_tec_slr_layout":""},"class_list":["post-7","page","type-page","status-publish","hentry"],"acf":[],"yoast_head":"<!-- This site is optimized with the Yoast SEO plugin v27.6 - https:\/\/yoast.com\/product\/yoast-seo-wordpress\/ -->\n<title>Aktuell - Trachtenkapelle Gr\u00fcne J\u00e4ger e.V.<\/title>\n<meta name=\"description\" content=\"aktuelles rund um das Vereinsleben der &quot;Gr\u00fcnen J\u00e4ger&quot;\" \/>\n<meta name=\"robots\" content=\"index, follow, max-snippet:-1, max-image-preview:large, max-video-preview:-1\" \/>\n<link rel=\"canonical\" href=\"https:\/\/gruene-jaeger.de\/?page_id=7\" \/>\n<meta property=\"og:locale\" content=\"de_DE\" \/>\n<meta property=\"og:type\" content=\"article\" \/>\n<meta property=\"og:title\" content=\"Aktuell - Trachtenkapelle Gr\u00fcne J\u00e4ger e.V.\" \/>\n<meta property=\"og:description\" content=\"aktuelles rund um das Vereinsleben der &quot;Gr\u00fcnen J\u00e4ger&quot;\" \/>\n<meta property=\"og:url\" content=\"https:\/\/gruene-jaeger.de\/?page_id=7\" \/>\n<meta property=\"og:site_name\" content=\"Trachtenkapelle Gr\u00fcne J\u00e4ger e.V.\" \/>\n<meta property=\"article:modified_time\" content=\"2024-11-09T21:34:42+00:00\" \/>\n<meta name=\"twitter:label1\" content=\"Gesch\u00e4tzte Lesezeit\" \/>\n\t<meta name=\"twitter:data1\" content=\"1\u00a0Minute\" \/>\n<script type=\"application\/ld+json\" class=\"yoast-schema-graph\">{\"@context\":\"https:\\\/\\\/schema.org\",\"@graph\":[{\"@type\":\"WebPage\",\"@id\":\"https:\\\/\\\/gruene-jaeger.de\\\/?page_id=7\",\"url\":\"https:\\\/\\\/gruene-jaeger.de\\\/?page_id=7\",\"name\":\"Aktuell - Trachtenkapelle Gr\u00fcne J\u00e4ger e.V.\",\"isPartOf\":{\"@id\":\"https:\\\/\\\/gruene-jaeger.de\\\/#website\"},\"datePublished\":\"2013-02-06T20:08:09+00:00\",\"dateModified\":\"2024-11-09T21:34:42+00:00\",\"description\":\"aktuelles rund um das Vereinsleben der \\\"Gr\u00fcnen J\u00e4ger\\\"\",\"breadcrumb\":{\"@id\":\"https:\\\/\\\/gruene-jaeger.de\\\/?page_id=7#breadcrumb\"},\"inLanguage\":\"de\",\"potentialAction\":[{\"@type\":\"ReadAction\",\"target\":[\"https:\\\/\\\/gruene-jaeger.de\\\/?page_id=7\"]}]},{\"@type\":\"BreadcrumbList\",\"@id\":\"https:\\\/\\\/gruene-jaeger.de\\\/?page_id=7#breadcrumb\",\"itemListElement\":[{\"@type\":\"ListItem\",\"position\":1,\"name\":\"Home\",\"item\":\"https:\\\/\\\/gruene-jaeger.de\\\/\"},{\"@type\":\"ListItem\",\"position\":2,\"name\":\"Aktuell\"}]},{\"@type\":\"WebSite\",\"@id\":\"https:\\\/\\\/gruene-jaeger.de\\\/#website\",\"url\":\"https:\\\/\\\/gruene-jaeger.de\\\/\",\"name\":\"Trachtenkapelle Gr\u00fcne J\u00e4ger e.V.\",\"description\":\"Musikverein Neusatz - gegr. 1896\",\"publisher\":{\"@id\":\"https:\\\/\\\/gruene-jaeger.de\\\/#organization\"},\"potentialAction\":[{\"@type\":\"SearchAction\",\"target\":{\"@type\":\"EntryPoint\",\"urlTemplate\":\"https:\\\/\\\/gruene-jaeger.de\\\/?s={search_term_string}\"},\"query-input\":{\"@type\":\"PropertyValueSpecification\",\"valueRequired\":true,\"valueName\":\"search_term_string\"}}],\"inLanguage\":\"de\"},{\"@type\":\"Organization\",\"@id\":\"https:\\\/\\\/gruene-jaeger.de\\\/#organization\",\"name\":\"\\\"Gr\u00fcne J\u00e4ger\\\" Musikverein Neusatz e.V.\",\"url\":\"https:\\\/\\\/gruene-jaeger.de\\\/\",\"logo\":{\"@type\":\"ImageObject\",\"inLanguage\":\"de\",\"@id\":\"https:\\\/\\\/gruene-jaeger.de\\\/#\\\/schema\\\/logo\\\/image\\\/\",\"url\":\"http:\\\/\\\/gruene-jaeger.de\\\/wp-content\\\/uploads\\\/2015\\\/11\\\/Logo.png\",\"contentUrl\":\"http:\\\/\\\/gruene-jaeger.de\\\/wp-content\\\/uploads\\\/2015\\\/11\\\/Logo.png\",\"width\":500,\"height\":500,\"caption\":\"\\\"Gr\u00fcne J\u00e4ger\\\" Musikverein Neusatz e.V.\"},\"image\":{\"@id\":\"https:\\\/\\\/gruene-jaeger.de\\\/#\\\/schema\\\/logo\\\/image\\\/\"}}]}<\/script>\n<!-- \/ Yoast SEO plugin. -->","yoast_head_json":{"title":"Aktuell - Trachtenkapelle Gr\u00fcne J\u00e4ger e.V.","description":"aktuelles rund um das Vereinsleben der \"Gr\u00fcnen J\u00e4ger\"","robots":{"index":"index","follow":"follow","max-snippet":"max-snippet:-1","max-image-preview":"max-image-preview:large","max-video-preview":"max-video-preview:-1"},"canonical":"https:\/\/gruene-jaeger.de\/?page_id=7","og_locale":"de_DE","og_type":"article","og_title":"Aktuell - Trachtenkapelle Gr\u00fcne J\u00e4ger e.V.","og_description":"aktuelles rund um das Vereinsleben der \"Gr\u00fcnen J\u00e4ger\"","og_url":"https:\/\/gruene-jaeger.de\/?page_id=7","og_site_name":"Trachtenkapelle Gr\u00fcne J\u00e4ger e.V.","article_modified_time":"2024-11-09T21:34:42+00:00","twitter_misc":{"Gesch\u00e4tzte Lesezeit":"1\u00a0Minute"},"schema":{"@context":"https:\/\/schema.org","@graph":[{"@type":"WebPage","@id":"https:\/\/gruene-jaeger.de\/?page_id=7","url":"https:\/\/gruene-jaeger.de\/?page_id=7","name":"Aktuell - Trachtenkapelle Gr\u00fcne J\u00e4ger e.V.","isPartOf":{"@id":"https:\/\/gruene-jaeger.de\/#website"},"datePublished":"2013-02-06T20:08:09+00:00","dateModified":"2024-11-09T21:34:42+00:00","description":"aktuelles rund um das Vereinsleben der \"Gr\u00fcnen J\u00e4ger\"","breadcrumb":{"@id":"https:\/\/gruene-jaeger.de\/?page_id=7#breadcrumb"},"inLanguage":"de","potentialAction":[{"@type":"ReadAction","target":["https:\/\/gruene-jaeger.de\/?page_id=7"]}]},{"@type":"BreadcrumbList","@id":"https:\/\/gruene-jaeger.de\/?page_id=7#breadcrumb","itemListElement":[{"@type":"ListItem","position":1,"name":"Home","item":"https:\/\/gruene-jaeger.de\/"},{"@type":"ListItem","position":2,"name":"Aktuell"}]},{"@type":"WebSite","@id":"https:\/\/gruene-jaeger.de\/#website","url":"https:\/\/gruene-jaeger.de\/","name":"Trachtenkapelle Gr\u00fcne J\u00e4ger e.V.","description":"Musikverein Neusatz - gegr. 1896","publisher":{"@id":"https:\/\/gruene-jaeger.de\/#organization"},"potentialAction":[{"@type":"SearchAction","target":{"@type":"EntryPoint","urlTemplate":"https:\/\/gruene-jaeger.de\/?s={search_term_string}"},"query-input":{"@type":"PropertyValueSpecification","valueRequired":true,"valueName":"search_term_string"}}],"inLanguage":"de"},{"@type":"Organization","@id":"https:\/\/gruene-jaeger.de\/#organization","name":"\"Gr\u00fcne J\u00e4ger\" Musikverein Neusatz e.V.","url":"https:\/\/gruene-jaeger.de\/","logo":{"@type":"ImageObject","inLanguage":"de","@id":"https:\/\/gruene-jaeger.de\/#\/schema\/logo\/image\/","url":"http:\/\/gruene-jaeger.de\/wp-content\/uploads\/2015\/11\/Logo.png","contentUrl":"http:\/\/gruene-jaeger.de\/wp-content\/uploads\/2015\/11\/Logo.png","width":500,"height":500,"caption":"\"Gr\u00fcne J\u00e4ger\" Musikverein Neusatz e.V."},"image":{"@id":"https:\/\/gruene-jaeger.de\/#\/schema\/logo\/image\/"}}]}},"ticketed":false,"_links":{"self":[{"href":"https:\/\/gruene-jaeger.de\/index.php?rest_route=\/wp\/v2\/pages\/7","targetHints":{"allow":["GET"]}}],"collection":[{"href":"https:\/\/gruene-jaeger.de\/index.php?rest_route=\/wp\/v2\/pages"}],"about":[{"href":"https:\/\/gruene-jaeger.de\/index.php?rest_route=\/wp\/v2\/types\/page"}],"author":[{"embeddable":true,"href":"https:\/\/gruene-jaeger.de\/index.php?rest_route=\/wp\/v2\/users\/1"}],"replies":[{"embeddable":true,"href":"https:\/\/gruene-jaeger.de\/index.php?rest_route=%2Fwp%2Fv2%2Fcomments&post=7"}],"version-history":[{"count":31,"href":"https:\/\/gruene-jaeger.de\/index.php?rest_route=\/wp\/v2\/pages\/7\/revisions"}],"predecessor-version":[{"id":1667,"href":"https:\/\/gruene-jaeger.de\/index.php?rest_route=\/wp\/v2\/pages\/7\/revisions\/1667"}],"wp:attachment":[{"href":"https:\/\/gruene-jaeger.de\/index.php?rest_route=%2Fwp%2Fv2%2Fmedia&parent=7"}],"curies":[{"name":"wp","href":"https:\/\/api.w.org\/{rel}","templated":true}]}}