{"id":691,"date":"2015-11-17T20:57:58","date_gmt":"2015-11-17T18:57:58","guid":{"rendered":"http:\/\/gruene-jaeger.de\/?page_id=691"},"modified":"2018-03-14T12:26:21","modified_gmt":"2018-03-14T10:26:21","slug":"schlagzeuganhaenger-2","status":"publish","type":"page","link":"https:\/\/gruene-jaeger.de\/?page_id=691","title":{"rendered":"Schlagzeuganh\u00e4nger &#8211; Sponsorentermin vom 20.03.2016"},"content":{"rendered":"<p><a href=\"https:\/\/gruene-jaeger.de\/wp-content\/uploads\/2015\/11\/Anh\u00e4nger_1.jpg\"><img loading=\"lazy\" decoding=\"async\" class=\"alignnone wp-image-993 size-large\" src=\"https:\/\/gruene-jaeger.de\/wp-content\/uploads\/2015\/11\/Anh\u00e4nger_1-1024x627.jpg\" alt=\"Anh\u00e4nger_1\" data-id=\"993\" width=\"584\" height=\"358\" srcset=\"https:\/\/gruene-jaeger.de\/wp-content\/uploads\/2015\/11\/Anh\u00e4nger_1-1024x627.jpg 1024w, https:\/\/gruene-jaeger.de\/wp-content\/uploads\/2015\/11\/Anh\u00e4nger_1-300x184.jpg 300w, https:\/\/gruene-jaeger.de\/wp-content\/uploads\/2015\/11\/Anh\u00e4nger_1-490x300.jpg 490w, https:\/\/gruene-jaeger.de\/wp-content\/uploads\/2015\/11\/Anh\u00e4nger_1.jpg 1600w\" sizes=\"auto, (max-width: 584px) 100vw, 584px\" \/><\/a><\/p>\n<p>Unsere Werbepartner bei der Anschaffung unseres Schlagzeuganh\u00e4ngers &#8211; herzlichen Dank an dieser Stelle!<\/p>\n<table>\n<tbody>\n<tr>\n<td><a href=\"https:\/\/gruene-jaeger.de\/wp-content\/uploads\/2015\/11\/ButschMeier.jpg\"><img loading=\"lazy\" decoding=\"async\" class=\"alignnone size-medium wp-image-953\" src=\"https:\/\/gruene-jaeger.de\/wp-content\/uploads\/2015\/11\/ButschMeier-300x101.jpg\" alt=\"ButschMeier\" data-id=\"953\" width=\"300\" height=\"101\" srcset=\"https:\/\/gruene-jaeger.de\/wp-content\/uploads\/2015\/11\/ButschMeier-300x101.jpg 300w, https:\/\/gruene-jaeger.de\/wp-content\/uploads\/2015\/11\/ButschMeier.jpg 1024w, https:\/\/gruene-jaeger.de\/wp-content\/uploads\/2015\/11\/ButschMeier-500x168.jpg 500w\" sizes=\"auto, (max-width: 300px) 100vw, 300px\" \/><\/a><\/td>\n<td><a href=\"https:\/\/gruene-jaeger.de\/wp-content\/uploads\/2015\/11\/Werbung_Braun_120x32cm_001.jpg\"><img loading=\"lazy\" decoding=\"async\" class=\"alignnone size-medium wp-image-960\" src=\"https:\/\/gruene-jaeger.de\/wp-content\/uploads\/2015\/11\/Werbung_Braun_120x32cm_001-300x83.jpg\" alt=\"Werbung_Braun_120x32cm_001\" data-id=\"960\" width=\"300\" height=\"83\" srcset=\"https:\/\/gruene-jaeger.de\/wp-content\/uploads\/2015\/11\/Werbung_Braun_120x32cm_001-300x83.jpg 300w, https:\/\/gruene-jaeger.de\/wp-content\/uploads\/2015\/11\/Werbung_Braun_120x32cm_001.jpg 1024w, https:\/\/gruene-jaeger.de\/wp-content\/uploads\/2015\/11\/Werbung_Braun_120x32cm_001-500x139.jpg 500w\" sizes=\"auto, (max-width: 300px) 100vw, 300px\" \/><\/a><\/td>\n<\/tr>\n<tr>\n<td><a href=\"https:\/\/gruene-jaeger.de\/wp-content\/uploads\/2015\/11\/Werbung1_Bossert_001.jpg\">&nbsp;&nbsp;&nbsp;&nbsp;&nbsp; <\/a><a href=\"https:\/\/gruene-jaeger.de\/wp-content\/uploads\/2015\/11\/Werbung1_Bossert_001.jpg\"><img loading=\"lazy\" decoding=\"async\" class=\"alignnone wp-image-965\" src=\"https:\/\/gruene-jaeger.de\/wp-content\/uploads\/2015\/11\/Werbung1_Bossert_001-245x300.jpg\" alt=\"Werbung1_Bossert_001\" data-id=\"965\" width=\"204\" height=\"250\" srcset=\"https:\/\/gruene-jaeger.de\/wp-content\/uploads\/2015\/11\/Werbung1_Bossert_001-245x300.jpg 245w, https:\/\/gruene-jaeger.de\/wp-content\/uploads\/2015\/11\/Werbung1_Bossert_001.jpg 768w\" sizes=\"auto, (max-width: 204px) 100vw, 204px\" \/><\/a><\/td>\n<td>&nbsp; &nbsp; &nbsp;&nbsp;&nbsp;&nbsp;&nbsp;&nbsp; <a href=\"https:\/\/gruene-jaeger.de\/wp-content\/uploads\/2015\/11\/Werbung3_Ehreiser.jpg\"><img loading=\"lazy\" decoding=\"async\" class=\"alignnone wp-image-1001\" src=\"https:\/\/gruene-jaeger.de\/wp-content\/uploads\/2015\/11\/Werbung3_Ehreiser-243x300.jpg\" alt=\"Werbung3_Ehreiser\" data-id=\"1001\" width=\"203\" height=\"250\" srcset=\"https:\/\/gruene-jaeger.de\/wp-content\/uploads\/2015\/11\/Werbung3_Ehreiser-243x300.jpg 243w, https:\/\/gruene-jaeger.de\/wp-content\/uploads\/2015\/11\/Werbung3_Ehreiser.jpg 762w\" sizes=\"auto, (max-width: 203px) 100vw, 203px\" \/><\/a><\/td>\n<\/tr>\n<tr>\n<td><a href=\"https:\/\/gruene-jaeger.de\/wp-content\/uploads\/2015\/11\/Werbung_Maler_Huber.jpg\"><img loading=\"lazy\" decoding=\"async\" class=\"alignnone size-medium wp-image-991\" src=\"https:\/\/gruene-jaeger.de\/wp-content\/uploads\/2015\/11\/Werbung_Maler_Huber-300x84.jpg\" alt=\"Werbung_Maler_Huber\" data-id=\"991\" width=\"300\" height=\"84\" srcset=\"https:\/\/gruene-jaeger.de\/wp-content\/uploads\/2015\/11\/Werbung_Maler_Huber-300x84.jpg 300w, https:\/\/gruene-jaeger.de\/wp-content\/uploads\/2015\/11\/Werbung_Maler_Huber.jpg 1024w, https:\/\/gruene-jaeger.de\/wp-content\/uploads\/2015\/11\/Werbung_Maler_Huber-500x140.jpg 500w\" sizes=\"auto, (max-width: 300px) 100vw, 300px\" \/><\/a><\/td>\n<td><a href=\"https:\/\/gruene-jaeger.de\/wp-content\/uploads\/2015\/11\/Werbung_Kropp_Lauf_001.jpg\"><img loading=\"lazy\" decoding=\"async\" class=\"alignnone size-medium wp-image-963\" src=\"https:\/\/gruene-jaeger.de\/wp-content\/uploads\/2015\/11\/Werbung_Kropp_Lauf_001-300x79.jpg\" alt=\"Werbung_Kropp_Lauf_001\" data-id=\"963\" width=\"300\" height=\"79\" srcset=\"https:\/\/gruene-jaeger.de\/wp-content\/uploads\/2015\/11\/Werbung_Kropp_Lauf_001-300x79.jpg 300w, https:\/\/gruene-jaeger.de\/wp-content\/uploads\/2015\/11\/Werbung_Kropp_Lauf_001.jpg 1024w, https:\/\/gruene-jaeger.de\/wp-content\/uploads\/2015\/11\/Werbung_Kropp_Lauf_001-500x131.jpg 500w\" sizes=\"auto, (max-width: 300px) 100vw, 300px\" \/><\/a><\/td>\n<\/tr>\n<tr>\n<td><a href=\"https:\/\/gruene-jaeger.de\/wp-content\/uploads\/2015\/11\/Werbung_Linde_Neusatz_001.jpg\"><img loading=\"lazy\" decoding=\"async\" class=\"alignnone size-medium wp-image-989\" src=\"https:\/\/gruene-jaeger.de\/wp-content\/uploads\/2015\/11\/Werbung_Linde_Neusatz_001-300x83.jpg\" alt=\"Werbung_Linde_Neusatz_001\" data-id=\"989\" width=\"300\" height=\"83\" srcset=\"https:\/\/gruene-jaeger.de\/wp-content\/uploads\/2015\/11\/Werbung_Linde_Neusatz_001-300x83.jpg 300w, https:\/\/gruene-jaeger.de\/wp-content\/uploads\/2015\/11\/Werbung_Linde_Neusatz_001.jpg 1024w, https:\/\/gruene-jaeger.de\/wp-content\/uploads\/2015\/11\/Werbung_Linde_Neusatz_001-500x139.jpg 500w\" sizes=\"auto, (max-width: 300px) 100vw, 300px\" \/><\/a><\/td>\n<td><a href=\"https:\/\/gruene-jaeger.de\/wp-content\/uploads\/2015\/11\/Werbung2_Megerle_001.jpg\"><img loading=\"lazy\" decoding=\"async\" class=\"alignnone size-medium wp-image-968\" src=\"https:\/\/gruene-jaeger.de\/wp-content\/uploads\/2015\/11\/Werbung2_Megerle_001-300x79.jpg\" alt=\"Werbung2_Megerle_001\" data-id=\"968\" width=\"300\" height=\"79\" srcset=\"https:\/\/gruene-jaeger.de\/wp-content\/uploads\/2015\/11\/Werbung2_Megerle_001-300x79.jpg 300w, https:\/\/gruene-jaeger.de\/wp-content\/uploads\/2015\/11\/Werbung2_Megerle_001.jpg 1024w, https:\/\/gruene-jaeger.de\/wp-content\/uploads\/2015\/11\/Werbung2_Megerle_001-500x132.jpg 500w\" sizes=\"auto, (max-width: 300px) 100vw, 300px\" \/><\/a><\/td>\n<\/tr>\n<tr>\n<td><a href=\"https:\/\/gruene-jaeger.de\/wp-content\/uploads\/2015\/11\/Werbung_Pfaff_001.jpg\"><img loading=\"lazy\" decoding=\"async\" class=\"alignnone size-medium wp-image-964\" src=\"https:\/\/gruene-jaeger.de\/wp-content\/uploads\/2015\/11\/Werbung_Pfaff_001-300x84.jpg\" alt=\"Werbung_Pfaff_001\" data-id=\"964\" width=\"300\" height=\"84\" srcset=\"https:\/\/gruene-jaeger.de\/wp-content\/uploads\/2015\/11\/Werbung_Pfaff_001-300x84.jpg 300w, https:\/\/gruene-jaeger.de\/wp-content\/uploads\/2015\/11\/Werbung_Pfaff_001.jpg 1024w, https:\/\/gruene-jaeger.de\/wp-content\/uploads\/2015\/11\/Werbung_Pfaff_001-500x140.jpg 500w\" sizes=\"auto, (max-width: 300px) 100vw, 300px\" \/><\/a><\/td>\n<td><a href=\"https:\/\/gruene-jaeger.de\/wp-content\/uploads\/2015\/11\/Saalbach-Logo_1200x320mm_001.jpg\"><img loading=\"lazy\" decoding=\"async\" class=\"alignnone size-medium wp-image-955\" src=\"https:\/\/gruene-jaeger.de\/wp-content\/uploads\/2015\/11\/Saalbach-Logo_1200x320mm_001-300x89.jpg\" alt=\"Saalbach Logo_1200x320mm_001\" data-id=\"955\" width=\"300\" height=\"89\" srcset=\"https:\/\/gruene-jaeger.de\/wp-content\/uploads\/2015\/11\/Saalbach-Logo_1200x320mm_001-300x89.jpg 300w, https:\/\/gruene-jaeger.de\/wp-content\/uploads\/2015\/11\/Saalbach-Logo_1200x320mm_001.jpg 1024w, https:\/\/gruene-jaeger.de\/wp-content\/uploads\/2015\/11\/Saalbach-Logo_1200x320mm_001-500x148.jpg 500w\" sizes=\"auto, (max-width: 300px) 100vw, 300px\" \/><\/a><\/td>\n<\/tr>\n<tr>\n<td><a href=\"https:\/\/gruene-jaeger.de\/wp-content\/uploads\/2015\/11\/Werbung2_Maler_Schmalz_001.jpg\"><img loading=\"lazy\" decoding=\"async\" class=\"alignnone size-medium wp-image-967\" src=\"https:\/\/gruene-jaeger.de\/wp-content\/uploads\/2015\/11\/Werbung2_Maler_Schmalz_001-300x80.jpg\" alt=\"Werbung2_Maler_Schmalz_001\" data-id=\"967\" width=\"300\" height=\"80\" srcset=\"https:\/\/gruene-jaeger.de\/wp-content\/uploads\/2015\/11\/Werbung2_Maler_Schmalz_001-300x80.jpg 300w, https:\/\/gruene-jaeger.de\/wp-content\/uploads\/2015\/11\/Werbung2_Maler_Schmalz_001.jpg 1024w, https:\/\/gruene-jaeger.de\/wp-content\/uploads\/2015\/11\/Werbung2_Maler_Schmalz_001-500x133.jpg 500w\" sizes=\"auto, (max-width: 300px) 100vw, 300px\" \/><\/a><\/td>\n<td><a href=\"https:\/\/gruene-jaeger.de\/wp-content\/uploads\/2015\/11\/Werbung_Heizung_Seiler_001.jpg\"><img loading=\"lazy\" decoding=\"async\" class=\"alignnone size-medium wp-image-962\" src=\"https:\/\/gruene-jaeger.de\/wp-content\/uploads\/2015\/11\/Werbung_Heizung_Seiler_001-300x77.jpg\" alt=\"Werbung_Heizung_Seiler_001\" data-id=\"962\" width=\"300\" height=\"77\" srcset=\"https:\/\/gruene-jaeger.de\/wp-content\/uploads\/2015\/11\/Werbung_Heizung_Seiler_001-300x77.jpg 300w, https:\/\/gruene-jaeger.de\/wp-content\/uploads\/2015\/11\/Werbung_Heizung_Seiler_001.jpg 1024w, https:\/\/gruene-jaeger.de\/wp-content\/uploads\/2015\/11\/Werbung_Heizung_Seiler_001-500x128.jpg 500w\" sizes=\"auto, (max-width: 300px) 100vw, 300px\" \/><\/a><\/td>\n<\/tr>\n<tr>\n<td><a href=\"https:\/\/gruene-jaeger.de\/wp-content\/uploads\/2015\/11\/Sl\u00e4dle_Anh\u00e4ngerversion_2_001.jpg\"><img loading=\"lazy\" decoding=\"async\" class=\"alignnone size-medium wp-image-956\" src=\"https:\/\/gruene-jaeger.de\/wp-content\/uploads\/2015\/11\/Sl\u00e4dle_Anh\u00e4ngerversion_2_001-300x65.jpg\" alt=\"Sl\u00e4dle_Anh\u00e4ngerversion_2_001\" data-id=\"956\" width=\"300\" height=\"65\" srcset=\"https:\/\/gruene-jaeger.de\/wp-content\/uploads\/2015\/11\/Sl\u00e4dle_Anh\u00e4ngerversion_2_001-300x65.jpg 300w, https:\/\/gruene-jaeger.de\/wp-content\/uploads\/2015\/11\/Sl\u00e4dle_Anh\u00e4ngerversion_2_001.jpg 1024w, https:\/\/gruene-jaeger.de\/wp-content\/uploads\/2015\/11\/Sl\u00e4dle_Anh\u00e4ngerversion_2_001-500x108.jpg 500w\" sizes=\"auto, (max-width: 300px) 100vw, 300px\" \/><\/a><\/td>\n<td>&nbsp;<\/td>\n<\/tr>\n<tr>\n<td><a href=\"https:\/\/gruene-jaeger.de\/wp-content\/uploads\/2015\/11\/Veith_Fahrzeug2014_110x37cm_v01_001.jpg\"><img loading=\"lazy\" decoding=\"async\" class=\"alignnone size-medium wp-image-958\" src=\"https:\/\/gruene-jaeger.de\/wp-content\/uploads\/2015\/11\/Veith_Fahrzeug2014_110x37cm_v01_001-300x102.jpg\" alt=\"Veith_Fahrzeug2014_110x37cm_v01_001\" data-id=\"958\" width=\"300\" height=\"102\" srcset=\"https:\/\/gruene-jaeger.de\/wp-content\/uploads\/2015\/11\/Veith_Fahrzeug2014_110x37cm_v01_001-300x102.jpg 300w, https:\/\/gruene-jaeger.de\/wp-content\/uploads\/2015\/11\/Veith_Fahrzeug2014_110x37cm_v01_001.jpg 1024w, https:\/\/gruene-jaeger.de\/wp-content\/uploads\/2015\/11\/Veith_Fahrzeug2014_110x37cm_v01_001-500x169.jpg 500w\" sizes=\"auto, (max-width: 300px) 100vw, 300px\" \/><\/a><\/td>\n<td><a href=\"https:\/\/gruene-jaeger.de\/wp-content\/uploads\/2015\/11\/Veith-Weingut_001.jpg\"><img loading=\"lazy\" decoding=\"async\" class=\"alignnone size-medium wp-image-957\" src=\"https:\/\/gruene-jaeger.de\/wp-content\/uploads\/2015\/11\/Veith-Weingut_001-300x80.jpg\" alt=\"Veith Weingut_001\" data-id=\"957\" width=\"300\" height=\"80\" srcset=\"https:\/\/gruene-jaeger.de\/wp-content\/uploads\/2015\/11\/Veith-Weingut_001-300x80.jpg 300w, https:\/\/gruene-jaeger.de\/wp-content\/uploads\/2015\/11\/Veith-Weingut_001.jpg 1024w, https:\/\/gruene-jaeger.de\/wp-content\/uploads\/2015\/11\/Veith-Weingut_001-500x133.jpg 500w\" sizes=\"auto, (max-width: 300px) 100vw, 300px\" \/> <\/a><\/td>\n<\/tr>\n<\/tbody>\n<\/table>\n<p><a href=\"https:\/\/gruene-jaeger.de\/wp-content\/uploads\/2015\/11\/Voba_Bannerwerbung_Folienplot_2600x160mm_001.jpg\"><img loading=\"lazy\" decoding=\"async\" class=\"aligncenter wp-image-959 size-large\" src=\"https:\/\/gruene-jaeger.de\/wp-content\/uploads\/2015\/11\/Voba_Bannerwerbung_Folienplot_2600x160mm_001-1024x63.jpg\" alt=\"Voba_Bannerwerbung_Folienplot_2600x160mm_001\" data-id=\"959\" width=\"584\" height=\"36\" srcset=\"https:\/\/gruene-jaeger.de\/wp-content\/uploads\/2015\/11\/Voba_Bannerwerbung_Folienplot_2600x160mm_001.jpg 1024w, https:\/\/gruene-jaeger.de\/wp-content\/uploads\/2015\/11\/Voba_Bannerwerbung_Folienplot_2600x160mm_001-300x18.jpg 300w, https:\/\/gruene-jaeger.de\/wp-content\/uploads\/2015\/11\/Voba_Bannerwerbung_Folienplot_2600x160mm_001-1000x63.jpg 1000w, https:\/\/gruene-jaeger.de\/wp-content\/uploads\/2015\/11\/Voba_Bannerwerbung_Folienplot_2600x160mm_001-500x31.jpg 500w\" sizes=\"auto, (max-width: 584px) 100vw, 584px\" \/><\/a>Unsere Schlagzeuger, die seit Mitte 2014 die Vorz\u00fcge eines Schlagzeuganh\u00e4ngers bereits ausgiebig sch\u00e4tzen lernten:<\/p>\n<p><a href=\"https:\/\/gruene-jaeger.de\/wp-content\/uploads\/2016\/03\/Anh\u00e4nger_2.jpg\"><img loading=\"lazy\" decoding=\"async\" class=\"alignnone wp-image-970 size-full\" src=\"https:\/\/gruene-jaeger.de\/wp-content\/uploads\/2016\/03\/Anh\u00e4nger_2.jpg\" alt=\"Anh\u00e4nger_2\" data-id=\"970\" width=\"1024\" height=\"768\" srcset=\"https:\/\/gruene-jaeger.de\/wp-content\/uploads\/2016\/03\/Anh\u00e4nger_2.jpg 1024w, https:\/\/gruene-jaeger.de\/wp-content\/uploads\/2016\/03\/Anh\u00e4nger_2-300x225.jpg 300w, https:\/\/gruene-jaeger.de\/wp-content\/uploads\/2016\/03\/Anh\u00e4nger_2-400x300.jpg 400w, https:\/\/gruene-jaeger.de\/wp-content\/uploads\/2016\/03\/Anh\u00e4nger_2-160x120.jpg 160w\" sizes=\"auto, (max-width: 1024px) 100vw, 1024px\" \/><\/a><\/p>\n<h3 style=\"text-align: center;\">2 unserer 8 Schlagzeuger fehlten leider an diesem Termin<\/h3>\n<p>Herstellung und Aufbringen der Werbefolien durch:<\/p>\n<p><a href=\"https:\/\/gruene-jaeger.de\/wp-content\/uploads\/2015\/11\/Logo_Doninger.jpg\"><img loading=\"lazy\" decoding=\"async\" class=\"alignnone wp-image-1000 size-large\" src=\"https:\/\/gruene-jaeger.de\/wp-content\/uploads\/2015\/11\/Logo_Doninger-1024x525.jpg\" alt=\"Logo_Doninger\" data-id=\"1000\" width=\"584\" height=\"299\" srcset=\"https:\/\/gruene-jaeger.de\/wp-content\/uploads\/2015\/11\/Logo_Doninger.jpg 1024w, https:\/\/gruene-jaeger.de\/wp-content\/uploads\/2015\/11\/Logo_Doninger-300x154.jpg 300w, https:\/\/gruene-jaeger.de\/wp-content\/uploads\/2015\/11\/Logo_Doninger-500x256.jpg 500w\" sizes=\"auto, (max-width: 584px) 100vw, 584px\" \/><\/a><\/p>\n<p>Herzlichen Dank an Thomas und Matthias Doninger f\u00fcr die Unterst\u00fctzung bei diesem Projekt!<\/p>\n","protected":false},"excerpt":{"rendered":"<p>Unsere Werbepartner bei der Anschaffung unseres Schlagzeuganh\u00e4ngers &#8211; herzlichen Dank an dieser Stelle! &nbsp;&nbsp;&nbsp;&nbsp;&nbsp; &nbsp; &nbsp; &nbsp;&nbsp;&nbsp;&nbsp;&nbsp;&nbsp; &nbsp; Unsere Schlagzeuger, die seit Mitte 2014 die Vorz\u00fcge eines Schlagzeuganh\u00e4ngers bereits ausgiebig sch\u00e4tzen lernten: 2 unserer 8 Schlagzeuger fehlten leider an diesem &hellip; <a href=\"https:\/\/gruene-jaeger.de\/?page_id=691\">Weiterlesen <span class=\"meta-nav\">&rarr;<\/span><\/a><\/p>\n","protected":false},"author":1,"featured_media":0,"parent":426,"menu_order":50,"comment_status":"closed","ping_status":"closed","template":"sidebar-page.php","meta":{"_acf_changed":false,"_crdt_document":"","ngg_post_thumbnail":0,"_price":"","_stock":"","_tribe_ticket_header":"","_tribe_default_ticket_provider":"","_tribe_ticket_capacity":"0","_ticket_start_date":"","_ticket_end_date":"","_tribe_ticket_show_description":"","_tribe_ticket_show_not_going":false,"_tribe_ticket_use_global_stock":"","_tribe_ticket_global_stock_level":"","_global_stock_mode":"","_global_stock_cap":"","_tribe_rsvp_for_event":"","_tribe_ticket_going_count":"","_tribe_ticket_not_going_count":"","_tribe_tickets_list":"[]","_tribe_ticket_has_attendee_info_fields":false,"footnotes":"","_tec_slr_enabled":"","_tec_slr_layout":""},"class_list":["post-691","page","type-page","status-publish","hentry"],"acf":[],"yoast_head":"<!-- This site is optimized with the Yoast SEO plugin v27.6 - https:\/\/yoast.com\/product\/yoast-seo-wordpress\/ -->\n<title>Schlagzeuganh\u00e4nger<\/title>\n<meta name=\"description\" content=\"Schlagzeuganh\u00e4nger - Sponsorentermin vom 20.03.2016\" \/>\n<meta name=\"robots\" content=\"index, follow, max-snippet:-1, max-image-preview:large, max-video-preview:-1\" \/>\n<link rel=\"canonical\" href=\"https:\/\/gruene-jaeger.de\/?page_id=691\" \/>\n<meta property=\"og:locale\" content=\"de_DE\" \/>\n<meta property=\"og:type\" content=\"article\" \/>\n<meta property=\"og:title\" content=\"Schlagzeuganh\u00e4nger\" \/>\n<meta property=\"og:description\" content=\"Schlagzeuganh\u00e4nger - Sponsorentermin vom 20.03.2016\" \/>\n<meta property=\"og:url\" content=\"https:\/\/gruene-jaeger.de\/?page_id=691\" \/>\n<meta property=\"og:site_name\" content=\"Trachtenkapelle Gr\u00fcne J\u00e4ger e.V.\" \/>\n<meta property=\"article:modified_time\" content=\"2018-03-14T10:26:21+00:00\" \/>\n<meta property=\"og:image\" content=\"http:\/\/gruene-jaeger.de\/wp-content\/uploads\/2015\/11\/ButschMeier-300x101.jpg\" \/>\n<script type=\"application\/ld+json\" class=\"yoast-schema-graph\">{\"@context\":\"https:\\\/\\\/schema.org\",\"@graph\":[{\"@type\":\"WebPage\",\"@id\":\"https:\\\/\\\/gruene-jaeger.de\\\/?page_id=691\",\"url\":\"https:\\\/\\\/gruene-jaeger.de\\\/?page_id=691\",\"name\":\"Schlagzeuganh\u00e4nger\",\"isPartOf\":{\"@id\":\"https:\\\/\\\/gruene-jaeger.de\\\/#website\"},\"primaryImageOfPage\":{\"@id\":\"https:\\\/\\\/gruene-jaeger.de\\\/?page_id=691#primaryimage\"},\"image\":{\"@id\":\"https:\\\/\\\/gruene-jaeger.de\\\/?page_id=691#primaryimage\"},\"thumbnailUrl\":\"http:\\\/\\\/gruene-jaeger.de\\\/wp-content\\\/uploads\\\/2015\\\/11\\\/ButschMeier-300x101.jpg\",\"datePublished\":\"2015-11-17T18:57:58+00:00\",\"dateModified\":\"2018-03-14T10:26:21+00:00\",\"description\":\"Schlagzeuganh\u00e4nger - Sponsorentermin vom 20.03.2016\",\"breadcrumb\":{\"@id\":\"https:\\\/\\\/gruene-jaeger.de\\\/?page_id=691#breadcrumb\"},\"inLanguage\":\"de\",\"potentialAction\":[{\"@type\":\"ReadAction\",\"target\":[\"https:\\\/\\\/gruene-jaeger.de\\\/?page_id=691\"]}]},{\"@type\":\"ImageObject\",\"inLanguage\":\"de\",\"@id\":\"https:\\\/\\\/gruene-jaeger.de\\\/?page_id=691#primaryimage\",\"url\":\"http:\\\/\\\/gruene-jaeger.de\\\/wp-content\\\/uploads\\\/2015\\\/11\\\/ButschMeier-300x101.jpg\",\"contentUrl\":\"http:\\\/\\\/gruene-jaeger.de\\\/wp-content\\\/uploads\\\/2015\\\/11\\\/ButschMeier-300x101.jpg\"},{\"@type\":\"BreadcrumbList\",\"@id\":\"https:\\\/\\\/gruene-jaeger.de\\\/?page_id=691#breadcrumb\",\"itemListElement\":[{\"@type\":\"ListItem\",\"position\":1,\"name\":\"Home\",\"item\":\"https:\\\/\\\/gruene-jaeger.de\\\/\"},{\"@type\":\"ListItem\",\"position\":2,\"name\":\"Aktuell\",\"item\":\"https:\\\/\\\/gruene-jaeger.de\\\/?page_id=7\"},{\"@type\":\"ListItem\",\"position\":3,\"name\":\"Verein\",\"item\":\"https:\\\/\\\/gruene-jaeger.de\\\/?page_id=426\"},{\"@type\":\"ListItem\",\"position\":4,\"name\":\"Schlagzeuganh\u00e4nger &#8211; Sponsorentermin vom 20.03.2016\"}]},{\"@type\":\"WebSite\",\"@id\":\"https:\\\/\\\/gruene-jaeger.de\\\/#website\",\"url\":\"https:\\\/\\\/gruene-jaeger.de\\\/\",\"name\":\"Trachtenkapelle Gr\u00fcne J\u00e4ger e.V.\",\"description\":\"Musikverein Neusatz - gegr. 1896\",\"publisher\":{\"@id\":\"https:\\\/\\\/gruene-jaeger.de\\\/#organization\"},\"potentialAction\":[{\"@type\":\"SearchAction\",\"target\":{\"@type\":\"EntryPoint\",\"urlTemplate\":\"https:\\\/\\\/gruene-jaeger.de\\\/?s={search_term_string}\"},\"query-input\":{\"@type\":\"PropertyValueSpecification\",\"valueRequired\":true,\"valueName\":\"search_term_string\"}}],\"inLanguage\":\"de\"},{\"@type\":\"Organization\",\"@id\":\"https:\\\/\\\/gruene-jaeger.de\\\/#organization\",\"name\":\"\\\"Gr\u00fcne J\u00e4ger\\\" Musikverein Neusatz e.V.\",\"url\":\"https:\\\/\\\/gruene-jaeger.de\\\/\",\"logo\":{\"@type\":\"ImageObject\",\"inLanguage\":\"de\",\"@id\":\"https:\\\/\\\/gruene-jaeger.de\\\/#\\\/schema\\\/logo\\\/image\\\/\",\"url\":\"http:\\\/\\\/gruene-jaeger.de\\\/wp-content\\\/uploads\\\/2015\\\/11\\\/Logo.png\",\"contentUrl\":\"http:\\\/\\\/gruene-jaeger.de\\\/wp-content\\\/uploads\\\/2015\\\/11\\\/Logo.png\",\"width\":500,\"height\":500,\"caption\":\"\\\"Gr\u00fcne J\u00e4ger\\\" Musikverein Neusatz e.V.\"},\"image\":{\"@id\":\"https:\\\/\\\/gruene-jaeger.de\\\/#\\\/schema\\\/logo\\\/image\\\/\"}}]}<\/script>\n<!-- \/ Yoast SEO plugin. -->","yoast_head_json":{"title":"Schlagzeuganh\u00e4nger","description":"Schlagzeuganh\u00e4nger - Sponsorentermin vom 20.03.2016","robots":{"index":"index","follow":"follow","max-snippet":"max-snippet:-1","max-image-preview":"max-image-preview:large","max-video-preview":"max-video-preview:-1"},"canonical":"https:\/\/gruene-jaeger.de\/?page_id=691","og_locale":"de_DE","og_type":"article","og_title":"Schlagzeuganh\u00e4nger","og_description":"Schlagzeuganh\u00e4nger - Sponsorentermin vom 20.03.2016","og_url":"https:\/\/gruene-jaeger.de\/?page_id=691","og_site_name":"Trachtenkapelle Gr\u00fcne J\u00e4ger e.V.","article_modified_time":"2018-03-14T10:26:21+00:00","og_image":[{"url":"http:\/\/gruene-jaeger.de\/wp-content\/uploads\/2015\/11\/ButschMeier-300x101.jpg","type":"","width":"","height":""}],"schema":{"@context":"https:\/\/schema.org","@graph":[{"@type":"WebPage","@id":"https:\/\/gruene-jaeger.de\/?page_id=691","url":"https:\/\/gruene-jaeger.de\/?page_id=691","name":"Schlagzeuganh\u00e4nger","isPartOf":{"@id":"https:\/\/gruene-jaeger.de\/#website"},"primaryImageOfPage":{"@id":"https:\/\/gruene-jaeger.de\/?page_id=691#primaryimage"},"image":{"@id":"https:\/\/gruene-jaeger.de\/?page_id=691#primaryimage"},"thumbnailUrl":"http:\/\/gruene-jaeger.de\/wp-content\/uploads\/2015\/11\/ButschMeier-300x101.jpg","datePublished":"2015-11-17T18:57:58+00:00","dateModified":"2018-03-14T10:26:21+00:00","description":"Schlagzeuganh\u00e4nger - Sponsorentermin vom 20.03.2016","breadcrumb":{"@id":"https:\/\/gruene-jaeger.de\/?page_id=691#breadcrumb"},"inLanguage":"de","potentialAction":[{"@type":"ReadAction","target":["https:\/\/gruene-jaeger.de\/?page_id=691"]}]},{"@type":"ImageObject","inLanguage":"de","@id":"https:\/\/gruene-jaeger.de\/?page_id=691#primaryimage","url":"http:\/\/gruene-jaeger.de\/wp-content\/uploads\/2015\/11\/ButschMeier-300x101.jpg","contentUrl":"http:\/\/gruene-jaeger.de\/wp-content\/uploads\/2015\/11\/ButschMeier-300x101.jpg"},{"@type":"BreadcrumbList","@id":"https:\/\/gruene-jaeger.de\/?page_id=691#breadcrumb","itemListElement":[{"@type":"ListItem","position":1,"name":"Home","item":"https:\/\/gruene-jaeger.de\/"},{"@type":"ListItem","position":2,"name":"Aktuell","item":"https:\/\/gruene-jaeger.de\/?page_id=7"},{"@type":"ListItem","position":3,"name":"Verein","item":"https:\/\/gruene-jaeger.de\/?page_id=426"},{"@type":"ListItem","position":4,"name":"Schlagzeuganh\u00e4nger &#8211; Sponsorentermin vom 20.03.2016"}]},{"@type":"WebSite","@id":"https:\/\/gruene-jaeger.de\/#website","url":"https:\/\/gruene-jaeger.de\/","name":"Trachtenkapelle Gr\u00fcne J\u00e4ger e.V.","description":"Musikverein Neusatz - gegr. 1896","publisher":{"@id":"https:\/\/gruene-jaeger.de\/#organization"},"potentialAction":[{"@type":"SearchAction","target":{"@type":"EntryPoint","urlTemplate":"https:\/\/gruene-jaeger.de\/?s={search_term_string}"},"query-input":{"@type":"PropertyValueSpecification","valueRequired":true,"valueName":"search_term_string"}}],"inLanguage":"de"},{"@type":"Organization","@id":"https:\/\/gruene-jaeger.de\/#organization","name":"\"Gr\u00fcne J\u00e4ger\" Musikverein Neusatz e.V.","url":"https:\/\/gruene-jaeger.de\/","logo":{"@type":"ImageObject","inLanguage":"de","@id":"https:\/\/gruene-jaeger.de\/#\/schema\/logo\/image\/","url":"http:\/\/gruene-jaeger.de\/wp-content\/uploads\/2015\/11\/Logo.png","contentUrl":"http:\/\/gruene-jaeger.de\/wp-content\/uploads\/2015\/11\/Logo.png","width":500,"height":500,"caption":"\"Gr\u00fcne J\u00e4ger\" Musikverein Neusatz e.V."},"image":{"@id":"https:\/\/gruene-jaeger.de\/#\/schema\/logo\/image\/"}}]}},"ticketed":false,"_links":{"self":[{"href":"https:\/\/gruene-jaeger.de\/index.php?rest_route=\/wp\/v2\/pages\/691","targetHints":{"allow":["GET"]}}],"collection":[{"href":"https:\/\/gruene-jaeger.de\/index.php?rest_route=\/wp\/v2\/pages"}],"about":[{"href":"https:\/\/gruene-jaeger.de\/index.php?rest_route=\/wp\/v2\/types\/page"}],"author":[{"embeddable":true,"href":"https:\/\/gruene-jaeger.de\/index.php?rest_route=\/wp\/v2\/users\/1"}],"replies":[{"embeddable":true,"href":"https:\/\/gruene-jaeger.de\/index.php?rest_route=%2Fwp%2Fv2%2Fcomments&post=691"}],"version-history":[{"count":14,"href":"https:\/\/gruene-jaeger.de\/index.php?rest_route=\/wp\/v2\/pages\/691\/revisions"}],"predecessor-version":[{"id":1600,"href":"https:\/\/gruene-jaeger.de\/index.php?rest_route=\/wp\/v2\/pages\/691\/revisions\/1600"}],"up":[{"embeddable":true,"href":"https:\/\/gruene-jaeger.de\/index.php?rest_route=\/wp\/v2\/pages\/426"}],"wp:attachment":[{"href":"https:\/\/gruene-jaeger.de\/index.php?rest_route=%2Fwp%2Fv2%2Fmedia&parent=691"}],"curies":[{"name":"wp","href":"https:\/\/api.w.org\/{rel}","templated":true}]}}