{"id":556,"date":"2015-09-13T17:23:54","date_gmt":"2015-09-13T15:23:54","guid":{"rendered":"http:\/\/wp.gruene-jaeger.de\/?page_id=556"},"modified":"2025-08-24T14:31:11","modified_gmt":"2025-08-24T12:31:11","slug":"kontakt","status":"publish","type":"page","link":"https:\/\/gruene-jaeger.de\/?page_id=556","title":{"rendered":"Kontakt"},"content":{"rendered":"<p>Musikverein Neusatz, Trachtenkapelle Gr\u00fcne J\u00e4ger e.V.<\/p>\n<table class=\"table_style2\" border=\"0\" cellspacing=\"2\" cellpadding=\"2\">\n<tbody>\n<tr class=\"zelle_text\">\n<td>Marc Heyduck<\/td>\n<td>Simone Karcher<\/td>\n<\/tr>\n<tr class=\"zelle_text\">\n<td>Schwarzwaldstra\u00dfe 39<\/td>\n<td>Schwarzwaldstr. 111<\/td>\n<\/tr>\n<tr class=\"zelle_text\">\n<td>77815 B\u00fchl- Neusatz<\/td>\n<td>77815 B\u00fchl- Neusatz<\/td>\n<\/tr>\n<tr class=\"zelle_text\">\n<td>Tel.: 0176-20326737<br \/>\nE-Mail: Vorstand[\u00e4t]gruene-jaeger.de<\/td>\n<td>Tel.: 0176-45699047<br \/>\nE-Mail: Musikervorstand[\u00e4t]gruene-jaeger.de<\/td>\n<\/tr>\n<\/tbody>\n<\/table>\n","protected":false},"excerpt":{"rendered":"<p>Musikverein Neusatz, Trachtenkapelle Gr\u00fcne J\u00e4ger e.V. Marc Heyduck Simone Karcher Schwarzwaldstra\u00dfe 39 Schwarzwaldstr. 111 77815 B\u00fchl- Neusatz 77815 B\u00fchl- Neusatz Tel.: 0176-20326737 E-Mail: Vorstand[\u00e4t]gruene-jaeger.de Tel.: 0176-45699047 E-Mail: Musikervorstand[\u00e4t]gruene-jaeger.de<\/p>\n","protected":false},"author":1,"featured_media":0,"parent":0,"menu_order":0,"comment_status":"closed","ping_status":"closed","template":"sidebar-page.php","meta":{"_acf_changed":false,"_crdt_document":"","ngg_post_thumbnail":0,"_price":"","_stock":"","_tribe_ticket_header":"","_tribe_default_ticket_provider":"","_tribe_ticket_capacity":"0","_ticket_start_date":"","_ticket_end_date":"","_tribe_ticket_show_description":"","_tribe_ticket_show_not_going":false,"_tribe_ticket_use_global_stock":"","_tribe_ticket_global_stock_level":"","_global_stock_mode":"","_global_stock_cap":"","_tribe_rsvp_for_event":"","_tribe_ticket_going_count":"","_tribe_ticket_not_going_count":"","_tribe_tickets_list":"[]","_tribe_ticket_has_attendee_info_fields":false,"footnotes":"","_tec_slr_enabled":"","_tec_slr_layout":""},"class_list":["post-556","page","type-page","status-publish","hentry"],"acf":[],"yoast_head":"<!-- This site is optimized with the Yoast SEO plugin v27.6 - https:\/\/yoast.com\/product\/yoast-seo-wordpress\/ -->\n<title>Kontakt - Trachtenkapelle Gr\u00fcne J\u00e4ger e.V.<\/title>\n<meta name=\"robots\" content=\"index, follow, max-snippet:-1, max-image-preview:large, max-video-preview:-1\" \/>\n<link rel=\"canonical\" href=\"https:\/\/gruene-jaeger.de\/?page_id=556\" \/>\n<meta property=\"og:locale\" content=\"de_DE\" \/>\n<meta property=\"og:type\" content=\"article\" \/>\n<meta property=\"og:title\" content=\"Kontakt - Trachtenkapelle Gr\u00fcne J\u00e4ger e.V.\" \/>\n<meta property=\"og:description\" content=\"Musikverein Neusatz, Trachtenkapelle Gr\u00fcne J\u00e4ger e.V. Marc Heyduck Simone Karcher Schwarzwaldstra\u00dfe 39 Schwarzwaldstr. 111 77815 B\u00fchl- Neusatz 77815 B\u00fchl- Neusatz Tel.: 0176-20326737 E-Mail: Vorstand[\u00e4t]gruene-jaeger.de Tel.: 0176-45699047 E-Mail: Musikervorstand[\u00e4t]gruene-jaeger.de\" \/>\n<meta property=\"og:url\" content=\"https:\/\/gruene-jaeger.de\/?page_id=556\" \/>\n<meta property=\"og:site_name\" content=\"Trachtenkapelle Gr\u00fcne J\u00e4ger e.V.\" \/>\n<meta property=\"article:modified_time\" content=\"2025-08-24T12:31:11+00:00\" \/>\n<meta name=\"twitter:label1\" content=\"Gesch\u00e4tzte Lesezeit\" \/>\n\t<meta name=\"twitter:data1\" content=\"1\u00a0Minute\" \/>\n<script type=\"application\/ld+json\" class=\"yoast-schema-graph\">{\"@context\":\"https:\\\/\\\/schema.org\",\"@graph\":[{\"@type\":\"WebPage\",\"@id\":\"https:\\\/\\\/gruene-jaeger.de\\\/?page_id=556\",\"url\":\"https:\\\/\\\/gruene-jaeger.de\\\/?page_id=556\",\"name\":\"Kontakt - Trachtenkapelle Gr\u00fcne J\u00e4ger e.V.\",\"isPartOf\":{\"@id\":\"https:\\\/\\\/gruene-jaeger.de\\\/#website\"},\"datePublished\":\"2015-09-13T15:23:54+00:00\",\"dateModified\":\"2025-08-24T12:31:11+00:00\",\"breadcrumb\":{\"@id\":\"https:\\\/\\\/gruene-jaeger.de\\\/?page_id=556#breadcrumb\"},\"inLanguage\":\"de\",\"potentialAction\":[{\"@type\":\"ReadAction\",\"target\":[\"https:\\\/\\\/gruene-jaeger.de\\\/?page_id=556\"]}]},{\"@type\":\"BreadcrumbList\",\"@id\":\"https:\\\/\\\/gruene-jaeger.de\\\/?page_id=556#breadcrumb\",\"itemListElement\":[{\"@type\":\"ListItem\",\"position\":1,\"name\":\"Home\",\"item\":\"https:\\\/\\\/gruene-jaeger.de\\\/\"},{\"@type\":\"ListItem\",\"position\":2,\"name\":\"Kontakt\"}]},{\"@type\":\"WebSite\",\"@id\":\"https:\\\/\\\/gruene-jaeger.de\\\/#website\",\"url\":\"https:\\\/\\\/gruene-jaeger.de\\\/\",\"name\":\"Trachtenkapelle Gr\u00fcne J\u00e4ger e.V.\",\"description\":\"Musikverein Neusatz - gegr. 1896\",\"publisher\":{\"@id\":\"https:\\\/\\\/gruene-jaeger.de\\\/#organization\"},\"potentialAction\":[{\"@type\":\"SearchAction\",\"target\":{\"@type\":\"EntryPoint\",\"urlTemplate\":\"https:\\\/\\\/gruene-jaeger.de\\\/?s={search_term_string}\"},\"query-input\":{\"@type\":\"PropertyValueSpecification\",\"valueRequired\":true,\"valueName\":\"search_term_string\"}}],\"inLanguage\":\"de\"},{\"@type\":\"Organization\",\"@id\":\"https:\\\/\\\/gruene-jaeger.de\\\/#organization\",\"name\":\"\\\"Gr\u00fcne J\u00e4ger\\\" Musikverein Neusatz e.V.\",\"url\":\"https:\\\/\\\/gruene-jaeger.de\\\/\",\"logo\":{\"@type\":\"ImageObject\",\"inLanguage\":\"de\",\"@id\":\"https:\\\/\\\/gruene-jaeger.de\\\/#\\\/schema\\\/logo\\\/image\\\/\",\"url\":\"http:\\\/\\\/gruene-jaeger.de\\\/wp-content\\\/uploads\\\/2015\\\/11\\\/Logo.png\",\"contentUrl\":\"http:\\\/\\\/gruene-jaeger.de\\\/wp-content\\\/uploads\\\/2015\\\/11\\\/Logo.png\",\"width\":500,\"height\":500,\"caption\":\"\\\"Gr\u00fcne J\u00e4ger\\\" Musikverein Neusatz e.V.\"},\"image\":{\"@id\":\"https:\\\/\\\/gruene-jaeger.de\\\/#\\\/schema\\\/logo\\\/image\\\/\"}}]}<\/script>\n<!-- \/ Yoast SEO plugin. -->","yoast_head_json":{"title":"Kontakt - Trachtenkapelle Gr\u00fcne J\u00e4ger e.V.","robots":{"index":"index","follow":"follow","max-snippet":"max-snippet:-1","max-image-preview":"max-image-preview:large","max-video-preview":"max-video-preview:-1"},"canonical":"https:\/\/gruene-jaeger.de\/?page_id=556","og_locale":"de_DE","og_type":"article","og_title":"Kontakt - Trachtenkapelle Gr\u00fcne J\u00e4ger e.V.","og_description":"Musikverein Neusatz, Trachtenkapelle Gr\u00fcne J\u00e4ger e.V. Marc Heyduck Simone Karcher Schwarzwaldstra\u00dfe 39 Schwarzwaldstr. 111 77815 B\u00fchl- Neusatz 77815 B\u00fchl- Neusatz Tel.: 0176-20326737 E-Mail: Vorstand[\u00e4t]gruene-jaeger.de Tel.: 0176-45699047 E-Mail: Musikervorstand[\u00e4t]gruene-jaeger.de","og_url":"https:\/\/gruene-jaeger.de\/?page_id=556","og_site_name":"Trachtenkapelle Gr\u00fcne J\u00e4ger e.V.","article_modified_time":"2025-08-24T12:31:11+00:00","twitter_misc":{"Gesch\u00e4tzte Lesezeit":"1\u00a0Minute"},"schema":{"@context":"https:\/\/schema.org","@graph":[{"@type":"WebPage","@id":"https:\/\/gruene-jaeger.de\/?page_id=556","url":"https:\/\/gruene-jaeger.de\/?page_id=556","name":"Kontakt - Trachtenkapelle Gr\u00fcne J\u00e4ger e.V.","isPartOf":{"@id":"https:\/\/gruene-jaeger.de\/#website"},"datePublished":"2015-09-13T15:23:54+00:00","dateModified":"2025-08-24T12:31:11+00:00","breadcrumb":{"@id":"https:\/\/gruene-jaeger.de\/?page_id=556#breadcrumb"},"inLanguage":"de","potentialAction":[{"@type":"ReadAction","target":["https:\/\/gruene-jaeger.de\/?page_id=556"]}]},{"@type":"BreadcrumbList","@id":"https:\/\/gruene-jaeger.de\/?page_id=556#breadcrumb","itemListElement":[{"@type":"ListItem","position":1,"name":"Home","item":"https:\/\/gruene-jaeger.de\/"},{"@type":"ListItem","position":2,"name":"Kontakt"}]},{"@type":"WebSite","@id":"https:\/\/gruene-jaeger.de\/#website","url":"https:\/\/gruene-jaeger.de\/","name":"Trachtenkapelle Gr\u00fcne J\u00e4ger e.V.","description":"Musikverein Neusatz - gegr. 1896","publisher":{"@id":"https:\/\/gruene-jaeger.de\/#organization"},"potentialAction":[{"@type":"SearchAction","target":{"@type":"EntryPoint","urlTemplate":"https:\/\/gruene-jaeger.de\/?s={search_term_string}"},"query-input":{"@type":"PropertyValueSpecification","valueRequired":true,"valueName":"search_term_string"}}],"inLanguage":"de"},{"@type":"Organization","@id":"https:\/\/gruene-jaeger.de\/#organization","name":"\"Gr\u00fcne J\u00e4ger\" Musikverein Neusatz e.V.","url":"https:\/\/gruene-jaeger.de\/","logo":{"@type":"ImageObject","inLanguage":"de","@id":"https:\/\/gruene-jaeger.de\/#\/schema\/logo\/image\/","url":"http:\/\/gruene-jaeger.de\/wp-content\/uploads\/2015\/11\/Logo.png","contentUrl":"http:\/\/gruene-jaeger.de\/wp-content\/uploads\/2015\/11\/Logo.png","width":500,"height":500,"caption":"\"Gr\u00fcne J\u00e4ger\" Musikverein Neusatz e.V."},"image":{"@id":"https:\/\/gruene-jaeger.de\/#\/schema\/logo\/image\/"}}]}},"ticketed":false,"_links":{"self":[{"href":"https:\/\/gruene-jaeger.de\/index.php?rest_route=\/wp\/v2\/pages\/556","targetHints":{"allow":["GET"]}}],"collection":[{"href":"https:\/\/gruene-jaeger.de\/index.php?rest_route=\/wp\/v2\/pages"}],"about":[{"href":"https:\/\/gruene-jaeger.de\/index.php?rest_route=\/wp\/v2\/types\/page"}],"author":[{"embeddable":true,"href":"https:\/\/gruene-jaeger.de\/index.php?rest_route=\/wp\/v2\/users\/1"}],"replies":[{"embeddable":true,"href":"https:\/\/gruene-jaeger.de\/index.php?rest_route=%2Fwp%2Fv2%2Fcomments&post=556"}],"version-history":[{"count":9,"href":"https:\/\/gruene-jaeger.de\/index.php?rest_route=\/wp\/v2\/pages\/556\/revisions"}],"predecessor-version":[{"id":3815,"href":"https:\/\/gruene-jaeger.de\/index.php?rest_route=\/wp\/v2\/pages\/556\/revisions\/3815"}],"wp:attachment":[{"href":"https:\/\/gruene-jaeger.de\/index.php?rest_route=%2Fwp%2Fv2%2Fmedia&parent=556"}],"curies":[{"name":"wp","href":"https:\/\/api.w.org\/{rel}","templated":true}]}}