{"id":3520,"date":"2023-09-14T07:34:47","date_gmt":"2023-09-14T05:34:47","guid":{"rendered":"https:\/\/gruene-jaeger.de\/?page_id=3520"},"modified":"2023-09-14T07:40:57","modified_gmt":"2023-09-14T05:40:57","slug":"jaeger-kult-wir-feiern-party-das-etwas-andere-konzert-am-02-10-2023","status":"publish","type":"page","link":"https:\/\/gruene-jaeger.de\/?page_id=3520","title":{"rendered":"J\u00e4ger &#8211; Kult: wir feiern Party! das etwas andere Konzert am 02.10.2023"},"content":{"rendered":"\n<figure class=\"wp-block-image size-full\"><a href=\"https:\/\/gruene-jaeger.de\/wp-content\/uploads\/2023\/09\/Plakat_Kultparty-1.jpg\"><img loading=\"lazy\" decoding=\"async\" width=\"750\" height=\"375\" src=\"https:\/\/gruene-jaeger.de\/wp-content\/uploads\/2023\/09\/Plakat_Kultparty-1.jpg\" alt=\"\" class=\"wp-image-3501\" srcset=\"https:\/\/gruene-jaeger.de\/wp-content\/uploads\/2023\/09\/Plakat_Kultparty-1.jpg 750w, https:\/\/gruene-jaeger.de\/wp-content\/uploads\/2023\/09\/Plakat_Kultparty-1-300x150.jpg 300w, https:\/\/gruene-jaeger.de\/wp-content\/uploads\/2023\/09\/Plakat_Kultparty-1-500x250.jpg 500w\" sizes=\"auto, (max-width: 750px) 100vw, 750px\" \/><\/a><\/figure>\n\n\n\n<p>In der <a href=\"https:\/\/tinyurl.com\/3zn5e87t\" target=\"_blank\" rel=\"noopener\">Endphase der langj\u00e4hrigen T\u00e4tigkeit unseres Dirigenten<\/a> haben wir uns ein etwas anderes Konzert einfallen lassen. Lassen Sie sich \u00fcberraschen vom speziellen Ambiente \u2013 dieses Mal mit Bestuhlung inklusive Tischen f\u00fcr eine lockere Partyatmosph\u00e4re!<\/p>\n<p>Moderation:&nbsp; Karl Fr\u00fch<\/p>\n<p>Eintritt:&nbsp;&nbsp;&nbsp;&nbsp;&nbsp;&nbsp;&nbsp;&nbsp;&nbsp; 5,00 \u20ac \/Abendkasse 6 \u20ac<\/p>\n<p>Karten sind ab sofort bei allen MusikerInnen zu erhalten!<\/p>\n<p style=\"text-align: center;\"><strong>Herzliche Einladung !<\/strong><\/p>\n","protected":false},"excerpt":{"rendered":"<p>In der Endphase der langj\u00e4hrigen T\u00e4tigkeit unseres Dirigenten haben wir uns ein etwas anderes Konzert einfallen lassen. Lassen Sie sich \u00fcberraschen vom speziellen Ambiente \u2013 dieses Mal mit Bestuhlung inklusive Tischen f\u00fcr eine lockere Partyatmosph\u00e4re! Moderation:&nbsp; Karl Fr\u00fch Eintritt:&nbsp;&nbsp;&nbsp;&nbsp;&nbsp;&nbsp;&nbsp;&nbsp;&nbsp; 5,00 &hellip; <a href=\"https:\/\/gruene-jaeger.de\/?page_id=3520\">Weiterlesen <span class=\"meta-nav\">&rarr;<\/span><\/a><\/p>\n","protected":false},"author":5,"featured_media":0,"parent":31,"menu_order":0,"comment_status":"closed","ping_status":"closed","template":"","meta":{"_acf_changed":false,"_crdt_document":"","ngg_post_thumbnail":0,"_price":"","_stock":"","_tribe_ticket_header":"","_tribe_default_ticket_provider":"","_tribe_ticket_capacity":"0","_ticket_start_date":"","_ticket_end_date":"","_tribe_ticket_show_description":"","_tribe_ticket_show_not_going":false,"_tribe_ticket_use_global_stock":"","_tribe_ticket_global_stock_level":"","_global_stock_mode":"","_global_stock_cap":"","_tribe_rsvp_for_event":"","_tribe_ticket_going_count":"","_tribe_ticket_not_going_count":"","_tribe_tickets_list":"[]","_tribe_ticket_has_attendee_info_fields":false,"footnotes":"","_tec_slr_enabled":"","_tec_slr_layout":""},"class_list":["post-3520","page","type-page","status-publish","hentry"],"acf":[],"yoast_head":"<!-- This site is optimized with the Yoast SEO plugin v27.6 - https:\/\/yoast.com\/product\/yoast-seo-wordpress\/ -->\n<title>J\u00e4ger - Kult: wir feiern Party! das etwas andere Konzert am 02.10.2023 - Trachtenkapelle Gr\u00fcne J\u00e4ger e.V.<\/title>\n<meta name=\"robots\" content=\"index, follow, max-snippet:-1, max-image-preview:large, max-video-preview:-1\" \/>\n<link rel=\"canonical\" href=\"https:\/\/gruene-jaeger.de\/?page_id=3520\" \/>\n<meta property=\"og:locale\" content=\"de_DE\" \/>\n<meta property=\"og:type\" content=\"article\" \/>\n<meta property=\"og:title\" content=\"J\u00e4ger - Kult: wir feiern Party! das etwas andere Konzert am 02.10.2023 - Trachtenkapelle Gr\u00fcne J\u00e4ger e.V.\" \/>\n<meta property=\"og:description\" content=\"In der Endphase der langj\u00e4hrigen T\u00e4tigkeit unseres Dirigenten haben wir uns ein etwas anderes Konzert einfallen lassen. Lassen Sie sich \u00fcberraschen vom speziellen Ambiente \u2013 dieses Mal mit Bestuhlung inklusive Tischen f\u00fcr eine lockere Partyatmosph\u00e4re! Moderation:&nbsp; Karl Fr\u00fch Eintritt:&nbsp;&nbsp;&nbsp;&nbsp;&nbsp;&nbsp;&nbsp;&nbsp;&nbsp; 5,00 &hellip; Weiterlesen &rarr;\" \/>\n<meta property=\"og:url\" content=\"https:\/\/gruene-jaeger.de\/?page_id=3520\" \/>\n<meta property=\"og:site_name\" content=\"Trachtenkapelle Gr\u00fcne J\u00e4ger e.V.\" \/>\n<meta property=\"article:modified_time\" content=\"2023-09-14T05:40:57+00:00\" \/>\n<meta property=\"og:image\" content=\"https:\/\/gruene-jaeger.de\/wp-content\/uploads\/2023\/09\/Plakat_Kultparty-1.jpg\" \/>\n<meta name=\"twitter:label1\" content=\"Gesch\u00e4tzte Lesezeit\" \/>\n\t<meta name=\"twitter:data1\" content=\"1\u00a0Minute\" \/>\n<script type=\"application\/ld+json\" class=\"yoast-schema-graph\">{\"@context\":\"https:\\\/\\\/schema.org\",\"@graph\":[{\"@type\":\"WebPage\",\"@id\":\"https:\\\/\\\/gruene-jaeger.de\\\/?page_id=3520\",\"url\":\"https:\\\/\\\/gruene-jaeger.de\\\/?page_id=3520\",\"name\":\"J\u00e4ger - Kult: wir feiern Party! das etwas andere Konzert am 02.10.2023 - Trachtenkapelle Gr\u00fcne J\u00e4ger e.V.\",\"isPartOf\":{\"@id\":\"https:\\\/\\\/gruene-jaeger.de\\\/#website\"},\"primaryImageOfPage\":{\"@id\":\"https:\\\/\\\/gruene-jaeger.de\\\/?page_id=3520#primaryimage\"},\"image\":{\"@id\":\"https:\\\/\\\/gruene-jaeger.de\\\/?page_id=3520#primaryimage\"},\"thumbnailUrl\":\"https:\\\/\\\/gruene-jaeger.de\\\/wp-content\\\/uploads\\\/2023\\\/09\\\/Plakat_Kultparty-1.jpg\",\"datePublished\":\"2023-09-14T05:34:47+00:00\",\"dateModified\":\"2023-09-14T05:40:57+00:00\",\"breadcrumb\":{\"@id\":\"https:\\\/\\\/gruene-jaeger.de\\\/?page_id=3520#breadcrumb\"},\"inLanguage\":\"de\",\"potentialAction\":[{\"@type\":\"ReadAction\",\"target\":[\"https:\\\/\\\/gruene-jaeger.de\\\/?page_id=3520\"]}]},{\"@type\":\"ImageObject\",\"inLanguage\":\"de\",\"@id\":\"https:\\\/\\\/gruene-jaeger.de\\\/?page_id=3520#primaryimage\",\"url\":\"https:\\\/\\\/gruene-jaeger.de\\\/wp-content\\\/uploads\\\/2023\\\/09\\\/Plakat_Kultparty-1.jpg\",\"contentUrl\":\"https:\\\/\\\/gruene-jaeger.de\\\/wp-content\\\/uploads\\\/2023\\\/09\\\/Plakat_Kultparty-1.jpg\"},{\"@type\":\"BreadcrumbList\",\"@id\":\"https:\\\/\\\/gruene-jaeger.de\\\/?page_id=3520#breadcrumb\",\"itemListElement\":[{\"@type\":\"ListItem\",\"position\":1,\"name\":\"Home\",\"item\":\"https:\\\/\\\/gruene-jaeger.de\\\/\"},{\"@type\":\"ListItem\",\"position\":2,\"name\":\"Veranstaltungen\",\"item\":\"https:\\\/\\\/gruene-jaeger.de\\\/?page_id=31\"},{\"@type\":\"ListItem\",\"position\":3,\"name\":\"J\u00e4ger &#8211; Kult: wir feiern Party! das etwas andere Konzert am 02.10.2023\"}]},{\"@type\":\"WebSite\",\"@id\":\"https:\\\/\\\/gruene-jaeger.de\\\/#website\",\"url\":\"https:\\\/\\\/gruene-jaeger.de\\\/\",\"name\":\"Trachtenkapelle Gr\u00fcne J\u00e4ger e.V.\",\"description\":\"Musikverein Neusatz - gegr. 1896\",\"publisher\":{\"@id\":\"https:\\\/\\\/gruene-jaeger.de\\\/#organization\"},\"potentialAction\":[{\"@type\":\"SearchAction\",\"target\":{\"@type\":\"EntryPoint\",\"urlTemplate\":\"https:\\\/\\\/gruene-jaeger.de\\\/?s={search_term_string}\"},\"query-input\":{\"@type\":\"PropertyValueSpecification\",\"valueRequired\":true,\"valueName\":\"search_term_string\"}}],\"inLanguage\":\"de\"},{\"@type\":\"Organization\",\"@id\":\"https:\\\/\\\/gruene-jaeger.de\\\/#organization\",\"name\":\"\\\"Gr\u00fcne J\u00e4ger\\\" Musikverein Neusatz e.V.\",\"url\":\"https:\\\/\\\/gruene-jaeger.de\\\/\",\"logo\":{\"@type\":\"ImageObject\",\"inLanguage\":\"de\",\"@id\":\"https:\\\/\\\/gruene-jaeger.de\\\/#\\\/schema\\\/logo\\\/image\\\/\",\"url\":\"http:\\\/\\\/gruene-jaeger.de\\\/wp-content\\\/uploads\\\/2015\\\/11\\\/Logo.png\",\"contentUrl\":\"http:\\\/\\\/gruene-jaeger.de\\\/wp-content\\\/uploads\\\/2015\\\/11\\\/Logo.png\",\"width\":500,\"height\":500,\"caption\":\"\\\"Gr\u00fcne J\u00e4ger\\\" Musikverein Neusatz e.V.\"},\"image\":{\"@id\":\"https:\\\/\\\/gruene-jaeger.de\\\/#\\\/schema\\\/logo\\\/image\\\/\"}}]}<\/script>\n<!-- \/ Yoast SEO plugin. -->","yoast_head_json":{"title":"J\u00e4ger - Kult: wir feiern Party! das etwas andere Konzert am 02.10.2023 - Trachtenkapelle Gr\u00fcne J\u00e4ger e.V.","robots":{"index":"index","follow":"follow","max-snippet":"max-snippet:-1","max-image-preview":"max-image-preview:large","max-video-preview":"max-video-preview:-1"},"canonical":"https:\/\/gruene-jaeger.de\/?page_id=3520","og_locale":"de_DE","og_type":"article","og_title":"J\u00e4ger - Kult: wir feiern Party! das etwas andere Konzert am 02.10.2023 - Trachtenkapelle Gr\u00fcne J\u00e4ger e.V.","og_description":"In der Endphase der langj\u00e4hrigen T\u00e4tigkeit unseres Dirigenten haben wir uns ein etwas anderes Konzert einfallen lassen. Lassen Sie sich \u00fcberraschen vom speziellen Ambiente \u2013 dieses Mal mit Bestuhlung inklusive Tischen f\u00fcr eine lockere Partyatmosph\u00e4re! Moderation:&nbsp; Karl Fr\u00fch Eintritt:&nbsp;&nbsp;&nbsp;&nbsp;&nbsp;&nbsp;&nbsp;&nbsp;&nbsp; 5,00 &hellip; Weiterlesen &rarr;","og_url":"https:\/\/gruene-jaeger.de\/?page_id=3520","og_site_name":"Trachtenkapelle Gr\u00fcne J\u00e4ger e.V.","article_modified_time":"2023-09-14T05:40:57+00:00","og_image":[{"url":"https:\/\/gruene-jaeger.de\/wp-content\/uploads\/2023\/09\/Plakat_Kultparty-1.jpg","type":"","width":"","height":""}],"twitter_misc":{"Gesch\u00e4tzte Lesezeit":"1\u00a0Minute"},"schema":{"@context":"https:\/\/schema.org","@graph":[{"@type":"WebPage","@id":"https:\/\/gruene-jaeger.de\/?page_id=3520","url":"https:\/\/gruene-jaeger.de\/?page_id=3520","name":"J\u00e4ger - Kult: wir feiern Party! das etwas andere Konzert am 02.10.2023 - Trachtenkapelle Gr\u00fcne J\u00e4ger e.V.","isPartOf":{"@id":"https:\/\/gruene-jaeger.de\/#website"},"primaryImageOfPage":{"@id":"https:\/\/gruene-jaeger.de\/?page_id=3520#primaryimage"},"image":{"@id":"https:\/\/gruene-jaeger.de\/?page_id=3520#primaryimage"},"thumbnailUrl":"https:\/\/gruene-jaeger.de\/wp-content\/uploads\/2023\/09\/Plakat_Kultparty-1.jpg","datePublished":"2023-09-14T05:34:47+00:00","dateModified":"2023-09-14T05:40:57+00:00","breadcrumb":{"@id":"https:\/\/gruene-jaeger.de\/?page_id=3520#breadcrumb"},"inLanguage":"de","potentialAction":[{"@type":"ReadAction","target":["https:\/\/gruene-jaeger.de\/?page_id=3520"]}]},{"@type":"ImageObject","inLanguage":"de","@id":"https:\/\/gruene-jaeger.de\/?page_id=3520#primaryimage","url":"https:\/\/gruene-jaeger.de\/wp-content\/uploads\/2023\/09\/Plakat_Kultparty-1.jpg","contentUrl":"https:\/\/gruene-jaeger.de\/wp-content\/uploads\/2023\/09\/Plakat_Kultparty-1.jpg"},{"@type":"BreadcrumbList","@id":"https:\/\/gruene-jaeger.de\/?page_id=3520#breadcrumb","itemListElement":[{"@type":"ListItem","position":1,"name":"Home","item":"https:\/\/gruene-jaeger.de\/"},{"@type":"ListItem","position":2,"name":"Veranstaltungen","item":"https:\/\/gruene-jaeger.de\/?page_id=31"},{"@type":"ListItem","position":3,"name":"J\u00e4ger &#8211; Kult: wir feiern Party! das etwas andere Konzert am 02.10.2023"}]},{"@type":"WebSite","@id":"https:\/\/gruene-jaeger.de\/#website","url":"https:\/\/gruene-jaeger.de\/","name":"Trachtenkapelle Gr\u00fcne J\u00e4ger e.V.","description":"Musikverein Neusatz - gegr. 1896","publisher":{"@id":"https:\/\/gruene-jaeger.de\/#organization"},"potentialAction":[{"@type":"SearchAction","target":{"@type":"EntryPoint","urlTemplate":"https:\/\/gruene-jaeger.de\/?s={search_term_string}"},"query-input":{"@type":"PropertyValueSpecification","valueRequired":true,"valueName":"search_term_string"}}],"inLanguage":"de"},{"@type":"Organization","@id":"https:\/\/gruene-jaeger.de\/#organization","name":"\"Gr\u00fcne J\u00e4ger\" Musikverein Neusatz e.V.","url":"https:\/\/gruene-jaeger.de\/","logo":{"@type":"ImageObject","inLanguage":"de","@id":"https:\/\/gruene-jaeger.de\/#\/schema\/logo\/image\/","url":"http:\/\/gruene-jaeger.de\/wp-content\/uploads\/2015\/11\/Logo.png","contentUrl":"http:\/\/gruene-jaeger.de\/wp-content\/uploads\/2015\/11\/Logo.png","width":500,"height":500,"caption":"\"Gr\u00fcne J\u00e4ger\" Musikverein Neusatz e.V."},"image":{"@id":"https:\/\/gruene-jaeger.de\/#\/schema\/logo\/image\/"}}]}},"ticketed":false,"_links":{"self":[{"href":"https:\/\/gruene-jaeger.de\/index.php?rest_route=\/wp\/v2\/pages\/3520","targetHints":{"allow":["GET"]}}],"collection":[{"href":"https:\/\/gruene-jaeger.de\/index.php?rest_route=\/wp\/v2\/pages"}],"about":[{"href":"https:\/\/gruene-jaeger.de\/index.php?rest_route=\/wp\/v2\/types\/page"}],"author":[{"embeddable":true,"href":"https:\/\/gruene-jaeger.de\/index.php?rest_route=\/wp\/v2\/users\/5"}],"replies":[{"embeddable":true,"href":"https:\/\/gruene-jaeger.de\/index.php?rest_route=%2Fwp%2Fv2%2Fcomments&post=3520"}],"version-history":[{"count":3,"href":"https:\/\/gruene-jaeger.de\/index.php?rest_route=\/wp\/v2\/pages\/3520\/revisions"}],"predecessor-version":[{"id":3526,"href":"https:\/\/gruene-jaeger.de\/index.php?rest_route=\/wp\/v2\/pages\/3520\/revisions\/3526"}],"up":[{"embeddable":true,"href":"https:\/\/gruene-jaeger.de\/index.php?rest_route=\/wp\/v2\/pages\/31"}],"wp:attachment":[{"href":"https:\/\/gruene-jaeger.de\/index.php?rest_route=%2Fwp%2Fv2%2Fmedia&parent=3520"}],"curies":[{"name":"wp","href":"https:\/\/api.w.org\/{rel}","templated":true}]}}