{"id":3476,"date":"2023-08-31T07:52:05","date_gmt":"2023-08-31T05:52:05","guid":{"rendered":"https:\/\/gruene-jaeger.de\/?page_id=3476"},"modified":"2023-08-31T07:52:06","modified_gmt":"2023-08-31T05:52:06","slug":"blockfloetenkurs-fuer-anfaenger","status":"publish","type":"page","link":"https:\/\/gruene-jaeger.de\/?page_id=3476","title":{"rendered":"Blockfl\u00f6tenkurs f\u00fcr Anf\u00e4nger"},"content":{"rendered":"\n<p><a href=\"https:\/\/gruene-jaeger.de\/wp-content\/uploads\/2023\/08\/Blockfloete_Anfaengerkurs2023.jpg\"><img loading=\"lazy\" decoding=\"async\" class=\"aligncenter size-full wp-image-3469\" src=\"https:\/\/gruene-jaeger.de\/wp-content\/uploads\/2023\/08\/Blockfloete_Anfaengerkurs2023.jpg\" alt=\"\" width=\"651\" height=\"750\" srcset=\"https:\/\/gruene-jaeger.de\/wp-content\/uploads\/2023\/08\/Blockfloete_Anfaengerkurs2023.jpg 651w, https:\/\/gruene-jaeger.de\/wp-content\/uploads\/2023\/08\/Blockfloete_Anfaengerkurs2023-260x300.jpg 260w\" sizes=\"auto, (max-width: 651px) 100vw, 651px\" \/><\/a><\/p>\n\n\n\n<p>Mit dem Neuen Schuljahr 2023\/2024 bieten wir den Erstkl\u00e4sslern den Einstieg in die Welt der Musik mit der Blockfl\u00f6te!<\/p>\n<p>Unser bew\u00e4hrtes Team mit Franziska und Patricia W\u00f6rner vermittelt das Lernen eines Instrumentes mit viel spa\u00df und Spiel!<\/p>\n<p>Flyer mit Details zum Download: <a href=\"http:\/\/www.suema.com\/MV\/Bfu_2023.pdf\">hier<\/a><\/p>\n","protected":false},"excerpt":{"rendered":"<p>Mit dem Neuen Schuljahr 2023\/2024 bieten wir den Erstkl\u00e4sslern den Einstieg in die Welt der Musik mit der Blockfl\u00f6te! Unser bew\u00e4hrtes Team mit Franziska und Patricia W\u00f6rner vermittelt das Lernen eines Instrumentes mit viel spa\u00df und Spiel! Flyer mit Details &hellip; <a href=\"https:\/\/gruene-jaeger.de\/?page_id=3476\">Weiterlesen <span class=\"meta-nav\">&rarr;<\/span><\/a><\/p>\n","protected":false},"author":5,"featured_media":0,"parent":475,"menu_order":0,"comment_status":"closed","ping_status":"closed","template":"","meta":{"_acf_changed":false,"_crdt_document":"","ngg_post_thumbnail":0,"_price":"","_stock":"","_tribe_ticket_header":"","_tribe_default_ticket_provider":"","_tribe_ticket_capacity":"0","_ticket_start_date":"","_ticket_end_date":"","_tribe_ticket_show_description":"","_tribe_ticket_show_not_going":false,"_tribe_ticket_use_global_stock":"","_tribe_ticket_global_stock_level":"","_global_stock_mode":"","_global_stock_cap":"","_tribe_rsvp_for_event":"","_tribe_ticket_going_count":"","_tribe_ticket_not_going_count":"","_tribe_tickets_list":"[]","_tribe_ticket_has_attendee_info_fields":false,"footnotes":"","_tec_slr_enabled":"","_tec_slr_layout":""},"class_list":["post-3476","page","type-page","status-publish","hentry"],"acf":[],"yoast_head":"<!-- This site is optimized with the Yoast SEO plugin v27.4 - https:\/\/yoast.com\/product\/yoast-seo-wordpress\/ -->\n<title>Blockfl\u00f6tenkurs f\u00fcr Anf\u00e4nger - Trachtenkapelle Gr\u00fcne J\u00e4ger e.V.<\/title>\n<meta name=\"robots\" content=\"index, follow, max-snippet:-1, max-image-preview:large, max-video-preview:-1\" \/>\n<link rel=\"canonical\" href=\"https:\/\/gruene-jaeger.de\/?page_id=3476\" \/>\n<meta property=\"og:locale\" content=\"de_DE\" \/>\n<meta property=\"og:type\" content=\"article\" \/>\n<meta property=\"og:title\" content=\"Blockfl\u00f6tenkurs f\u00fcr Anf\u00e4nger - Trachtenkapelle Gr\u00fcne J\u00e4ger e.V.\" \/>\n<meta property=\"og:description\" content=\"Mit dem Neuen Schuljahr 2023\/2024 bieten wir den Erstkl\u00e4sslern den Einstieg in die Welt der Musik mit der Blockfl\u00f6te! Unser bew\u00e4hrtes Team mit Franziska und Patricia W\u00f6rner vermittelt das Lernen eines Instrumentes mit viel spa\u00df und Spiel! Flyer mit Details &hellip; Weiterlesen &rarr;\" \/>\n<meta property=\"og:url\" content=\"https:\/\/gruene-jaeger.de\/?page_id=3476\" \/>\n<meta property=\"og:site_name\" content=\"Trachtenkapelle Gr\u00fcne J\u00e4ger e.V.\" \/>\n<meta property=\"article:modified_time\" content=\"2023-08-31T05:52:06+00:00\" \/>\n<meta property=\"og:image\" content=\"https:\/\/gruene-jaeger.de\/wp-content\/uploads\/2023\/08\/Blockfloete_Anfaengerkurs2023.jpg\" \/>\n<meta name=\"twitter:label1\" content=\"Gesch\u00e4tzte Lesezeit\" \/>\n\t<meta name=\"twitter:data1\" content=\"1\u00a0Minute\" \/>\n<script type=\"application\/ld+json\" class=\"yoast-schema-graph\">{\"@context\":\"https:\\\/\\\/schema.org\",\"@graph\":[{\"@type\":\"WebPage\",\"@id\":\"https:\\\/\\\/gruene-jaeger.de\\\/?page_id=3476\",\"url\":\"https:\\\/\\\/gruene-jaeger.de\\\/?page_id=3476\",\"name\":\"Blockfl\u00f6tenkurs f\u00fcr Anf\u00e4nger - Trachtenkapelle Gr\u00fcne J\u00e4ger e.V.\",\"isPartOf\":{\"@id\":\"https:\\\/\\\/gruene-jaeger.de\\\/#website\"},\"primaryImageOfPage\":{\"@id\":\"https:\\\/\\\/gruene-jaeger.de\\\/?page_id=3476#primaryimage\"},\"image\":{\"@id\":\"https:\\\/\\\/gruene-jaeger.de\\\/?page_id=3476#primaryimage\"},\"thumbnailUrl\":\"https:\\\/\\\/gruene-jaeger.de\\\/wp-content\\\/uploads\\\/2023\\\/08\\\/Blockfloete_Anfaengerkurs2023.jpg\",\"datePublished\":\"2023-08-31T05:52:05+00:00\",\"dateModified\":\"2023-08-31T05:52:06+00:00\",\"breadcrumb\":{\"@id\":\"https:\\\/\\\/gruene-jaeger.de\\\/?page_id=3476#breadcrumb\"},\"inLanguage\":\"de\",\"potentialAction\":[{\"@type\":\"ReadAction\",\"target\":[\"https:\\\/\\\/gruene-jaeger.de\\\/?page_id=3476\"]}]},{\"@type\":\"ImageObject\",\"inLanguage\":\"de\",\"@id\":\"https:\\\/\\\/gruene-jaeger.de\\\/?page_id=3476#primaryimage\",\"url\":\"https:\\\/\\\/gruene-jaeger.de\\\/wp-content\\\/uploads\\\/2023\\\/08\\\/Blockfloete_Anfaengerkurs2023.jpg\",\"contentUrl\":\"https:\\\/\\\/gruene-jaeger.de\\\/wp-content\\\/uploads\\\/2023\\\/08\\\/Blockfloete_Anfaengerkurs2023.jpg\"},{\"@type\":\"BreadcrumbList\",\"@id\":\"https:\\\/\\\/gruene-jaeger.de\\\/?page_id=3476#breadcrumb\",\"itemListElement\":[{\"@type\":\"ListItem\",\"position\":1,\"name\":\"Home\",\"item\":\"https:\\\/\\\/gruene-jaeger.de\\\/\"},{\"@type\":\"ListItem\",\"position\":2,\"name\":\"Jugendkapelle\",\"item\":\"https:\\\/\\\/gruene-jaeger.de\\\/?page_id=36\"},{\"@type\":\"ListItem\",\"position\":3,\"name\":\"Ausbildung\",\"item\":\"https:\\\/\\\/gruene-jaeger.de\\\/?page_id=475\"},{\"@type\":\"ListItem\",\"position\":4,\"name\":\"Blockfl\u00f6tenkurs f\u00fcr Anf\u00e4nger\"}]},{\"@type\":\"WebSite\",\"@id\":\"https:\\\/\\\/gruene-jaeger.de\\\/#website\",\"url\":\"https:\\\/\\\/gruene-jaeger.de\\\/\",\"name\":\"Trachtenkapelle Gr\u00fcne J\u00e4ger e.V.\",\"description\":\"Musikverein Neusatz - gegr. 1896\",\"publisher\":{\"@id\":\"https:\\\/\\\/gruene-jaeger.de\\\/#organization\"},\"potentialAction\":[{\"@type\":\"SearchAction\",\"target\":{\"@type\":\"EntryPoint\",\"urlTemplate\":\"https:\\\/\\\/gruene-jaeger.de\\\/?s={search_term_string}\"},\"query-input\":{\"@type\":\"PropertyValueSpecification\",\"valueRequired\":true,\"valueName\":\"search_term_string\"}}],\"inLanguage\":\"de\"},{\"@type\":\"Organization\",\"@id\":\"https:\\\/\\\/gruene-jaeger.de\\\/#organization\",\"name\":\"\\\"Gr\u00fcne J\u00e4ger\\\" Musikverein Neusatz e.V.\",\"url\":\"https:\\\/\\\/gruene-jaeger.de\\\/\",\"logo\":{\"@type\":\"ImageObject\",\"inLanguage\":\"de\",\"@id\":\"https:\\\/\\\/gruene-jaeger.de\\\/#\\\/schema\\\/logo\\\/image\\\/\",\"url\":\"http:\\\/\\\/gruene-jaeger.de\\\/wp-content\\\/uploads\\\/2015\\\/11\\\/Logo.png\",\"contentUrl\":\"http:\\\/\\\/gruene-jaeger.de\\\/wp-content\\\/uploads\\\/2015\\\/11\\\/Logo.png\",\"width\":500,\"height\":500,\"caption\":\"\\\"Gr\u00fcne J\u00e4ger\\\" Musikverein Neusatz e.V.\"},\"image\":{\"@id\":\"https:\\\/\\\/gruene-jaeger.de\\\/#\\\/schema\\\/logo\\\/image\\\/\"}}]}<\/script>\n<!-- \/ Yoast SEO plugin. -->","yoast_head_json":{"title":"Blockfl\u00f6tenkurs f\u00fcr Anf\u00e4nger - Trachtenkapelle Gr\u00fcne J\u00e4ger e.V.","robots":{"index":"index","follow":"follow","max-snippet":"max-snippet:-1","max-image-preview":"max-image-preview:large","max-video-preview":"max-video-preview:-1"},"canonical":"https:\/\/gruene-jaeger.de\/?page_id=3476","og_locale":"de_DE","og_type":"article","og_title":"Blockfl\u00f6tenkurs f\u00fcr Anf\u00e4nger - Trachtenkapelle Gr\u00fcne J\u00e4ger e.V.","og_description":"Mit dem Neuen Schuljahr 2023\/2024 bieten wir den Erstkl\u00e4sslern den Einstieg in die Welt der Musik mit der Blockfl\u00f6te! Unser bew\u00e4hrtes Team mit Franziska und Patricia W\u00f6rner vermittelt das Lernen eines Instrumentes mit viel spa\u00df und Spiel! Flyer mit Details &hellip; Weiterlesen &rarr;","og_url":"https:\/\/gruene-jaeger.de\/?page_id=3476","og_site_name":"Trachtenkapelle Gr\u00fcne J\u00e4ger e.V.","article_modified_time":"2023-08-31T05:52:06+00:00","og_image":[{"url":"https:\/\/gruene-jaeger.de\/wp-content\/uploads\/2023\/08\/Blockfloete_Anfaengerkurs2023.jpg","type":"","width":"","height":""}],"twitter_misc":{"Gesch\u00e4tzte Lesezeit":"1\u00a0Minute"},"schema":{"@context":"https:\/\/schema.org","@graph":[{"@type":"WebPage","@id":"https:\/\/gruene-jaeger.de\/?page_id=3476","url":"https:\/\/gruene-jaeger.de\/?page_id=3476","name":"Blockfl\u00f6tenkurs f\u00fcr Anf\u00e4nger - Trachtenkapelle Gr\u00fcne J\u00e4ger e.V.","isPartOf":{"@id":"https:\/\/gruene-jaeger.de\/#website"},"primaryImageOfPage":{"@id":"https:\/\/gruene-jaeger.de\/?page_id=3476#primaryimage"},"image":{"@id":"https:\/\/gruene-jaeger.de\/?page_id=3476#primaryimage"},"thumbnailUrl":"https:\/\/gruene-jaeger.de\/wp-content\/uploads\/2023\/08\/Blockfloete_Anfaengerkurs2023.jpg","datePublished":"2023-08-31T05:52:05+00:00","dateModified":"2023-08-31T05:52:06+00:00","breadcrumb":{"@id":"https:\/\/gruene-jaeger.de\/?page_id=3476#breadcrumb"},"inLanguage":"de","potentialAction":[{"@type":"ReadAction","target":["https:\/\/gruene-jaeger.de\/?page_id=3476"]}]},{"@type":"ImageObject","inLanguage":"de","@id":"https:\/\/gruene-jaeger.de\/?page_id=3476#primaryimage","url":"https:\/\/gruene-jaeger.de\/wp-content\/uploads\/2023\/08\/Blockfloete_Anfaengerkurs2023.jpg","contentUrl":"https:\/\/gruene-jaeger.de\/wp-content\/uploads\/2023\/08\/Blockfloete_Anfaengerkurs2023.jpg"},{"@type":"BreadcrumbList","@id":"https:\/\/gruene-jaeger.de\/?page_id=3476#breadcrumb","itemListElement":[{"@type":"ListItem","position":1,"name":"Home","item":"https:\/\/gruene-jaeger.de\/"},{"@type":"ListItem","position":2,"name":"Jugendkapelle","item":"https:\/\/gruene-jaeger.de\/?page_id=36"},{"@type":"ListItem","position":3,"name":"Ausbildung","item":"https:\/\/gruene-jaeger.de\/?page_id=475"},{"@type":"ListItem","position":4,"name":"Blockfl\u00f6tenkurs f\u00fcr Anf\u00e4nger"}]},{"@type":"WebSite","@id":"https:\/\/gruene-jaeger.de\/#website","url":"https:\/\/gruene-jaeger.de\/","name":"Trachtenkapelle Gr\u00fcne J\u00e4ger e.V.","description":"Musikverein Neusatz - gegr. 1896","publisher":{"@id":"https:\/\/gruene-jaeger.de\/#organization"},"potentialAction":[{"@type":"SearchAction","target":{"@type":"EntryPoint","urlTemplate":"https:\/\/gruene-jaeger.de\/?s={search_term_string}"},"query-input":{"@type":"PropertyValueSpecification","valueRequired":true,"valueName":"search_term_string"}}],"inLanguage":"de"},{"@type":"Organization","@id":"https:\/\/gruene-jaeger.de\/#organization","name":"\"Gr\u00fcne J\u00e4ger\" Musikverein Neusatz e.V.","url":"https:\/\/gruene-jaeger.de\/","logo":{"@type":"ImageObject","inLanguage":"de","@id":"https:\/\/gruene-jaeger.de\/#\/schema\/logo\/image\/","url":"http:\/\/gruene-jaeger.de\/wp-content\/uploads\/2015\/11\/Logo.png","contentUrl":"http:\/\/gruene-jaeger.de\/wp-content\/uploads\/2015\/11\/Logo.png","width":500,"height":500,"caption":"\"Gr\u00fcne J\u00e4ger\" Musikverein Neusatz e.V."},"image":{"@id":"https:\/\/gruene-jaeger.de\/#\/schema\/logo\/image\/"}}]}},"ticketed":false,"_links":{"self":[{"href":"https:\/\/gruene-jaeger.de\/index.php?rest_route=\/wp\/v2\/pages\/3476","targetHints":{"allow":["GET"]}}],"collection":[{"href":"https:\/\/gruene-jaeger.de\/index.php?rest_route=\/wp\/v2\/pages"}],"about":[{"href":"https:\/\/gruene-jaeger.de\/index.php?rest_route=\/wp\/v2\/types\/page"}],"author":[{"embeddable":true,"href":"https:\/\/gruene-jaeger.de\/index.php?rest_route=\/wp\/v2\/users\/5"}],"replies":[{"embeddable":true,"href":"https:\/\/gruene-jaeger.de\/index.php?rest_route=%2Fwp%2Fv2%2Fcomments&post=3476"}],"version-history":[{"count":1,"href":"https:\/\/gruene-jaeger.de\/index.php?rest_route=\/wp\/v2\/pages\/3476\/revisions"}],"predecessor-version":[{"id":3477,"href":"https:\/\/gruene-jaeger.de\/index.php?rest_route=\/wp\/v2\/pages\/3476\/revisions\/3477"}],"up":[{"embeddable":true,"href":"https:\/\/gruene-jaeger.de\/index.php?rest_route=\/wp\/v2\/pages\/475"}],"wp:attachment":[{"href":"https:\/\/gruene-jaeger.de\/index.php?rest_route=%2Fwp%2Fv2%2Fmedia&parent=3476"}],"curies":[{"name":"wp","href":"https:\/\/api.w.org\/{rel}","templated":true}]}}