{"id":3371,"date":"2023-03-06T13:13:07","date_gmt":"2023-03-06T11:13:07","guid":{"rendered":"https:\/\/gruene-jaeger.de\/?page_id=3371"},"modified":"2023-04-17T07:19:18","modified_gmt":"2023-04-17T05:19:18","slug":"jahreskonzert-am-13-05-2023-in-der-schlossberghalle","status":"publish","type":"page","link":"https:\/\/gruene-jaeger.de\/?page_id=3371","title":{"rendered":"Jahreskonzert am 13.05.2023 in der Schlo\u00dfberghalle"},"content":{"rendered":"\n<p><a href=\"https:\/\/gruene-jaeger.de\/wp-content\/uploads\/2023\/04\/konzertplakat_20230513_33-Jahre-Franz-Schindler.jpg\"><img loading=\"lazy\" decoding=\"async\" class=\"aligncenter size-full wp-image-3413\" src=\"https:\/\/gruene-jaeger.de\/wp-content\/uploads\/2023\/04\/konzertplakat_20230513_33-Jahre-Franz-Schindler.jpg\" alt=\"\" width=\"528\" height=\"750\" srcset=\"https:\/\/gruene-jaeger.de\/wp-content\/uploads\/2023\/04\/konzertplakat_20230513_33-Jahre-Franz-Schindler.jpg 528w, https:\/\/gruene-jaeger.de\/wp-content\/uploads\/2023\/04\/konzertplakat_20230513_33-Jahre-Franz-Schindler-211x300.jpg 211w\" sizes=\"auto, (max-width: 528px) 100vw, 528px\" \/><\/a><\/p>\n<p>bereits bei allen MusikerInnen erh\u00e4ltlich:<\/p>\n<p><a href=\"https:\/\/gruene-jaeger.de\/wp-content\/uploads\/2023\/03\/Konzertkarte_2023.jpg\"><img loading=\"lazy\" decoding=\"async\" class=\"aligncenter size-full wp-image-3393\" src=\"https:\/\/gruene-jaeger.de\/wp-content\/uploads\/2023\/03\/Konzertkarte_2023.jpg\" alt=\"\" width=\"1024\" height=\"433\" srcset=\"https:\/\/gruene-jaeger.de\/wp-content\/uploads\/2023\/03\/Konzertkarte_2023.jpg 1024w, https:\/\/gruene-jaeger.de\/wp-content\/uploads\/2023\/03\/Konzertkarte_2023-300x127.jpg 300w, https:\/\/gruene-jaeger.de\/wp-content\/uploads\/2023\/03\/Konzertkarte_2023-768x325.jpg 768w, https:\/\/gruene-jaeger.de\/wp-content\/uploads\/2023\/03\/Konzertkarte_2023-500x211.jpg 500w\" sizes=\"auto, (max-width: 1024px) 100vw, 1024px\" \/><\/a><\/p>\n<p>und damit es schnell geht in der Pause unsere beliebte Premium Karte:<\/p>\n<p><a href=\"https:\/\/gruene-jaeger.de\/wp-content\/uploads\/2023\/03\/Premiumkarte_2023_Muster.jpg\"><img loading=\"lazy\" decoding=\"async\" class=\"aligncenter size-full wp-image-3394\" src=\"https:\/\/gruene-jaeger.de\/wp-content\/uploads\/2023\/03\/Premiumkarte_2023_Muster.jpg\" alt=\"\" width=\"1024\" height=\"410\" srcset=\"https:\/\/gruene-jaeger.de\/wp-content\/uploads\/2023\/03\/Premiumkarte_2023_Muster.jpg 1024w, https:\/\/gruene-jaeger.de\/wp-content\/uploads\/2023\/03\/Premiumkarte_2023_Muster-300x120.jpg 300w, https:\/\/gruene-jaeger.de\/wp-content\/uploads\/2023\/03\/Premiumkarte_2023_Muster-768x308.jpg 768w, https:\/\/gruene-jaeger.de\/wp-content\/uploads\/2023\/03\/Premiumkarte_2023_Muster-500x200.jpg 500w\" sizes=\"auto, (max-width: 1024px) 100vw, 1024px\" \/><\/a><\/p>\n<p>1 Getr\u00e4nk sowie ein Snack erhalten Sie an einer der Ausgabetheken ohne dass Sie mit Bargeld hantieren m\u00fcssen!<\/p>\n","protected":false},"excerpt":{"rendered":"<p>bereits bei allen MusikerInnen erh\u00e4ltlich: und damit es schnell geht in der Pause unsere beliebte Premium Karte: 1 Getr\u00e4nk sowie ein Snack erhalten Sie an einer der Ausgabetheken ohne dass Sie mit Bargeld hantieren m\u00fcssen!<\/p>\n","protected":false},"author":5,"featured_media":0,"parent":0,"menu_order":0,"comment_status":"closed","ping_status":"closed","template":"","meta":{"_acf_changed":false,"_crdt_document":"","ngg_post_thumbnail":0,"_price":"","_stock":"","_tribe_ticket_header":"","_tribe_default_ticket_provider":"","_tribe_ticket_capacity":"0","_ticket_start_date":"","_ticket_end_date":"","_tribe_ticket_show_description":"","_tribe_ticket_show_not_going":false,"_tribe_ticket_use_global_stock":"","_tribe_ticket_global_stock_level":"","_global_stock_mode":"","_global_stock_cap":"","_tribe_rsvp_for_event":"","_tribe_ticket_going_count":"","_tribe_ticket_not_going_count":"","_tribe_tickets_list":"[]","_tribe_ticket_has_attendee_info_fields":false,"footnotes":"","_tec_slr_enabled":"","_tec_slr_layout":""},"class_list":["post-3371","page","type-page","status-publish","hentry"],"acf":[],"yoast_head":"<!-- This site is optimized with the Yoast SEO plugin v27.6 - https:\/\/yoast.com\/product\/yoast-seo-wordpress\/ -->\n<title>Jahreskonzert am 13.05.2023 in der Schlo\u00dfberghalle - Trachtenkapelle Gr\u00fcne J\u00e4ger e.V.<\/title>\n<meta name=\"robots\" content=\"index, follow, max-snippet:-1, max-image-preview:large, max-video-preview:-1\" \/>\n<link rel=\"canonical\" href=\"https:\/\/gruene-jaeger.de\/?page_id=3371\" \/>\n<meta property=\"og:locale\" content=\"de_DE\" \/>\n<meta property=\"og:type\" content=\"article\" \/>\n<meta property=\"og:title\" content=\"Jahreskonzert am 13.05.2023 in der Schlo\u00dfberghalle - Trachtenkapelle Gr\u00fcne J\u00e4ger e.V.\" \/>\n<meta property=\"og:description\" content=\"bereits bei allen MusikerInnen erh\u00e4ltlich: und damit es schnell geht in der Pause unsere beliebte Premium Karte: 1 Getr\u00e4nk sowie ein Snack erhalten Sie an einer der Ausgabetheken ohne dass Sie mit Bargeld hantieren m\u00fcssen!\" \/>\n<meta property=\"og:url\" content=\"https:\/\/gruene-jaeger.de\/?page_id=3371\" \/>\n<meta property=\"og:site_name\" content=\"Trachtenkapelle Gr\u00fcne J\u00e4ger e.V.\" \/>\n<meta property=\"article:modified_time\" content=\"2023-04-17T05:19:18+00:00\" \/>\n<meta property=\"og:image\" content=\"https:\/\/gruene-jaeger.de\/wp-content\/uploads\/2023\/04\/konzertplakat_20230513_33-Jahre-Franz-Schindler.jpg\" \/>\n<meta name=\"twitter:label1\" content=\"Gesch\u00e4tzte Lesezeit\" \/>\n\t<meta name=\"twitter:data1\" content=\"1\u00a0Minute\" \/>\n<script type=\"application\/ld+json\" class=\"yoast-schema-graph\">{\"@context\":\"https:\\\/\\\/schema.org\",\"@graph\":[{\"@type\":\"WebPage\",\"@id\":\"https:\\\/\\\/gruene-jaeger.de\\\/?page_id=3371\",\"url\":\"https:\\\/\\\/gruene-jaeger.de\\\/?page_id=3371\",\"name\":\"Jahreskonzert am 13.05.2023 in der Schlo\u00dfberghalle - Trachtenkapelle Gr\u00fcne J\u00e4ger e.V.\",\"isPartOf\":{\"@id\":\"https:\\\/\\\/gruene-jaeger.de\\\/#website\"},\"primaryImageOfPage\":{\"@id\":\"https:\\\/\\\/gruene-jaeger.de\\\/?page_id=3371#primaryimage\"},\"image\":{\"@id\":\"https:\\\/\\\/gruene-jaeger.de\\\/?page_id=3371#primaryimage\"},\"thumbnailUrl\":\"https:\\\/\\\/gruene-jaeger.de\\\/wp-content\\\/uploads\\\/2023\\\/04\\\/konzertplakat_20230513_33-Jahre-Franz-Schindler.jpg\",\"datePublished\":\"2023-03-06T11:13:07+00:00\",\"dateModified\":\"2023-04-17T05:19:18+00:00\",\"breadcrumb\":{\"@id\":\"https:\\\/\\\/gruene-jaeger.de\\\/?page_id=3371#breadcrumb\"},\"inLanguage\":\"de\",\"potentialAction\":[{\"@type\":\"ReadAction\",\"target\":[\"https:\\\/\\\/gruene-jaeger.de\\\/?page_id=3371\"]}]},{\"@type\":\"ImageObject\",\"inLanguage\":\"de\",\"@id\":\"https:\\\/\\\/gruene-jaeger.de\\\/?page_id=3371#primaryimage\",\"url\":\"https:\\\/\\\/gruene-jaeger.de\\\/wp-content\\\/uploads\\\/2023\\\/04\\\/konzertplakat_20230513_33-Jahre-Franz-Schindler.jpg\",\"contentUrl\":\"https:\\\/\\\/gruene-jaeger.de\\\/wp-content\\\/uploads\\\/2023\\\/04\\\/konzertplakat_20230513_33-Jahre-Franz-Schindler.jpg\"},{\"@type\":\"BreadcrumbList\",\"@id\":\"https:\\\/\\\/gruene-jaeger.de\\\/?page_id=3371#breadcrumb\",\"itemListElement\":[{\"@type\":\"ListItem\",\"position\":1,\"name\":\"Home\",\"item\":\"https:\\\/\\\/gruene-jaeger.de\\\/\"},{\"@type\":\"ListItem\",\"position\":2,\"name\":\"Jahreskonzert am 13.05.2023 in der Schlo\u00dfberghalle\"}]},{\"@type\":\"WebSite\",\"@id\":\"https:\\\/\\\/gruene-jaeger.de\\\/#website\",\"url\":\"https:\\\/\\\/gruene-jaeger.de\\\/\",\"name\":\"Trachtenkapelle Gr\u00fcne J\u00e4ger e.V.\",\"description\":\"Musikverein Neusatz - gegr. 1896\",\"publisher\":{\"@id\":\"https:\\\/\\\/gruene-jaeger.de\\\/#organization\"},\"potentialAction\":[{\"@type\":\"SearchAction\",\"target\":{\"@type\":\"EntryPoint\",\"urlTemplate\":\"https:\\\/\\\/gruene-jaeger.de\\\/?s={search_term_string}\"},\"query-input\":{\"@type\":\"PropertyValueSpecification\",\"valueRequired\":true,\"valueName\":\"search_term_string\"}}],\"inLanguage\":\"de\"},{\"@type\":\"Organization\",\"@id\":\"https:\\\/\\\/gruene-jaeger.de\\\/#organization\",\"name\":\"\\\"Gr\u00fcne J\u00e4ger\\\" Musikverein Neusatz e.V.\",\"url\":\"https:\\\/\\\/gruene-jaeger.de\\\/\",\"logo\":{\"@type\":\"ImageObject\",\"inLanguage\":\"de\",\"@id\":\"https:\\\/\\\/gruene-jaeger.de\\\/#\\\/schema\\\/logo\\\/image\\\/\",\"url\":\"http:\\\/\\\/gruene-jaeger.de\\\/wp-content\\\/uploads\\\/2015\\\/11\\\/Logo.png\",\"contentUrl\":\"http:\\\/\\\/gruene-jaeger.de\\\/wp-content\\\/uploads\\\/2015\\\/11\\\/Logo.png\",\"width\":500,\"height\":500,\"caption\":\"\\\"Gr\u00fcne J\u00e4ger\\\" Musikverein Neusatz e.V.\"},\"image\":{\"@id\":\"https:\\\/\\\/gruene-jaeger.de\\\/#\\\/schema\\\/logo\\\/image\\\/\"}}]}<\/script>\n<!-- \/ Yoast SEO plugin. -->","yoast_head_json":{"title":"Jahreskonzert am 13.05.2023 in der Schlo\u00dfberghalle - Trachtenkapelle Gr\u00fcne J\u00e4ger e.V.","robots":{"index":"index","follow":"follow","max-snippet":"max-snippet:-1","max-image-preview":"max-image-preview:large","max-video-preview":"max-video-preview:-1"},"canonical":"https:\/\/gruene-jaeger.de\/?page_id=3371","og_locale":"de_DE","og_type":"article","og_title":"Jahreskonzert am 13.05.2023 in der Schlo\u00dfberghalle - Trachtenkapelle Gr\u00fcne J\u00e4ger e.V.","og_description":"bereits bei allen MusikerInnen erh\u00e4ltlich: und damit es schnell geht in der Pause unsere beliebte Premium Karte: 1 Getr\u00e4nk sowie ein Snack erhalten Sie an einer der Ausgabetheken ohne dass Sie mit Bargeld hantieren m\u00fcssen!","og_url":"https:\/\/gruene-jaeger.de\/?page_id=3371","og_site_name":"Trachtenkapelle Gr\u00fcne J\u00e4ger e.V.","article_modified_time":"2023-04-17T05:19:18+00:00","og_image":[{"url":"https:\/\/gruene-jaeger.de\/wp-content\/uploads\/2023\/04\/konzertplakat_20230513_33-Jahre-Franz-Schindler.jpg","type":"","width":"","height":""}],"twitter_misc":{"Gesch\u00e4tzte Lesezeit":"1\u00a0Minute"},"schema":{"@context":"https:\/\/schema.org","@graph":[{"@type":"WebPage","@id":"https:\/\/gruene-jaeger.de\/?page_id=3371","url":"https:\/\/gruene-jaeger.de\/?page_id=3371","name":"Jahreskonzert am 13.05.2023 in der Schlo\u00dfberghalle - Trachtenkapelle Gr\u00fcne J\u00e4ger e.V.","isPartOf":{"@id":"https:\/\/gruene-jaeger.de\/#website"},"primaryImageOfPage":{"@id":"https:\/\/gruene-jaeger.de\/?page_id=3371#primaryimage"},"image":{"@id":"https:\/\/gruene-jaeger.de\/?page_id=3371#primaryimage"},"thumbnailUrl":"https:\/\/gruene-jaeger.de\/wp-content\/uploads\/2023\/04\/konzertplakat_20230513_33-Jahre-Franz-Schindler.jpg","datePublished":"2023-03-06T11:13:07+00:00","dateModified":"2023-04-17T05:19:18+00:00","breadcrumb":{"@id":"https:\/\/gruene-jaeger.de\/?page_id=3371#breadcrumb"},"inLanguage":"de","potentialAction":[{"@type":"ReadAction","target":["https:\/\/gruene-jaeger.de\/?page_id=3371"]}]},{"@type":"ImageObject","inLanguage":"de","@id":"https:\/\/gruene-jaeger.de\/?page_id=3371#primaryimage","url":"https:\/\/gruene-jaeger.de\/wp-content\/uploads\/2023\/04\/konzertplakat_20230513_33-Jahre-Franz-Schindler.jpg","contentUrl":"https:\/\/gruene-jaeger.de\/wp-content\/uploads\/2023\/04\/konzertplakat_20230513_33-Jahre-Franz-Schindler.jpg"},{"@type":"BreadcrumbList","@id":"https:\/\/gruene-jaeger.de\/?page_id=3371#breadcrumb","itemListElement":[{"@type":"ListItem","position":1,"name":"Home","item":"https:\/\/gruene-jaeger.de\/"},{"@type":"ListItem","position":2,"name":"Jahreskonzert am 13.05.2023 in der Schlo\u00dfberghalle"}]},{"@type":"WebSite","@id":"https:\/\/gruene-jaeger.de\/#website","url":"https:\/\/gruene-jaeger.de\/","name":"Trachtenkapelle Gr\u00fcne J\u00e4ger e.V.","description":"Musikverein Neusatz - gegr. 1896","publisher":{"@id":"https:\/\/gruene-jaeger.de\/#organization"},"potentialAction":[{"@type":"SearchAction","target":{"@type":"EntryPoint","urlTemplate":"https:\/\/gruene-jaeger.de\/?s={search_term_string}"},"query-input":{"@type":"PropertyValueSpecification","valueRequired":true,"valueName":"search_term_string"}}],"inLanguage":"de"},{"@type":"Organization","@id":"https:\/\/gruene-jaeger.de\/#organization","name":"\"Gr\u00fcne J\u00e4ger\" Musikverein Neusatz e.V.","url":"https:\/\/gruene-jaeger.de\/","logo":{"@type":"ImageObject","inLanguage":"de","@id":"https:\/\/gruene-jaeger.de\/#\/schema\/logo\/image\/","url":"http:\/\/gruene-jaeger.de\/wp-content\/uploads\/2015\/11\/Logo.png","contentUrl":"http:\/\/gruene-jaeger.de\/wp-content\/uploads\/2015\/11\/Logo.png","width":500,"height":500,"caption":"\"Gr\u00fcne J\u00e4ger\" Musikverein Neusatz e.V."},"image":{"@id":"https:\/\/gruene-jaeger.de\/#\/schema\/logo\/image\/"}}]}},"ticketed":false,"_links":{"self":[{"href":"https:\/\/gruene-jaeger.de\/index.php?rest_route=\/wp\/v2\/pages\/3371","targetHints":{"allow":["GET"]}}],"collection":[{"href":"https:\/\/gruene-jaeger.de\/index.php?rest_route=\/wp\/v2\/pages"}],"about":[{"href":"https:\/\/gruene-jaeger.de\/index.php?rest_route=\/wp\/v2\/types\/page"}],"author":[{"embeddable":true,"href":"https:\/\/gruene-jaeger.de\/index.php?rest_route=\/wp\/v2\/users\/5"}],"replies":[{"embeddable":true,"href":"https:\/\/gruene-jaeger.de\/index.php?rest_route=%2Fwp%2Fv2%2Fcomments&post=3371"}],"version-history":[{"count":3,"href":"https:\/\/gruene-jaeger.de\/index.php?rest_route=\/wp\/v2\/pages\/3371\/revisions"}],"predecessor-version":[{"id":3415,"href":"https:\/\/gruene-jaeger.de\/index.php?rest_route=\/wp\/v2\/pages\/3371\/revisions\/3415"}],"wp:attachment":[{"href":"https:\/\/gruene-jaeger.de\/index.php?rest_route=%2Fwp%2Fv2%2Fmedia&parent=3371"}],"curies":[{"name":"wp","href":"https:\/\/api.w.org\/{rel}","templated":true}]}}