{"id":2648,"date":"2020-07-23T10:08:04","date_gmt":"2020-07-23T08:08:04","guid":{"rendered":"http:\/\/gruene-jaeger.de\/?page_id=2648"},"modified":"2025-11-02T14:52:16","modified_gmt":"2025-11-02T13:52:16","slug":"2021-125-jahre-gruene-jaeger","status":"publish","type":"page","link":"https:\/\/gruene-jaeger.de\/?page_id=2648","title":{"rendered":"2021 &#8211; 125 Jahre &#8222;Gr\u00fcne J\u00e4ger&#8220;"},"content":{"rendered":"\n<p>\u00a0<\/p>\n<table style=\"border-collapse: collapse; width: 100%;\">\n<tbody>\n<tr>\n<td style=\"width: 50%; text-align: left; vertical-align: middle;\" rowspan=\"2\">\n<p>Bereits \u00fcber zwei Jahre im voraus starteten unsere Vorbereitungen f\u00fcr unser Jubil\u00e4umsjahr 2021. Mehrere Arbeitsgruppen besch\u00e4ftigten sich en detail und mit zunehmender Intensit\u00e4t mit der Ausgestaltung der einzelnen Aktionen, welche das ganze Kalenderjahr \u00fcber das kulturelle Leben in unserem sch\u00f6nen Neusatz bereicherten.<\/p>\n<p>Doch leider machte uns Corona einen Strich durch die Rechnung. Aber wir lie\u00dfen uns nicht entmutigen und feierten einfach ein Jahr sp\u00e4ter!<\/p>\n<p>\u00a0<\/p>\n<\/td>\n<td style=\"width: 50%; text-align: left; vertical-align: middle;\" rowspan=\"2\"><a href=\"https:\/\/gruene-jaeger.de\/wp-content\/uploads\/2020\/11\/125_Logo.jpg\"><img loading=\"lazy\" decoding=\"async\" class=\"alignnone size-full wp-image-2740\" src=\"https:\/\/gruene-jaeger.de\/wp-content\/uploads\/2020\/11\/125_Logo.jpg\" alt=\"\" width=\"551\" height=\"523\" srcset=\"https:\/\/gruene-jaeger.de\/wp-content\/uploads\/2020\/11\/125_Logo.jpg 551w, https:\/\/gruene-jaeger.de\/wp-content\/uploads\/2020\/11\/125_Logo-300x285.jpg 300w, https:\/\/gruene-jaeger.de\/wp-content\/uploads\/2020\/11\/125_Logo-316x300.jpg 316w\" sizes=\"auto, (max-width: 551px) 100vw, 551px\" \/><\/a><\/td>\n<\/tr>\n<\/tbody>\n<\/table>\n<p>****************************************************************************<\/p>\n<p><strong>Das Jubil\u00e4umsprogramm der Trachtenkapelle Gr\u00fcne J\u00e4ger Neusatz e.V.<\/strong><\/p>\n<p>Die Jubil\u00e4ums-Vernissage zum 125. Geburtstag der Trachtenkapelle Gr\u00fcne J\u00e4ger Neusatz lockte vom 09. bis 24. Juli 2022 mit einer bunte Revue f\u00fcr alle Sinne. Auftaktveranstaltung war ein Badischer Abend am Samstag. 9. Juli, 19 Uhr, in der Schlossberghalle Neusatz. Auf der B\u00fchne pr\u00e4sentierte \u201eDe H\u00e4mme\u201c alias Helmut Dold ein humorvolles kurzweiliges Programm. \u00a0Mit zur Veranstaltung geh\u00f6rte badischer Wurst- oder K\u00e4sesalat mit &#8211; aus dem historischen Neusatzer Backh\u00e4usl &#8211; frisch gebackenem Holzofenbrot, nat\u00fcrlich nicht ohne Kommentar des K\u00fcnstlers. Vesper und Auftritt waren im Eintrittspreis enthalten.\u00a0<\/p>\n<p>Am Freitag, 15. Juli, 17 Uhr lud die Bl\u00e4serjugend und \u201eThe Little Green Hunters\u201c zum Musikerlebnistag in den Schulhof der Schlossberggrundschule Neusatz ein. An verschiedenen Stationen wurden Musikinstrumente vorgestellt. Einen Staffellauf und weitere Spiele wurden angeboten. In jedem Fall standen Spiel und Spa\u00df im Mittelpunkt und so ganz nebenbei wurde um Musiker-Nachwuchs und das Erlernen eines Instruments geworben.<\/p>\n<p>Eine Matinee folgte am Sonntag, 17. Juli, 10.30 Uhr in der Schlossberghalle Neusatz. Musikdirektor Johannes Brenke vom Stadtmuseum Bad S\u00e4ckingen berichtete \u00fcber die Entwicklung der Blasmusikinstrumente im 19. Jahrhundert. Der Titel seines Vortrags lautete \u201eInspiration \u2013 Organisation \u2013 Revolution\u201c \u2013 125 Jahre Trachtenkapelle Gr\u00fcne J\u00e4ger.<\/p>\n<p>Zum Abschluss lud der Musikverein Gr\u00fcne J\u00e4ger am Sonntag, 24. Juli, ab 14.30 Uhr, zu einem gem\u00fctlichen Nachmittag mit selbstgebackenen Kuchen und Kaffee ein. Verschiedene Musiker und Ensembles der \u201cGr\u00fcnen J\u00e4ger\u201d unterhielten die G\u00e4ste mit auserlesenen St\u00fccken.<\/p>\n<p>Die gesamten Jubil\u00e4umsveranstaltungen begleitete eine Ausstellung im Zwinger des Schloss Waldsteg in Neusatz. Ein Zeitstrahl mit markanten Ereignissen, Spuren und Tatsachen aus der Welt der \u201eTrachtenkapelle Gr\u00fcne J\u00e4ger\u201c \u2013 zusammengetragen aus 1920 bis heute, gab es zu sehen und zu erleben. Die Ausstellung im Zwinger dauerte vom 9. Juli bis 24. Juli 2022. Sie war an Werktagen zu den \u00fcblichen \u00d6ffnungszeiten des Stadtgeschichtlichen Instituts ge\u00f6ffnet. Dar\u00fcber hinaus gab es noch Sonder\u00f6ffnungszeiten an den Wochenenden.\u00a0 \u00a0 \u00a0 \u00a0 \u00a0<\/p>\n<p>\u00a0<\/p>\n<p>\u00a0 \u00a0 \u00a0 \u00a0 \u00a0 \u00a0 \u00a0 \u00a0<\/p>\n\n\n\n\n","protected":false},"excerpt":{"rendered":"<p>\u00a0 Bereits \u00fcber zwei Jahre im voraus starteten unsere Vorbereitungen f\u00fcr unser Jubil\u00e4umsjahr 2021. Mehrere Arbeitsgruppen besch\u00e4ftigten sich en detail und mit zunehmender Intensit\u00e4t mit der Ausgestaltung der einzelnen Aktionen, welche das ganze Kalenderjahr \u00fcber das kulturelle Leben in unserem &hellip; <a href=\"https:\/\/gruene-jaeger.de\/?page_id=2648\">Weiterlesen <span class=\"meta-nav\">&rarr;<\/span><\/a><\/p>\n","protected":false},"author":5,"featured_media":0,"parent":31,"menu_order":0,"comment_status":"closed","ping_status":"closed","template":"","meta":{"_acf_changed":false,"_crdt_document":"","ngg_post_thumbnail":0,"_price":"","_stock":"","_tribe_ticket_header":"","_tribe_default_ticket_provider":"","_tribe_ticket_capacity":"0","_ticket_start_date":"","_ticket_end_date":"","_tribe_ticket_show_description":"","_tribe_ticket_show_not_going":false,"_tribe_ticket_use_global_stock":"","_tribe_ticket_global_stock_level":"","_global_stock_mode":"","_global_stock_cap":"","_tribe_rsvp_for_event":"","_tribe_ticket_going_count":"","_tribe_ticket_not_going_count":"","_tribe_tickets_list":"[]","_tribe_ticket_has_attendee_info_fields":false,"footnotes":"","_tec_slr_enabled":"","_tec_slr_layout":""},"class_list":["post-2648","page","type-page","status-publish","hentry"],"acf":[],"yoast_head":"<!-- This site is optimized with the Yoast SEO plugin v27.4 - https:\/\/yoast.com\/product\/yoast-seo-wordpress\/ -->\n<title>2021 - 125 Jahre &quot;Gr\u00fcne J\u00e4ger&quot; - Trachtenkapelle Gr\u00fcne J\u00e4ger e.V.<\/title>\n<meta name=\"robots\" content=\"index, follow, max-snippet:-1, max-image-preview:large, max-video-preview:-1\" \/>\n<link rel=\"canonical\" href=\"https:\/\/gruene-jaeger.de\/?page_id=2648\" \/>\n<meta property=\"og:locale\" content=\"de_DE\" \/>\n<meta property=\"og:type\" content=\"article\" \/>\n<meta property=\"og:title\" content=\"2021 - 125 Jahre &quot;Gr\u00fcne J\u00e4ger&quot; - Trachtenkapelle Gr\u00fcne J\u00e4ger e.V.\" \/>\n<meta property=\"og:description\" content=\"\u00a0 Bereits \u00fcber zwei Jahre im voraus starteten unsere Vorbereitungen f\u00fcr unser Jubil\u00e4umsjahr 2021. Mehrere Arbeitsgruppen besch\u00e4ftigten sich en detail und mit zunehmender Intensit\u00e4t mit der Ausgestaltung der einzelnen Aktionen, welche das ganze Kalenderjahr \u00fcber das kulturelle Leben in unserem &hellip; Weiterlesen &rarr;\" \/>\n<meta property=\"og:url\" content=\"https:\/\/gruene-jaeger.de\/?page_id=2648\" \/>\n<meta property=\"og:site_name\" content=\"Trachtenkapelle Gr\u00fcne J\u00e4ger e.V.\" \/>\n<meta property=\"article:modified_time\" content=\"2025-11-02T13:52:16+00:00\" \/>\n<meta property=\"og:image\" content=\"http:\/\/gruene-jaeger.de\/wp-content\/uploads\/2020\/11\/125_Logo.jpg\" \/>\n<meta name=\"twitter:label1\" content=\"Gesch\u00e4tzte Lesezeit\" \/>\n\t<meta name=\"twitter:data1\" content=\"3\u00a0Minuten\" \/>\n<script type=\"application\/ld+json\" class=\"yoast-schema-graph\">{\"@context\":\"https:\\\/\\\/schema.org\",\"@graph\":[{\"@type\":\"WebPage\",\"@id\":\"https:\\\/\\\/gruene-jaeger.de\\\/?page_id=2648\",\"url\":\"https:\\\/\\\/gruene-jaeger.de\\\/?page_id=2648\",\"name\":\"2021 - 125 Jahre \\\"Gr\u00fcne J\u00e4ger\\\" - Trachtenkapelle Gr\u00fcne J\u00e4ger e.V.\",\"isPartOf\":{\"@id\":\"https:\\\/\\\/gruene-jaeger.de\\\/#website\"},\"primaryImageOfPage\":{\"@id\":\"https:\\\/\\\/gruene-jaeger.de\\\/?page_id=2648#primaryimage\"},\"image\":{\"@id\":\"https:\\\/\\\/gruene-jaeger.de\\\/?page_id=2648#primaryimage\"},\"thumbnailUrl\":\"http:\\\/\\\/gruene-jaeger.de\\\/wp-content\\\/uploads\\\/2020\\\/11\\\/125_Logo.jpg\",\"datePublished\":\"2020-07-23T08:08:04+00:00\",\"dateModified\":\"2025-11-02T13:52:16+00:00\",\"breadcrumb\":{\"@id\":\"https:\\\/\\\/gruene-jaeger.de\\\/?page_id=2648#breadcrumb\"},\"inLanguage\":\"de\",\"potentialAction\":[{\"@type\":\"ReadAction\",\"target\":[\"https:\\\/\\\/gruene-jaeger.de\\\/?page_id=2648\"]}]},{\"@type\":\"ImageObject\",\"inLanguage\":\"de\",\"@id\":\"https:\\\/\\\/gruene-jaeger.de\\\/?page_id=2648#primaryimage\",\"url\":\"https:\\\/\\\/gruene-jaeger.de\\\/wp-content\\\/uploads\\\/2020\\\/11\\\/125_Logo.jpg\",\"contentUrl\":\"https:\\\/\\\/gruene-jaeger.de\\\/wp-content\\\/uploads\\\/2020\\\/11\\\/125_Logo.jpg\",\"width\":551,\"height\":523},{\"@type\":\"BreadcrumbList\",\"@id\":\"https:\\\/\\\/gruene-jaeger.de\\\/?page_id=2648#breadcrumb\",\"itemListElement\":[{\"@type\":\"ListItem\",\"position\":1,\"name\":\"Home\",\"item\":\"https:\\\/\\\/gruene-jaeger.de\\\/\"},{\"@type\":\"ListItem\",\"position\":2,\"name\":\"Veranstaltungen\",\"item\":\"https:\\\/\\\/gruene-jaeger.de\\\/?page_id=31\"},{\"@type\":\"ListItem\",\"position\":3,\"name\":\"2021 &#8211; 125 Jahre &#8222;Gr\u00fcne J\u00e4ger&#8220;\"}]},{\"@type\":\"WebSite\",\"@id\":\"https:\\\/\\\/gruene-jaeger.de\\\/#website\",\"url\":\"https:\\\/\\\/gruene-jaeger.de\\\/\",\"name\":\"Trachtenkapelle Gr\u00fcne J\u00e4ger e.V.\",\"description\":\"Musikverein Neusatz - gegr. 1896\",\"publisher\":{\"@id\":\"https:\\\/\\\/gruene-jaeger.de\\\/#organization\"},\"potentialAction\":[{\"@type\":\"SearchAction\",\"target\":{\"@type\":\"EntryPoint\",\"urlTemplate\":\"https:\\\/\\\/gruene-jaeger.de\\\/?s={search_term_string}\"},\"query-input\":{\"@type\":\"PropertyValueSpecification\",\"valueRequired\":true,\"valueName\":\"search_term_string\"}}],\"inLanguage\":\"de\"},{\"@type\":\"Organization\",\"@id\":\"https:\\\/\\\/gruene-jaeger.de\\\/#organization\",\"name\":\"\\\"Gr\u00fcne J\u00e4ger\\\" Musikverein Neusatz e.V.\",\"url\":\"https:\\\/\\\/gruene-jaeger.de\\\/\",\"logo\":{\"@type\":\"ImageObject\",\"inLanguage\":\"de\",\"@id\":\"https:\\\/\\\/gruene-jaeger.de\\\/#\\\/schema\\\/logo\\\/image\\\/\",\"url\":\"http:\\\/\\\/gruene-jaeger.de\\\/wp-content\\\/uploads\\\/2015\\\/11\\\/Logo.png\",\"contentUrl\":\"http:\\\/\\\/gruene-jaeger.de\\\/wp-content\\\/uploads\\\/2015\\\/11\\\/Logo.png\",\"width\":500,\"height\":500,\"caption\":\"\\\"Gr\u00fcne J\u00e4ger\\\" Musikverein Neusatz e.V.\"},\"image\":{\"@id\":\"https:\\\/\\\/gruene-jaeger.de\\\/#\\\/schema\\\/logo\\\/image\\\/\"}}]}<\/script>\n<!-- \/ Yoast SEO plugin. -->","yoast_head_json":{"title":"2021 - 125 Jahre \"Gr\u00fcne J\u00e4ger\" - Trachtenkapelle Gr\u00fcne J\u00e4ger e.V.","robots":{"index":"index","follow":"follow","max-snippet":"max-snippet:-1","max-image-preview":"max-image-preview:large","max-video-preview":"max-video-preview:-1"},"canonical":"https:\/\/gruene-jaeger.de\/?page_id=2648","og_locale":"de_DE","og_type":"article","og_title":"2021 - 125 Jahre \"Gr\u00fcne J\u00e4ger\" - Trachtenkapelle Gr\u00fcne J\u00e4ger e.V.","og_description":"\u00a0 Bereits \u00fcber zwei Jahre im voraus starteten unsere Vorbereitungen f\u00fcr unser Jubil\u00e4umsjahr 2021. Mehrere Arbeitsgruppen besch\u00e4ftigten sich en detail und mit zunehmender Intensit\u00e4t mit der Ausgestaltung der einzelnen Aktionen, welche das ganze Kalenderjahr \u00fcber das kulturelle Leben in unserem &hellip; Weiterlesen &rarr;","og_url":"https:\/\/gruene-jaeger.de\/?page_id=2648","og_site_name":"Trachtenkapelle Gr\u00fcne J\u00e4ger e.V.","article_modified_time":"2025-11-02T13:52:16+00:00","og_image":[{"url":"http:\/\/gruene-jaeger.de\/wp-content\/uploads\/2020\/11\/125_Logo.jpg","type":"","width":"","height":""}],"twitter_misc":{"Gesch\u00e4tzte Lesezeit":"3\u00a0Minuten"},"schema":{"@context":"https:\/\/schema.org","@graph":[{"@type":"WebPage","@id":"https:\/\/gruene-jaeger.de\/?page_id=2648","url":"https:\/\/gruene-jaeger.de\/?page_id=2648","name":"2021 - 125 Jahre \"Gr\u00fcne J\u00e4ger\" - Trachtenkapelle Gr\u00fcne J\u00e4ger e.V.","isPartOf":{"@id":"https:\/\/gruene-jaeger.de\/#website"},"primaryImageOfPage":{"@id":"https:\/\/gruene-jaeger.de\/?page_id=2648#primaryimage"},"image":{"@id":"https:\/\/gruene-jaeger.de\/?page_id=2648#primaryimage"},"thumbnailUrl":"http:\/\/gruene-jaeger.de\/wp-content\/uploads\/2020\/11\/125_Logo.jpg","datePublished":"2020-07-23T08:08:04+00:00","dateModified":"2025-11-02T13:52:16+00:00","breadcrumb":{"@id":"https:\/\/gruene-jaeger.de\/?page_id=2648#breadcrumb"},"inLanguage":"de","potentialAction":[{"@type":"ReadAction","target":["https:\/\/gruene-jaeger.de\/?page_id=2648"]}]},{"@type":"ImageObject","inLanguage":"de","@id":"https:\/\/gruene-jaeger.de\/?page_id=2648#primaryimage","url":"https:\/\/gruene-jaeger.de\/wp-content\/uploads\/2020\/11\/125_Logo.jpg","contentUrl":"https:\/\/gruene-jaeger.de\/wp-content\/uploads\/2020\/11\/125_Logo.jpg","width":551,"height":523},{"@type":"BreadcrumbList","@id":"https:\/\/gruene-jaeger.de\/?page_id=2648#breadcrumb","itemListElement":[{"@type":"ListItem","position":1,"name":"Home","item":"https:\/\/gruene-jaeger.de\/"},{"@type":"ListItem","position":2,"name":"Veranstaltungen","item":"https:\/\/gruene-jaeger.de\/?page_id=31"},{"@type":"ListItem","position":3,"name":"2021 &#8211; 125 Jahre &#8222;Gr\u00fcne J\u00e4ger&#8220;"}]},{"@type":"WebSite","@id":"https:\/\/gruene-jaeger.de\/#website","url":"https:\/\/gruene-jaeger.de\/","name":"Trachtenkapelle Gr\u00fcne J\u00e4ger e.V.","description":"Musikverein Neusatz - gegr. 1896","publisher":{"@id":"https:\/\/gruene-jaeger.de\/#organization"},"potentialAction":[{"@type":"SearchAction","target":{"@type":"EntryPoint","urlTemplate":"https:\/\/gruene-jaeger.de\/?s={search_term_string}"},"query-input":{"@type":"PropertyValueSpecification","valueRequired":true,"valueName":"search_term_string"}}],"inLanguage":"de"},{"@type":"Organization","@id":"https:\/\/gruene-jaeger.de\/#organization","name":"\"Gr\u00fcne J\u00e4ger\" Musikverein Neusatz e.V.","url":"https:\/\/gruene-jaeger.de\/","logo":{"@type":"ImageObject","inLanguage":"de","@id":"https:\/\/gruene-jaeger.de\/#\/schema\/logo\/image\/","url":"http:\/\/gruene-jaeger.de\/wp-content\/uploads\/2015\/11\/Logo.png","contentUrl":"http:\/\/gruene-jaeger.de\/wp-content\/uploads\/2015\/11\/Logo.png","width":500,"height":500,"caption":"\"Gr\u00fcne J\u00e4ger\" Musikverein Neusatz e.V."},"image":{"@id":"https:\/\/gruene-jaeger.de\/#\/schema\/logo\/image\/"}}]}},"ticketed":false,"_links":{"self":[{"href":"https:\/\/gruene-jaeger.de\/index.php?rest_route=\/wp\/v2\/pages\/2648","targetHints":{"allow":["GET"]}}],"collection":[{"href":"https:\/\/gruene-jaeger.de\/index.php?rest_route=\/wp\/v2\/pages"}],"about":[{"href":"https:\/\/gruene-jaeger.de\/index.php?rest_route=\/wp\/v2\/types\/page"}],"author":[{"embeddable":true,"href":"https:\/\/gruene-jaeger.de\/index.php?rest_route=\/wp\/v2\/users\/5"}],"replies":[{"embeddable":true,"href":"https:\/\/gruene-jaeger.de\/index.php?rest_route=%2Fwp%2Fv2%2Fcomments&post=2648"}],"version-history":[{"count":18,"href":"https:\/\/gruene-jaeger.de\/index.php?rest_route=\/wp\/v2\/pages\/2648\/revisions"}],"predecessor-version":[{"id":3844,"href":"https:\/\/gruene-jaeger.de\/index.php?rest_route=\/wp\/v2\/pages\/2648\/revisions\/3844"}],"up":[{"embeddable":true,"href":"https:\/\/gruene-jaeger.de\/index.php?rest_route=\/wp\/v2\/pages\/31"}],"wp:attachment":[{"href":"https:\/\/gruene-jaeger.de\/index.php?rest_route=%2Fwp%2Fv2%2Fmedia&parent=2648"}],"curies":[{"name":"wp","href":"https:\/\/api.w.org\/{rel}","templated":true}]}}