{"id":261,"date":"2013-02-06T22:47:53","date_gmt":"2013-02-06T20:47:53","guid":{"rendered":"http:\/\/wp.gruene-jaeger.de\/?page_id=261"},"modified":"2024-07-25T13:43:57","modified_gmt":"2024-07-25T11:43:57","slug":"repertoire","status":"publish","type":"page","link":"https:\/\/gruene-jaeger.de\/?page_id=261","title":{"rendered":"Repertoire"},"content":{"rendered":"<p>unser <a href=\"_wp_link_placeholder\" data-wplink-edit=\"true\">Repertorie<\/a> f\u00fcr die Saison 2024\/2025<\/p>\n<p><a href=\"https:\/\/gruene-jaeger.de\/wp-content\/uploads\/2024\/07\/GJ_Repertoire_2024_001-scaled.jpg\"><img loading=\"lazy\" decoding=\"async\" class=\"aligncenter size-full wp-image-3730\" src=\"https:\/\/gruene-jaeger.de\/wp-content\/uploads\/2024\/07\/GJ_Repertoire_2024_001-scaled.jpg\" alt=\"\" width=\"1809\" height=\"2560\" srcset=\"https:\/\/gruene-jaeger.de\/wp-content\/uploads\/2024\/07\/GJ_Repertoire_2024_001-scaled.jpg 1809w, https:\/\/gruene-jaeger.de\/wp-content\/uploads\/2024\/07\/GJ_Repertoire_2024_001-212x300.jpg 212w, https:\/\/gruene-jaeger.de\/wp-content\/uploads\/2024\/07\/GJ_Repertoire_2024_001-724x1024.jpg 724w, https:\/\/gruene-jaeger.de\/wp-content\/uploads\/2024\/07\/GJ_Repertoire_2024_001-768x1087.jpg 768w, https:\/\/gruene-jaeger.de\/wp-content\/uploads\/2024\/07\/GJ_Repertoire_2024_001-1085x1536.jpg 1085w, https:\/\/gruene-jaeger.de\/wp-content\/uploads\/2024\/07\/GJ_Repertoire_2024_001-1447x2048.jpg 1447w\" sizes=\"auto, (max-width: 1809px) 100vw, 1809px\" \/><\/a>+ Marschbuch<\/p>\n<p>+ Prozession<\/p>\n<p>&nbsp;<\/p>\n<p>unser <a href=\"http:\/\/www.suema.com\/MV\/2019_2020.pdf\">Repertoire<\/a> f\u00fcr die Saisons 2019 \/ 2020<\/p>\n<table style=\"border-collapse: collapse; width: 100%; height: 1115px;\">\n<tbody>\n<tr style=\"height: 34px;\">\n<td style=\"width: 49.8288%; height: 34px;\">\n<h1><span style=\"text-decoration: underline;\"><strong>Konzertantes<\/strong><\/span><\/h1>\n<\/td>\n<td style=\"width: 49.8288%; height: 34px;\">\n<h1><span style=\"text-decoration: underline;\"><strong>Modernes<\/strong><\/span><\/h1>\n<\/td>\n<\/tr>\n<tr style=\"height: 22px;\">\n<td style=\"width: 49.8288%; height: 22px;\" width=\"239\">Concerto d\u00b4Amore<\/td>\n<td style=\"width: 49.8288%; height: 22px;\" width=\"239\">80er Kult(Tour)<\/td>\n<\/tr>\n<tr style=\"height: 22px;\">\n<td style=\"width: 49.8288%; height: 22px;\">Danke Hansi<\/td>\n<td style=\"width: 49.8288%; height: 22px;\">ABBA Gold<\/td>\n<\/tr>\n<tr style=\"height: 22px;\">\n<td style=\"width: 49.8288%; height: 22px;\">Eventide Fall<\/td>\n<td style=\"width: 49.8288%; height: 22px;\">Bohemian Rhapsody<\/td>\n<\/tr>\n<tr style=\"height: 22px;\">\n<td style=\"width: 49.8288%; height: 22px;\">Guten Abend, Gute Nacht<\/td>\n<td style=\"width: 49.8288%; height: 22px;\">Beach Boys Golden Hits<\/td>\n<\/tr>\n<tr style=\"height: 22px;\">\n<td style=\"width: 49.8288%; height: 22px;\">Highland Cathedral<\/td>\n<td style=\"width: 49.8288%; height: 22px;\">Coldplay on stage<\/td>\n<\/tr>\n<tr style=\"height: 22px;\">\n<td style=\"width: 49.8288%; height: 22px;\">Im Wei\u00dfen R\u00f6ssl<\/td>\n<td style=\"width: 49.8288%; height: 22px;\">Downtwon<\/td>\n<\/tr>\n<tr style=\"height: 22px;\">\n<td style=\"width: 49.8288%; height: 22px;\">Hymne an die Freundschaft<\/td>\n<td style=\"width: 49.8288%; height: 22px;\">Ed Sheeran<\/td>\n<\/tr>\n<tr style=\"height: 22px;\">\n<td style=\"width: 49.8288%; height: 22px;\">&nbsp;<\/td>\n<td style=\"width: 49.8288%; height: 22px;\">Everybody needs somebody<\/td>\n<\/tr>\n<tr style=\"height: 22px;\">\n<td style=\"width: 49.8288%; height: 22px;\">&nbsp;<\/td>\n<td style=\"width: 49.8288%; height: 22px;\">Frank Sinatra Classics<\/td>\n<\/tr>\n<tr style=\"height: 22px;\">\n<td style=\"width: 49.8288%; height: 22px;\">&nbsp;<\/td>\n<td style=\"width: 49.8288%; height: 22px;\">Glenn Miller<\/td>\n<\/tr>\n<tr style=\"height: 22px;\">\n<td style=\"width: 49.8288%; height: 22px;\" width=\"239\">&nbsp;<\/td>\n<td style=\"width: 49.8288%; height: 22px;\">Hard Rock Stones<\/td>\n<\/tr>\n<tr style=\"height: 22px;\">\n<td style=\"width: 49.8288%; height: 22px;\">&nbsp;<\/td>\n<td style=\"width: 49.8288%; height: 22px;\">Helene Fischer Live<\/td>\n<\/tr>\n<tr>\n<td style=\"width: 49.8288%;\"><span style=\"text-decoration: underline;\"><strong>Polka<\/strong><\/span><\/td>\n<td style=\"width: 49.8288%;\">I do it for you<\/td>\n<\/tr>\n<tr style=\"height: 22px;\">\n<td style=\"width: 49.8288%; height: 22px;\" width=\"239\">Auf der Vogelwiese<\/td>\n<td style=\"width: 49.8288%; height: 22px;\">La Bamba<\/td>\n<\/tr>\n<tr style=\"height: 22px;\">\n<td style=\"width: 49.8288%; height: 22px;\">Borsicka Polka<\/td>\n<td style=\"width: 49.8288%; height: 22px;\">Les Humphries in concert<\/td>\n<\/tr>\n<tr style=\"height: 22px;\">\n<td style=\"width: 49.8288%; height: 22px;\">B\u00f6hmischer Traum<\/td>\n<td style=\"width: 49.8288%; height: 22px;\">Nena<\/td>\n<\/tr>\n<tr style=\"height: 22px;\">\n<td style=\"width: 49.8288%; height: 22px;\">Der Buntspecht<\/td>\n<td style=\"width: 49.8288%; height: 22px;\">Nessaja<\/td>\n<\/tr>\n<tr style=\"height: 22px;\">\n<td style=\"width: 49.8288%; height: 22px;\">Ein halbes Jahrhundert<\/td>\n<td style=\"width: 49.8288%; height: 22px;\">Santana<\/td>\n<\/tr>\n<tr style=\"height: 22px;\">\n<td style=\"width: 49.8288%; height: 22px;\">Ein Leben lang<\/td>\n<td style=\"width: 49.8288%; height: 22px;\">Santiano<\/td>\n<\/tr>\n<tr style=\"height: 22px;\">\n<td style=\"width: 49.8288%; height: 22px;\">Gablonzer<\/td>\n<td style=\"width: 49.8288%; height: 22px;\">Selection from Grease<\/td>\n<\/tr>\n<tr style=\"height: 22px;\">\n<td style=\"width: 49.8288%; height: 22px;\">Heublumen Polka<\/td>\n<td style=\"width: 49.8288%; height: 22px;\">Simon and Garfunkel<\/td>\n<\/tr>\n<tr style=\"height: 22px;\">\n<td style=\"width: 49.8288%; height: 22px;\">Katharinen &#8211; Polka<\/td>\n<td style=\"width: 49.8288%; height: 22px;\">Spiritual Moments<\/td>\n<\/tr>\n<tr style=\"height: 22px;\">\n<td style=\"width: 49.8288%; height: 22px;\">Kuschel Polka<\/td>\n<td style=\"width: 49.8288%; height: 22px;\">The Cream of Clapton<\/td>\n<\/tr>\n<tr style=\"height: 22px;\">\n<td style=\"width: 49.8288%; height: 22px;\">Laubener Schnellpolka<\/td>\n<td style=\"width: 49.8288%; height: 22px;\">The sound of silence<\/td>\n<\/tr>\n<tr style=\"height: 22px;\">\n<td style=\"width: 49.8288%; height: 22px;\">Morgenbl\u00fcten<\/td>\n<td style=\"width: 49.8288%; height: 22px;\">The Rose<\/td>\n<\/tr>\n<tr style=\"height: 22px;\">\n<td style=\"width: 49.8288%; height: 22px;\">Netolicka<\/td>\n<td style=\"width: 49.8288%; height: 22px;\">Udo J\u00fcrgens live<\/td>\n<\/tr>\n<tr style=\"height: 22px;\">\n<td style=\"width: 49.8288%; height: 22px;\">Perger Polka<\/td>\n<td style=\"width: 49.8288%; height: 22px;\">&nbsp;<\/td>\n<\/tr>\n<tr style=\"height: 22px;\">\n<td style=\"width: 49.8288%; height: 22px;\">Sch\u00f6ne Stunden mit Musik<\/td>\n<td style=\"width: 49.8288%; height: 22px;\"><span style=\"text-decoration: underline;\"><strong>M\u00e4rsche<\/strong><\/span><\/td>\n<\/tr>\n<tr style=\"height: 22px;\">\n<td style=\"width: 49.8288%; height: 22px;\">Slavonicka<\/td>\n<td style=\"width: 49.8288%; height: 22px;\" width=\"239\">Arsenal<\/td>\n<\/tr>\n<tr style=\"height: 22px;\">\n<td style=\"width: 49.8288%; height: 22px;\">S\u00fcdb\u00f6hmische<\/td>\n<td style=\"width: 49.8288%; height: 22px;\">Die Sonne geht auf<\/td>\n<\/tr>\n<tr style=\"height: 22px;\">\n<td style=\"width: 49.8288%; height: 22px;\">Von Freund zu Freund<\/td>\n<td style=\"width: 49.8288%; height: 22px;\">Fliegermarsch<\/td>\n<\/tr>\n<tr style=\"height: 22px;\">\n<td style=\"width: 49.8288%; height: 22px;\">Wir Musikanten<\/td>\n<td style=\"width: 49.8288%; height: 22px;\">Regimentskinder<\/td>\n<\/tr>\n<tr style=\"height: 22px;\">\n<td style=\"width: 49.8288%; height: 22px;\">Weinkenner<\/td>\n<td style=\"width: 49.8288%; height: 22px;\">Salemonia<\/td>\n<\/tr>\n<tr style=\"height: 22px;\">\n<td style=\"width: 49.8288%; height: 22px;\">&nbsp;<\/td>\n<td style=\"width: 49.8288%; height: 22px;\">Theme Basses<\/td>\n<\/tr>\n<tr style=\"height: 22px;\">\n<td style=\"width: 49.8288%; height: 22px;\">&nbsp;<\/td>\n<td style=\"width: 49.8288%; height: 22px;\">&nbsp;<\/td>\n<\/tr>\n<tr style=\"height: 22px;\">\n<td style=\"width: 49.8288%; height: 22px;\"><span style=\"text-decoration: underline;\"><strong>Walzer<\/strong><\/span><\/td>\n<td style=\"width: 49.8288%; height: 22px;\"><span style=\"text-decoration: underline;\"><strong>Soli &amp; Stimmung<\/strong><\/span><\/td>\n<\/tr>\n<tr style=\"height: 22px;\">\n<td style=\"width: 49.8288%; height: 22px;\" width=\"239\">Fr\u00fchlingswalzer<\/td>\n<td style=\"width: 49.8288%; height: 22px;\" width=\"239\">Ein Prosit!<\/td>\n<\/tr>\n<tr style=\"height: 22px;\">\n<td style=\"width: 49.8288%; height: 22px;\">Lebensfreude pur<\/td>\n<td style=\"width: 49.8288%; height: 22px;\">Happy Birthday<\/td>\n<\/tr>\n<tr style=\"height: 22px;\">\n<td style=\"width: 49.8288%; height: 22px;\">M\u00e4rchenwalzer<\/td>\n<td style=\"width: 49.8288%; height: 22px;\">My Dream<\/td>\n<\/tr>\n<tr style=\"height: 22px;\">\n<td style=\"width: 49.8288%; height: 22px;\">Slavostni<\/td>\n<td style=\"width: 49.8288%; height: 22px;\">Posaunen-Express<\/td>\n<\/tr>\n<tr style=\"height: 22px;\">\n<td style=\"width: 49.8288%; height: 22px;\">Sommerwalzer in Prag<\/td>\n<td style=\"width: 49.8288%; height: 22px;\">Tr\u00e4ne<\/td>\n<\/tr>\n<tr style=\"height: 22px;\">\n<td style=\"width: 49.8288%; height: 22px;\">&nbsp;<\/td>\n<td style=\"width: 49.8288%; height: 22px;\">Yaktey Sax<\/td>\n<\/tr>\n<tr style=\"height: 22px;\">\n<td style=\"width: 49.8288%; height: 22px;\">&nbsp;<\/td>\n<td style=\"width: 49.8288%; height: 22px;\">Zirkus Renz<\/td>\n<\/tr>\n<tr style=\"height: 22px;\">\n<td style=\"width: 49.8288%; height: 22px;\">&nbsp;<\/td>\n<td style=\"width: 49.8288%; height: 22px;\">&nbsp;<\/td>\n<\/tr>\n<tr style=\"height: 22px;\">\n<td style=\"width: 49.8288%; height: 22px;\">&nbsp;<\/td>\n<td style=\"width: 49.8288%; height: 22px;\">&nbsp;<\/td>\n<\/tr>\n<tr style=\"height: 22px;\">\n<td style=\"width: 49.8288%; height: 22px;\"><strong>Marsch- Buch<\/strong><\/td>\n<td style=\"width: 49.8288%; height: 22px;\">&nbsp;<\/td>\n<\/tr>\n<tr style=\"height: 34px;\">\n<td style=\"width: 49.8288%; height: 34px;\">\n<h1><strong>Prozession<\/strong><\/h1>\n<\/td>\n<td style=\"width: 49.8288%; height: 34px;\">&nbsp;<\/td>\n<\/tr>\n<\/tbody>\n<\/table>\n<p>&nbsp;<\/p>\n<p>##########################################################################<\/p>\n<p>unser Repertoire f\u00fcr die Saison 2018:<\/p>\n<table style=\"width: 584px; border-color: #8171bf;\">\n<tbody>\n<tr>\n<td style=\"width: 562px;\"><strong><span style=\"text-decoration: underline;\"><span style=\"color: #000000; text-decoration: underline;\">Konzertantes<\/span><\/span><\/strong><\/td>\n<td style=\"width: 562px;\"><strong><span style=\"text-decoration: underline;\">Modernes<\/span><\/strong><\/td>\n<\/tr>\n<tr>\n<td style=\"width: 272.167px;\">Abendsegen<\/td>\n<td style=\"width: 289.833px;\">80er Kult(tour)<\/td>\n<\/tr>\n<tr>\n<td style=\"width: 272.167px;\">Danke Hansi!<\/td>\n<td style=\"width: 289.833px;\">ABBA Gold<\/td>\n<\/tr>\n<tr>\n<td style=\"width: 272.167px;\">Eventide Fall<\/td>\n<td style=\"width: 289.833px;\">Beach Boys Golden Hits<\/td>\n<\/tr>\n<tr>\n<td style=\"width: 272.167px;\">Guten Abend, Gute Nacht<\/td>\n<td style=\"width: 289.833px;\">Coldplay on stage<\/td>\n<\/tr>\n<tr>\n<td style=\"width: 272.167px;\">Highland Cathedral<\/td>\n<td style=\"width: 289.833px;\">Downtown<\/td>\n<\/tr>\n<tr>\n<td style=\"width: 272.167px;\">Im Wei\u00dfen R\u00f6ssel<\/td>\n<td style=\"width: 289.833px;\">Everybody needs somebody<\/td>\n<\/tr>\n<tr>\n<td style=\"width: 272.167px;\">Jesus, ber\u00fchre mich<\/td>\n<td style=\"width: 289.833px;\">Glenn Miller<\/td>\n<\/tr>\n<tr>\n<td style=\"width: 272.167px;\">Mary Poppins<\/td>\n<td style=\"width: 289.833px;\">Helene Fischer Live<\/td>\n<\/tr>\n<tr>\n<td style=\"width: 272.167px;\">&nbsp;<\/td>\n<td style=\"width: 289.833px;\">La Bamba<\/td>\n<\/tr>\n<tr>\n<td style=\"width: 272.167px;\">&nbsp;<\/td>\n<td style=\"width: 289.833px;\">Les Humphries in Concert<\/td>\n<\/tr>\n<tr>\n<td style=\"width: 272.167px;\">&nbsp;<\/td>\n<td style=\"width: 289.833px;\">Nessaja<\/td>\n<\/tr>\n<tr>\n<td style=\"width: 272.167px;\">&nbsp;<\/td>\n<td style=\"width: 289.833px;\">Santana<\/td>\n<\/tr>\n<tr>\n<td style=\"width: 272.167px;\">&nbsp;<\/td>\n<td style=\"width: 289.833px;\">Selection from Grease<\/td>\n<\/tr>\n<tr>\n<td style=\"width: 272.167px;\">&nbsp;<\/td>\n<td style=\"width: 289.833px;\">Simon and Garfunkel<\/td>\n<\/tr>\n<tr>\n<td style=\"width: 272.167px;\"><span style=\"text-decoration: underline;\"><strong>Polkas<\/strong><\/span><\/td>\n<td style=\"width: 289.833px;\">Spiritual Moments<\/td>\n<\/tr>\n<tr>\n<td style=\"width: 272.167px;\">Auf der Vogelwiese<\/td>\n<td style=\"width: 289.833px;\">The Cream of Clapton<\/td>\n<\/tr>\n<tr>\n<td style=\"width: 272.167px;\">Borsicka Polka<\/td>\n<td style=\"width: 289.833px;\">The Rose<\/td>\n<\/tr>\n<tr>\n<td style=\"width: 272.167px;\">B\u00f6hmischer Traum<\/td>\n<td style=\"width: 289.833px;\">Udo J\u00fcrgens Live<\/td>\n<\/tr>\n<tr>\n<td style=\"width: 272.167px;\">Der Buntspecht<\/td>\n<td style=\"width: 289.833px;\">&nbsp;<\/td>\n<\/tr>\n<tr>\n<td style=\"width: 272.167px;\">Ein halbes Jahrhundert<\/td>\n<td style=\"width: 289.833px;\"><span style=\"text-decoration: underline;\"><strong>M\u00e4rsche<\/strong><\/span><\/td>\n<\/tr>\n<tr>\n<td style=\"width: 272.167px;\">Heublumen Polka<\/td>\n<td style=\"width: 289.833px;\">Alt-Stahremberg<\/td>\n<\/tr>\n<tr>\n<td style=\"width: 272.167px;\">Katharinen-Polka<\/td>\n<td style=\"width: 289.833px;\">Badner-Lied<\/td>\n<\/tr>\n<tr>\n<td style=\"width: 272.167px;\">Kuschel Polka<\/td>\n<td style=\"width: 289.833px;\">Die Sonne geht auf<\/td>\n<\/tr>\n<tr>\n<td style=\"width: 272.167px;\">Laubener Schnellpolka<\/td>\n<td style=\"width: 289.833px;\">Fliegermarsch<\/td>\n<\/tr>\n<tr>\n<td style=\"width: 272.167px;\">Morgenbl\u00fcten<\/td>\n<td style=\"width: 289.833px;\">Freundschaftskl\u00e4nge<\/td>\n<\/tr>\n<tr>\n<td style=\"width: 272.167px;\">Sch\u00f6ne Stunden mit Musik<\/td>\n<td style=\"width: 289.833px;\">Mein B\u00f6hmerland<\/td>\n<\/tr>\n<tr>\n<td style=\"width: 272.167px;\">Slavonicka Polka<\/td>\n<td style=\"width: 289.833px;\">Regimentskinder<\/td>\n<\/tr>\n<tr>\n<td style=\"width: 272.167px;\">S\u00fcdb\u00f6hmische Polka<\/td>\n<td style=\"width: 289.833px;\">Salemonia<\/td>\n<\/tr>\n<tr>\n<td style=\"width: 272.167px;\">Von Freund zu Freund<\/td>\n<td style=\"width: 289.833px;\">Schlo\u00df Horneburg<\/td>\n<\/tr>\n<tr>\n<td style=\"width: 272.167px;\">Wir Musikanten<\/td>\n<td style=\"width: 289.833px;\">Wir gr\u00fc\u00dfen mit Musik<\/td>\n<\/tr>\n<tr>\n<td style=\"width: 272.167px;\">&nbsp;<\/td>\n<td style=\"width: 289.833px;\">&nbsp;<\/td>\n<\/tr>\n<tr>\n<td style=\"width: 272.167px;\"><span style=\"text-decoration: underline;\"><strong>Walzer<\/strong><\/span><\/td>\n<td style=\"width: 289.833px;\"><span style=\"text-decoration: underline;\"><strong>Solos &amp; Stimmung<\/strong><\/span><\/td>\n<\/tr>\n<tr>\n<td style=\"width: 272.167px;\">Fast Himmelblau<\/td>\n<td style=\"width: 289.833px;\">Ein Prosit!<\/td>\n<\/tr>\n<tr>\n<td style=\"width: 272.167px;\">Fr\u00fchlingswalzer<\/td>\n<td style=\"width: 289.833px;\">Happy Birthday<\/td>\n<\/tr>\n<tr>\n<td style=\"width: 272.167px;\">Lebensfreude pur<\/td>\n<td style=\"width: 289.833px;\">Je veux, je peux<\/td>\n<\/tr>\n<tr>\n<td style=\"width: 272.167px;\">M\u00e4rchenwalzer<\/td>\n<td style=\"width: 289.833px;\">Posaunen- Express<\/td>\n<\/tr>\n<tr>\n<td style=\"width: 272.167px;\">Slavonstni-Walzer<\/td>\n<td style=\"width: 289.833px;\">Song for Benni<\/td>\n<\/tr>\n<tr>\n<td style=\"width: 272.167px;\">Sommernacht in Prag<\/td>\n<td style=\"width: 289.833px;\">&nbsp;<\/td>\n<\/tr>\n<tr>\n<td style=\"width: 272.167px;\">&nbsp;<\/td>\n<td style=\"width: 289.833px;\">&nbsp;<\/td>\n<\/tr>\n<tr>\n<td style=\"width: 272.167px;\"><span style=\"text-decoration: underline;\"><strong>Marsch- Buch<\/strong><\/span><\/td>\n<td style=\"width: 289.833px;\">&nbsp;<\/td>\n<\/tr>\n<tr>\n<td style=\"width: 272.167px;\">\n<h1><span style=\"text-decoration: underline;\"><strong>Prozession<\/strong><\/span><\/h1>\n<\/td>\n<td style=\"width: 289.833px;\">&nbsp;<\/td>\n<\/tr>\n<\/tbody>\n<\/table>\n<p>&nbsp;<\/p>\n<p>&nbsp;<\/p>\n","protected":false},"excerpt":{"rendered":"<p>unser Repertorie f\u00fcr die Saison 2024\/2025 + Marschbuch + Prozession &nbsp; unser Repertoire f\u00fcr die Saisons 2019 \/ 2020 Konzertantes Modernes Concerto d\u00b4Amore 80er Kult(Tour) Danke Hansi ABBA Gold Eventide Fall Bohemian Rhapsody Guten Abend, Gute Nacht Beach Boys Golden &hellip; <a href=\"https:\/\/gruene-jaeger.de\/?page_id=261\">Weiterlesen <span class=\"meta-nav\">&rarr;<\/span><\/a><\/p>\n","protected":false},"author":1,"featured_media":0,"parent":45,"menu_order":0,"comment_status":"closed","ping_status":"closed","template":"sidebar-page.php","meta":{"_acf_changed":false,"_crdt_document":"","ngg_post_thumbnail":0,"_price":"","_stock":"","_tribe_ticket_header":"","_tribe_default_ticket_provider":"","_tribe_ticket_capacity":"0","_ticket_start_date":"","_ticket_end_date":"","_tribe_ticket_show_description":"","_tribe_ticket_show_not_going":false,"_tribe_ticket_use_global_stock":"","_tribe_ticket_global_stock_level":"","_global_stock_mode":"","_global_stock_cap":"","_tribe_rsvp_for_event":"","_tribe_ticket_going_count":"","_tribe_ticket_not_going_count":"","_tribe_tickets_list":"[]","_tribe_ticket_has_attendee_info_fields":false,"footnotes":"","_tec_slr_enabled":"","_tec_slr_layout":""},"class_list":["post-261","page","type-page","status-publish","hentry"],"acf":[],"yoast_head":"<!-- This site is optimized with the Yoast SEO plugin v27.6 - https:\/\/yoast.com\/product\/yoast-seo-wordpress\/ -->\n<title>Repertoire - Trachtenkapelle Gr\u00fcne J\u00e4ger e.V.<\/title>\n<meta name=\"robots\" content=\"index, follow, max-snippet:-1, max-image-preview:large, max-video-preview:-1\" \/>\n<link rel=\"canonical\" href=\"https:\/\/gruene-jaeger.de\/?page_id=261\" \/>\n<meta property=\"og:locale\" content=\"de_DE\" \/>\n<meta property=\"og:type\" content=\"article\" \/>\n<meta property=\"og:title\" content=\"Repertoire - Trachtenkapelle Gr\u00fcne J\u00e4ger e.V.\" \/>\n<meta property=\"og:description\" content=\"unser Repertorie f\u00fcr die Saison 2024\/2025 + Marschbuch + Prozession &nbsp; unser Repertoire f\u00fcr die Saisons 2019 \/ 2020 Konzertantes Modernes Concerto d\u00b4Amore 80er Kult(Tour) Danke Hansi ABBA Gold Eventide Fall Bohemian Rhapsody Guten Abend, Gute Nacht Beach Boys Golden &hellip; Weiterlesen &rarr;\" \/>\n<meta property=\"og:url\" content=\"https:\/\/gruene-jaeger.de\/?page_id=261\" \/>\n<meta property=\"og:site_name\" content=\"Trachtenkapelle Gr\u00fcne J\u00e4ger e.V.\" \/>\n<meta property=\"article:modified_time\" content=\"2024-07-25T11:43:57+00:00\" \/>\n<meta property=\"og:image\" content=\"https:\/\/gruene-jaeger.de\/wp-content\/uploads\/2024\/07\/GJ_Repertoire_2024_001-scaled.jpg\" \/>\n<meta name=\"twitter:label1\" content=\"Gesch\u00e4tzte Lesezeit\" \/>\n\t<meta name=\"twitter:data1\" content=\"3\u00a0Minuten\" \/>\n<script type=\"application\/ld+json\" class=\"yoast-schema-graph\">{\"@context\":\"https:\\\/\\\/schema.org\",\"@graph\":[{\"@type\":\"WebPage\",\"@id\":\"https:\\\/\\\/gruene-jaeger.de\\\/?page_id=261\",\"url\":\"https:\\\/\\\/gruene-jaeger.de\\\/?page_id=261\",\"name\":\"Repertoire - Trachtenkapelle Gr\u00fcne J\u00e4ger e.V.\",\"isPartOf\":{\"@id\":\"https:\\\/\\\/gruene-jaeger.de\\\/#website\"},\"primaryImageOfPage\":{\"@id\":\"https:\\\/\\\/gruene-jaeger.de\\\/?page_id=261#primaryimage\"},\"image\":{\"@id\":\"https:\\\/\\\/gruene-jaeger.de\\\/?page_id=261#primaryimage\"},\"thumbnailUrl\":\"https:\\\/\\\/gruene-jaeger.de\\\/wp-content\\\/uploads\\\/2024\\\/07\\\/GJ_Repertoire_2024_001-scaled.jpg\",\"datePublished\":\"2013-02-06T20:47:53+00:00\",\"dateModified\":\"2024-07-25T11:43:57+00:00\",\"breadcrumb\":{\"@id\":\"https:\\\/\\\/gruene-jaeger.de\\\/?page_id=261#breadcrumb\"},\"inLanguage\":\"de\",\"potentialAction\":[{\"@type\":\"ReadAction\",\"target\":[\"https:\\\/\\\/gruene-jaeger.de\\\/?page_id=261\"]}]},{\"@type\":\"ImageObject\",\"inLanguage\":\"de\",\"@id\":\"https:\\\/\\\/gruene-jaeger.de\\\/?page_id=261#primaryimage\",\"url\":\"https:\\\/\\\/gruene-jaeger.de\\\/wp-content\\\/uploads\\\/2024\\\/07\\\/GJ_Repertoire_2024_001-scaled.jpg\",\"contentUrl\":\"https:\\\/\\\/gruene-jaeger.de\\\/wp-content\\\/uploads\\\/2024\\\/07\\\/GJ_Repertoire_2024_001-scaled.jpg\"},{\"@type\":\"BreadcrumbList\",\"@id\":\"https:\\\/\\\/gruene-jaeger.de\\\/?page_id=261#breadcrumb\",\"itemListElement\":[{\"@type\":\"ListItem\",\"position\":1,\"name\":\"Home\",\"item\":\"https:\\\/\\\/gruene-jaeger.de\\\/\"},{\"@type\":\"ListItem\",\"position\":2,\"name\":\"\u00dcber uns\",\"item\":\"https:\\\/\\\/gruene-jaeger.de\\\/?page_id=45\"},{\"@type\":\"ListItem\",\"position\":3,\"name\":\"Repertoire\"}]},{\"@type\":\"WebSite\",\"@id\":\"https:\\\/\\\/gruene-jaeger.de\\\/#website\",\"url\":\"https:\\\/\\\/gruene-jaeger.de\\\/\",\"name\":\"Trachtenkapelle Gr\u00fcne J\u00e4ger e.V.\",\"description\":\"Musikverein Neusatz - gegr. 1896\",\"publisher\":{\"@id\":\"https:\\\/\\\/gruene-jaeger.de\\\/#organization\"},\"potentialAction\":[{\"@type\":\"SearchAction\",\"target\":{\"@type\":\"EntryPoint\",\"urlTemplate\":\"https:\\\/\\\/gruene-jaeger.de\\\/?s={search_term_string}\"},\"query-input\":{\"@type\":\"PropertyValueSpecification\",\"valueRequired\":true,\"valueName\":\"search_term_string\"}}],\"inLanguage\":\"de\"},{\"@type\":\"Organization\",\"@id\":\"https:\\\/\\\/gruene-jaeger.de\\\/#organization\",\"name\":\"\\\"Gr\u00fcne J\u00e4ger\\\" Musikverein Neusatz e.V.\",\"url\":\"https:\\\/\\\/gruene-jaeger.de\\\/\",\"logo\":{\"@type\":\"ImageObject\",\"inLanguage\":\"de\",\"@id\":\"https:\\\/\\\/gruene-jaeger.de\\\/#\\\/schema\\\/logo\\\/image\\\/\",\"url\":\"http:\\\/\\\/gruene-jaeger.de\\\/wp-content\\\/uploads\\\/2015\\\/11\\\/Logo.png\",\"contentUrl\":\"http:\\\/\\\/gruene-jaeger.de\\\/wp-content\\\/uploads\\\/2015\\\/11\\\/Logo.png\",\"width\":500,\"height\":500,\"caption\":\"\\\"Gr\u00fcne J\u00e4ger\\\" Musikverein Neusatz e.V.\"},\"image\":{\"@id\":\"https:\\\/\\\/gruene-jaeger.de\\\/#\\\/schema\\\/logo\\\/image\\\/\"}}]}<\/script>\n<!-- \/ Yoast SEO plugin. -->","yoast_head_json":{"title":"Repertoire - Trachtenkapelle Gr\u00fcne J\u00e4ger e.V.","robots":{"index":"index","follow":"follow","max-snippet":"max-snippet:-1","max-image-preview":"max-image-preview:large","max-video-preview":"max-video-preview:-1"},"canonical":"https:\/\/gruene-jaeger.de\/?page_id=261","og_locale":"de_DE","og_type":"article","og_title":"Repertoire - Trachtenkapelle Gr\u00fcne J\u00e4ger e.V.","og_description":"unser Repertorie f\u00fcr die Saison 2024\/2025 + Marschbuch + Prozession &nbsp; unser Repertoire f\u00fcr die Saisons 2019 \/ 2020 Konzertantes Modernes Concerto d\u00b4Amore 80er Kult(Tour) Danke Hansi ABBA Gold Eventide Fall Bohemian Rhapsody Guten Abend, Gute Nacht Beach Boys Golden &hellip; Weiterlesen &rarr;","og_url":"https:\/\/gruene-jaeger.de\/?page_id=261","og_site_name":"Trachtenkapelle Gr\u00fcne J\u00e4ger e.V.","article_modified_time":"2024-07-25T11:43:57+00:00","og_image":[{"url":"https:\/\/gruene-jaeger.de\/wp-content\/uploads\/2024\/07\/GJ_Repertoire_2024_001-scaled.jpg","type":"","width":"","height":""}],"twitter_misc":{"Gesch\u00e4tzte Lesezeit":"3\u00a0Minuten"},"schema":{"@context":"https:\/\/schema.org","@graph":[{"@type":"WebPage","@id":"https:\/\/gruene-jaeger.de\/?page_id=261","url":"https:\/\/gruene-jaeger.de\/?page_id=261","name":"Repertoire - Trachtenkapelle Gr\u00fcne J\u00e4ger e.V.","isPartOf":{"@id":"https:\/\/gruene-jaeger.de\/#website"},"primaryImageOfPage":{"@id":"https:\/\/gruene-jaeger.de\/?page_id=261#primaryimage"},"image":{"@id":"https:\/\/gruene-jaeger.de\/?page_id=261#primaryimage"},"thumbnailUrl":"https:\/\/gruene-jaeger.de\/wp-content\/uploads\/2024\/07\/GJ_Repertoire_2024_001-scaled.jpg","datePublished":"2013-02-06T20:47:53+00:00","dateModified":"2024-07-25T11:43:57+00:00","breadcrumb":{"@id":"https:\/\/gruene-jaeger.de\/?page_id=261#breadcrumb"},"inLanguage":"de","potentialAction":[{"@type":"ReadAction","target":["https:\/\/gruene-jaeger.de\/?page_id=261"]}]},{"@type":"ImageObject","inLanguage":"de","@id":"https:\/\/gruene-jaeger.de\/?page_id=261#primaryimage","url":"https:\/\/gruene-jaeger.de\/wp-content\/uploads\/2024\/07\/GJ_Repertoire_2024_001-scaled.jpg","contentUrl":"https:\/\/gruene-jaeger.de\/wp-content\/uploads\/2024\/07\/GJ_Repertoire_2024_001-scaled.jpg"},{"@type":"BreadcrumbList","@id":"https:\/\/gruene-jaeger.de\/?page_id=261#breadcrumb","itemListElement":[{"@type":"ListItem","position":1,"name":"Home","item":"https:\/\/gruene-jaeger.de\/"},{"@type":"ListItem","position":2,"name":"\u00dcber uns","item":"https:\/\/gruene-jaeger.de\/?page_id=45"},{"@type":"ListItem","position":3,"name":"Repertoire"}]},{"@type":"WebSite","@id":"https:\/\/gruene-jaeger.de\/#website","url":"https:\/\/gruene-jaeger.de\/","name":"Trachtenkapelle Gr\u00fcne J\u00e4ger e.V.","description":"Musikverein Neusatz - gegr. 1896","publisher":{"@id":"https:\/\/gruene-jaeger.de\/#organization"},"potentialAction":[{"@type":"SearchAction","target":{"@type":"EntryPoint","urlTemplate":"https:\/\/gruene-jaeger.de\/?s={search_term_string}"},"query-input":{"@type":"PropertyValueSpecification","valueRequired":true,"valueName":"search_term_string"}}],"inLanguage":"de"},{"@type":"Organization","@id":"https:\/\/gruene-jaeger.de\/#organization","name":"\"Gr\u00fcne J\u00e4ger\" Musikverein Neusatz e.V.","url":"https:\/\/gruene-jaeger.de\/","logo":{"@type":"ImageObject","inLanguage":"de","@id":"https:\/\/gruene-jaeger.de\/#\/schema\/logo\/image\/","url":"http:\/\/gruene-jaeger.de\/wp-content\/uploads\/2015\/11\/Logo.png","contentUrl":"http:\/\/gruene-jaeger.de\/wp-content\/uploads\/2015\/11\/Logo.png","width":500,"height":500,"caption":"\"Gr\u00fcne J\u00e4ger\" Musikverein Neusatz e.V."},"image":{"@id":"https:\/\/gruene-jaeger.de\/#\/schema\/logo\/image\/"}}]}},"ticketed":false,"_links":{"self":[{"href":"https:\/\/gruene-jaeger.de\/index.php?rest_route=\/wp\/v2\/pages\/261","targetHints":{"allow":["GET"]}}],"collection":[{"href":"https:\/\/gruene-jaeger.de\/index.php?rest_route=\/wp\/v2\/pages"}],"about":[{"href":"https:\/\/gruene-jaeger.de\/index.php?rest_route=\/wp\/v2\/types\/page"}],"author":[{"embeddable":true,"href":"https:\/\/gruene-jaeger.de\/index.php?rest_route=\/wp\/v2\/users\/1"}],"replies":[{"embeddable":true,"href":"https:\/\/gruene-jaeger.de\/index.php?rest_route=%2Fwp%2Fv2%2Fcomments&post=261"}],"version-history":[{"count":14,"href":"https:\/\/gruene-jaeger.de\/index.php?rest_route=\/wp\/v2\/pages\/261\/revisions"}],"predecessor-version":[{"id":3732,"href":"https:\/\/gruene-jaeger.de\/index.php?rest_route=\/wp\/v2\/pages\/261\/revisions\/3732"}],"up":[{"embeddable":true,"href":"https:\/\/gruene-jaeger.de\/index.php?rest_route=\/wp\/v2\/pages\/45"}],"wp:attachment":[{"href":"https:\/\/gruene-jaeger.de\/index.php?rest_route=%2Fwp%2Fv2%2Fmedia&parent=261"}],"curies":[{"name":"wp","href":"https:\/\/api.w.org\/{rel}","templated":true}]}}