{"id":246,"date":"2013-02-06T22:30:42","date_gmt":"2013-02-06T20:30:42","guid":{"rendered":"http:\/\/wp.gruene-jaeger.de\/?page_id=246"},"modified":"2024-11-09T22:26:27","modified_gmt":"2024-11-09T21:26:27","slug":"passives-mitglied-werden","status":"publish","type":"page","link":"https:\/\/gruene-jaeger.de\/?page_id=246","title":{"rendered":"Passives Mitglied werden"},"content":{"rendered":"<h1><strong>Unsere Aktivit\u00e4ten: ein Beispiel &#8211; Das Silvesterspielen<\/strong><\/h1>\n<p>Der \u00e4lteste schriftliche Beleg \u00fcber unsere Tradition des Silvesterspielens findet sich in einem Schriftf\u00fchrerbuch aus dem Jahr 1931.<br \/>\nAus Erz\u00e4hlungen seines Gro\u00dfvater Bernhard Seiter aus Waldmatt, einem Gr\u00fcndungsmitglied des Musikvereins, wei\u00df unser Ehrenmitglied Siegfried Faller folgendes zu berichten:<br \/>\nnachdem im Jahre 1896 die Probearbeiten durch die Gr\u00fcndungsmitglieder begannen und damit die Geburtsstunde unseres Musikvereines gelegt war, befassten sich die Musiker mit einer Vereinsstruktur und der \u00dcberlegung, wie ein verl\u00e4ssliches finanzielles Fundament die Idee eines Musikvereines nachhaltig unterst\u00fctzen k\u00f6nne. Der damalige Ratschreiber Franz Rheinschmidt arbeitete Vereinsstatuten aus und lie\u00df diese am 24. Januar 1900 ins Vereinsregister eintragen. Franz Rheinschmidt wurde auf jener Versammlung zum ersten Vorstand gew\u00e4hlt.<\/p>\n<p><strong>Bereits dort wurde der Beschluss gefasst, jedem Vereinsmitglied als Dank f\u00fcr die Unterst\u00fctzung am Silvestertag ein St\u00e4ndchen zu bringen<\/strong>: entsprechend meldeten sich spontan \u00fcber einhundert Neusatzer B\u00fcrger als Vereinsmitglied an.<\/p>\n<p>Diese Tradition musste w\u00e4hrend den Weltkriegszeiten unterbrochen werden. Wohl 1921 mit der ersten Neugr\u00fcndung wurde das Silvesterspielen wieder belebt und bis zum Jahresausklang 1938 fortgef\u00fchrt; die Einberufungen aller wehrpflichtigen M\u00e4nner ab August 1938 sowie der Ausbruch des II. Weltkrieges erzwangen dann zum zweiten Male eine Unterbrechung.<br \/>\nMit der erneuten Gr\u00fcndung im Jahre 1946 &#8211; am 17.Juli 1946 genehmigte die franz\u00f6sische Milit\u00e4rregierung eine solche &#8211; wird <strong><em>seit dem Jahreswechsel 1946\/1947<\/em><\/strong> diese sch\u00f6ne Geste an die in Neusatz wohnhaften Mitglieder <em><strong>ununterbrochen<\/strong><\/em> gepflegt &#8211; auch wenn Covid19 uns zu einer Pause im Jahr 2020 zwang!.Weder Regen, Sturm, Glatteis oder Schneetreiben k\u00f6nnen die Musiker bis dato von dieser langen Tradition abbringen.<\/p>\n<p>Die Musiker erfreuen sich dabei an vielen Haust\u00fcren einer herzlichen Gastfreundschaft!<\/p>\n<p style=\"text-align: center;\"><a href=\"https:\/\/gruene-jaeger.de\/wp-content\/uploads\/2013\/02\/Silvester2009.jpg\"><img loading=\"lazy\" decoding=\"async\" class=\"alignnone wp-image-744 size-full\" src=\"https:\/\/gruene-jaeger.de\/wp-content\/uploads\/2013\/02\/Silvester2009.jpg\" alt=\"Silvester2009\" width=\"4000\" height=\"3000\" data-id=\"744\" data-first-enter-image=\"true\"><\/a>Eine Gruppe beim St\u00e4ndchen 2009<\/p>\n<p>Seit dem Jahrtausendwechsel \u00fcberreichen die einzelnen Abordnungen auch eine Gru\u00dfkarte, die in manchen Haushalten weit in das Folgejahr hinein in der K\u00fcche oder an der Garderobe einen Ehrenplatz findet.<\/p>\n<p>Haben Sie Gefallen gefunden an unseren <a href=\"http:\/\/www.gruene-jaeger.de\/?page_id=244\">Aktivit\u00e4ten<\/a> und wollen Sie uns mit Ihren Mitgliedschaft ideell und finanziell unterst\u00fctzen? Dann freuen wir uns \u00fcber Ihre <a href=\"http:\/\/www.suema.com\/MV\/Mitgliedsantrag_2019.pdf\">Anmeldung<\/a>.<\/p>\n","protected":false},"excerpt":{"rendered":"<p>Unsere Aktivit\u00e4ten: ein Beispiel &#8211; Das Silvesterspielen Der \u00e4lteste schriftliche Beleg \u00fcber unsere Tradition des Silvesterspielens findet sich in einem Schriftf\u00fchrerbuch aus dem Jahr 1931. Aus Erz\u00e4hlungen seines Gro\u00dfvater Bernhard Seiter aus Waldmatt, einem Gr\u00fcndungsmitglied des Musikvereins, wei\u00df unser Ehrenmitglied &hellip; <a href=\"https:\/\/gruene-jaeger.de\/?page_id=246\">Weiterlesen <span class=\"meta-nav\">&rarr;<\/span><\/a><\/p>\n","protected":false},"author":1,"featured_media":0,"parent":426,"menu_order":0,"comment_status":"closed","ping_status":"closed","template":"sidebar-page.php","meta":{"_acf_changed":false,"_crdt_document":"","ngg_post_thumbnail":0,"_price":"","_stock":"","_tribe_ticket_header":"","_tribe_default_ticket_provider":"","_tribe_ticket_capacity":"0","_ticket_start_date":"","_ticket_end_date":"","_tribe_ticket_show_description":"","_tribe_ticket_show_not_going":false,"_tribe_ticket_use_global_stock":"","_tribe_ticket_global_stock_level":"","_global_stock_mode":"","_global_stock_cap":"","_tribe_rsvp_for_event":"","_tribe_ticket_going_count":"","_tribe_ticket_not_going_count":"","_tribe_tickets_list":"[]","_tribe_ticket_has_attendee_info_fields":false,"footnotes":"","_tec_slr_enabled":"","_tec_slr_layout":""},"class_list":["post-246","page","type-page","status-publish","hentry"],"acf":[],"yoast_head":"<!-- This site is optimized with the Yoast SEO plugin v27.6 - https:\/\/yoast.com\/product\/yoast-seo-wordpress\/ -->\n<title>Passives Mitglied werden - Trachtenkapelle Gr\u00fcne J\u00e4ger e.V.<\/title>\n<meta name=\"description\" content=\"Silvesterspiel als langj\u00e4hrige Tradition des Musikvereins seit der Vereinsgr\u00fcndung\" \/>\n<meta name=\"robots\" content=\"index, follow, max-snippet:-1, max-image-preview:large, max-video-preview:-1\" \/>\n<link rel=\"canonical\" href=\"https:\/\/gruene-jaeger.de\/?page_id=246\" \/>\n<meta property=\"og:locale\" content=\"de_DE\" \/>\n<meta property=\"og:type\" content=\"article\" \/>\n<meta property=\"og:title\" content=\"Passives Mitglied werden - Trachtenkapelle Gr\u00fcne J\u00e4ger e.V.\" \/>\n<meta property=\"og:description\" content=\"Silvesterspiel als langj\u00e4hrige Tradition des Musikvereins seit der Vereinsgr\u00fcndung\" \/>\n<meta property=\"og:url\" content=\"https:\/\/gruene-jaeger.de\/?page_id=246\" \/>\n<meta property=\"og:site_name\" content=\"Trachtenkapelle Gr\u00fcne J\u00e4ger e.V.\" \/>\n<meta property=\"article:modified_time\" content=\"2024-11-09T21:26:27+00:00\" \/>\n<meta property=\"og:image\" content=\"http:\/\/gruene-jaeger.de\/wp-content\/uploads\/2013\/02\/Silvester2009.jpg\" \/>\n<meta name=\"twitter:label1\" content=\"Gesch\u00e4tzte Lesezeit\" \/>\n\t<meta name=\"twitter:data1\" content=\"2\u00a0Minuten\" \/>\n<script type=\"application\/ld+json\" class=\"yoast-schema-graph\">{\"@context\":\"https:\\\/\\\/schema.org\",\"@graph\":[{\"@type\":\"WebPage\",\"@id\":\"https:\\\/\\\/gruene-jaeger.de\\\/?page_id=246\",\"url\":\"https:\\\/\\\/gruene-jaeger.de\\\/?page_id=246\",\"name\":\"Passives Mitglied werden - Trachtenkapelle Gr\u00fcne J\u00e4ger e.V.\",\"isPartOf\":{\"@id\":\"https:\\\/\\\/gruene-jaeger.de\\\/#website\"},\"primaryImageOfPage\":{\"@id\":\"https:\\\/\\\/gruene-jaeger.de\\\/?page_id=246#primaryimage\"},\"image\":{\"@id\":\"https:\\\/\\\/gruene-jaeger.de\\\/?page_id=246#primaryimage\"},\"thumbnailUrl\":\"http:\\\/\\\/gruene-jaeger.de\\\/wp-content\\\/uploads\\\/2013\\\/02\\\/Silvester2009.jpg\",\"datePublished\":\"2013-02-06T20:30:42+00:00\",\"dateModified\":\"2024-11-09T21:26:27+00:00\",\"description\":\"Silvesterspiel als langj\u00e4hrige Tradition des Musikvereins seit der Vereinsgr\u00fcndung\",\"breadcrumb\":{\"@id\":\"https:\\\/\\\/gruene-jaeger.de\\\/?page_id=246#breadcrumb\"},\"inLanguage\":\"de\",\"potentialAction\":[{\"@type\":\"ReadAction\",\"target\":[\"https:\\\/\\\/gruene-jaeger.de\\\/?page_id=246\"]}]},{\"@type\":\"ImageObject\",\"inLanguage\":\"de\",\"@id\":\"https:\\\/\\\/gruene-jaeger.de\\\/?page_id=246#primaryimage\",\"url\":\"http:\\\/\\\/gruene-jaeger.de\\\/wp-content\\\/uploads\\\/2013\\\/02\\\/Silvester2009.jpg\",\"contentUrl\":\"http:\\\/\\\/gruene-jaeger.de\\\/wp-content\\\/uploads\\\/2013\\\/02\\\/Silvester2009.jpg\"},{\"@type\":\"BreadcrumbList\",\"@id\":\"https:\\\/\\\/gruene-jaeger.de\\\/?page_id=246#breadcrumb\",\"itemListElement\":[{\"@type\":\"ListItem\",\"position\":1,\"name\":\"Home\",\"item\":\"https:\\\/\\\/gruene-jaeger.de\\\/\"},{\"@type\":\"ListItem\",\"position\":2,\"name\":\"Aktuell\",\"item\":\"https:\\\/\\\/gruene-jaeger.de\\\/?page_id=7\"},{\"@type\":\"ListItem\",\"position\":3,\"name\":\"Verein\",\"item\":\"https:\\\/\\\/gruene-jaeger.de\\\/?page_id=426\"},{\"@type\":\"ListItem\",\"position\":4,\"name\":\"Passives Mitglied werden\"}]},{\"@type\":\"WebSite\",\"@id\":\"https:\\\/\\\/gruene-jaeger.de\\\/#website\",\"url\":\"https:\\\/\\\/gruene-jaeger.de\\\/\",\"name\":\"Trachtenkapelle Gr\u00fcne J\u00e4ger e.V.\",\"description\":\"Musikverein Neusatz - gegr. 1896\",\"publisher\":{\"@id\":\"https:\\\/\\\/gruene-jaeger.de\\\/#organization\"},\"potentialAction\":[{\"@type\":\"SearchAction\",\"target\":{\"@type\":\"EntryPoint\",\"urlTemplate\":\"https:\\\/\\\/gruene-jaeger.de\\\/?s={search_term_string}\"},\"query-input\":{\"@type\":\"PropertyValueSpecification\",\"valueRequired\":true,\"valueName\":\"search_term_string\"}}],\"inLanguage\":\"de\"},{\"@type\":\"Organization\",\"@id\":\"https:\\\/\\\/gruene-jaeger.de\\\/#organization\",\"name\":\"\\\"Gr\u00fcne J\u00e4ger\\\" Musikverein Neusatz e.V.\",\"url\":\"https:\\\/\\\/gruene-jaeger.de\\\/\",\"logo\":{\"@type\":\"ImageObject\",\"inLanguage\":\"de\",\"@id\":\"https:\\\/\\\/gruene-jaeger.de\\\/#\\\/schema\\\/logo\\\/image\\\/\",\"url\":\"http:\\\/\\\/gruene-jaeger.de\\\/wp-content\\\/uploads\\\/2015\\\/11\\\/Logo.png\",\"contentUrl\":\"http:\\\/\\\/gruene-jaeger.de\\\/wp-content\\\/uploads\\\/2015\\\/11\\\/Logo.png\",\"width\":500,\"height\":500,\"caption\":\"\\\"Gr\u00fcne J\u00e4ger\\\" Musikverein Neusatz e.V.\"},\"image\":{\"@id\":\"https:\\\/\\\/gruene-jaeger.de\\\/#\\\/schema\\\/logo\\\/image\\\/\"}}]}<\/script>\n<!-- \/ Yoast SEO plugin. -->","yoast_head_json":{"title":"Passives Mitglied werden - Trachtenkapelle Gr\u00fcne J\u00e4ger e.V.","description":"Silvesterspiel als langj\u00e4hrige Tradition des Musikvereins seit der Vereinsgr\u00fcndung","robots":{"index":"index","follow":"follow","max-snippet":"max-snippet:-1","max-image-preview":"max-image-preview:large","max-video-preview":"max-video-preview:-1"},"canonical":"https:\/\/gruene-jaeger.de\/?page_id=246","og_locale":"de_DE","og_type":"article","og_title":"Passives Mitglied werden - Trachtenkapelle Gr\u00fcne J\u00e4ger e.V.","og_description":"Silvesterspiel als langj\u00e4hrige Tradition des Musikvereins seit der Vereinsgr\u00fcndung","og_url":"https:\/\/gruene-jaeger.de\/?page_id=246","og_site_name":"Trachtenkapelle Gr\u00fcne J\u00e4ger e.V.","article_modified_time":"2024-11-09T21:26:27+00:00","og_image":[{"url":"http:\/\/gruene-jaeger.de\/wp-content\/uploads\/2013\/02\/Silvester2009.jpg","type":"","width":"","height":""}],"twitter_misc":{"Gesch\u00e4tzte Lesezeit":"2\u00a0Minuten"},"schema":{"@context":"https:\/\/schema.org","@graph":[{"@type":"WebPage","@id":"https:\/\/gruene-jaeger.de\/?page_id=246","url":"https:\/\/gruene-jaeger.de\/?page_id=246","name":"Passives Mitglied werden - Trachtenkapelle Gr\u00fcne J\u00e4ger e.V.","isPartOf":{"@id":"https:\/\/gruene-jaeger.de\/#website"},"primaryImageOfPage":{"@id":"https:\/\/gruene-jaeger.de\/?page_id=246#primaryimage"},"image":{"@id":"https:\/\/gruene-jaeger.de\/?page_id=246#primaryimage"},"thumbnailUrl":"http:\/\/gruene-jaeger.de\/wp-content\/uploads\/2013\/02\/Silvester2009.jpg","datePublished":"2013-02-06T20:30:42+00:00","dateModified":"2024-11-09T21:26:27+00:00","description":"Silvesterspiel als langj\u00e4hrige Tradition des Musikvereins seit der Vereinsgr\u00fcndung","breadcrumb":{"@id":"https:\/\/gruene-jaeger.de\/?page_id=246#breadcrumb"},"inLanguage":"de","potentialAction":[{"@type":"ReadAction","target":["https:\/\/gruene-jaeger.de\/?page_id=246"]}]},{"@type":"ImageObject","inLanguage":"de","@id":"https:\/\/gruene-jaeger.de\/?page_id=246#primaryimage","url":"http:\/\/gruene-jaeger.de\/wp-content\/uploads\/2013\/02\/Silvester2009.jpg","contentUrl":"http:\/\/gruene-jaeger.de\/wp-content\/uploads\/2013\/02\/Silvester2009.jpg"},{"@type":"BreadcrumbList","@id":"https:\/\/gruene-jaeger.de\/?page_id=246#breadcrumb","itemListElement":[{"@type":"ListItem","position":1,"name":"Home","item":"https:\/\/gruene-jaeger.de\/"},{"@type":"ListItem","position":2,"name":"Aktuell","item":"https:\/\/gruene-jaeger.de\/?page_id=7"},{"@type":"ListItem","position":3,"name":"Verein","item":"https:\/\/gruene-jaeger.de\/?page_id=426"},{"@type":"ListItem","position":4,"name":"Passives Mitglied werden"}]},{"@type":"WebSite","@id":"https:\/\/gruene-jaeger.de\/#website","url":"https:\/\/gruene-jaeger.de\/","name":"Trachtenkapelle Gr\u00fcne J\u00e4ger e.V.","description":"Musikverein Neusatz - gegr. 1896","publisher":{"@id":"https:\/\/gruene-jaeger.de\/#organization"},"potentialAction":[{"@type":"SearchAction","target":{"@type":"EntryPoint","urlTemplate":"https:\/\/gruene-jaeger.de\/?s={search_term_string}"},"query-input":{"@type":"PropertyValueSpecification","valueRequired":true,"valueName":"search_term_string"}}],"inLanguage":"de"},{"@type":"Organization","@id":"https:\/\/gruene-jaeger.de\/#organization","name":"\"Gr\u00fcne J\u00e4ger\" Musikverein Neusatz e.V.","url":"https:\/\/gruene-jaeger.de\/","logo":{"@type":"ImageObject","inLanguage":"de","@id":"https:\/\/gruene-jaeger.de\/#\/schema\/logo\/image\/","url":"http:\/\/gruene-jaeger.de\/wp-content\/uploads\/2015\/11\/Logo.png","contentUrl":"http:\/\/gruene-jaeger.de\/wp-content\/uploads\/2015\/11\/Logo.png","width":500,"height":500,"caption":"\"Gr\u00fcne J\u00e4ger\" Musikverein Neusatz e.V."},"image":{"@id":"https:\/\/gruene-jaeger.de\/#\/schema\/logo\/image\/"}}]}},"ticketed":false,"_links":{"self":[{"href":"https:\/\/gruene-jaeger.de\/index.php?rest_route=\/wp\/v2\/pages\/246","targetHints":{"allow":["GET"]}}],"collection":[{"href":"https:\/\/gruene-jaeger.de\/index.php?rest_route=\/wp\/v2\/pages"}],"about":[{"href":"https:\/\/gruene-jaeger.de\/index.php?rest_route=\/wp\/v2\/types\/page"}],"author":[{"embeddable":true,"href":"https:\/\/gruene-jaeger.de\/index.php?rest_route=\/wp\/v2\/users\/1"}],"replies":[{"embeddable":true,"href":"https:\/\/gruene-jaeger.de\/index.php?rest_route=%2Fwp%2Fv2%2Fcomments&post=246"}],"version-history":[{"count":15,"href":"https:\/\/gruene-jaeger.de\/index.php?rest_route=\/wp\/v2\/pages\/246\/revisions"}],"predecessor-version":[{"id":3737,"href":"https:\/\/gruene-jaeger.de\/index.php?rest_route=\/wp\/v2\/pages\/246\/revisions\/3737"}],"up":[{"embeddable":true,"href":"https:\/\/gruene-jaeger.de\/index.php?rest_route=\/wp\/v2\/pages\/426"}],"wp:attachment":[{"href":"https:\/\/gruene-jaeger.de\/index.php?rest_route=%2Fwp%2Fv2%2Fmedia&parent=246"}],"curies":[{"name":"wp","href":"https:\/\/api.w.org\/{rel}","templated":true}]}}