{"id":244,"date":"2013-02-06T22:30:22","date_gmt":"2013-02-06T20:30:22","guid":{"rendered":"http:\/\/wp.gruene-jaeger.de\/?page_id=244"},"modified":"2025-11-02T21:36:34","modified_gmt":"2025-11-02T20:36:34","slug":"jugendausbildung","status":"publish","type":"page","link":"https:\/\/gruene-jaeger.de\/?page_id=244","title":{"rendered":"Unsere Aktivit\u00e4ten"},"content":{"rendered":"<p><strong><img loading=\"lazy\" decoding=\"async\" class=\"alignleft wp-image-319\" style=\"border: 0px none;\" src=\"wp-content\/images\/ueber_uns\/unsere_akt_2.png\" alt=\"uber_uns_2\" width=\"150\" height=\"175\" \/>\u2026 im Gemeindeleben<\/strong><br \/>\nWir gestalten kirchliche und weltliche Feste mit:<br \/>\nWei\u00dfer Sonntag, Fronleichnamsprozession, Volkstrauertag, Maibaumstellen in Waldmatt und Neusatz, Jubil\u00e4en Neusatzer Vereine, unser Jahreskonzert im Fr\u00fchjahr, Musikalische Gestaltung des Gottesdienstes am zweiten Weihnachtsfeiertag.<\/p>\n<p><strong><img loading=\"lazy\" decoding=\"async\" class=\"alignright wp-image-320\" style=\"border: 0px none;\" src=\"wp-content\/images\/ueber_uns\/unsere_akt_3.png\" alt=\"uber_uns_3\" width=\"150\" height=\"177\" \/>\u2026 bei Festen nah und fern<\/strong><br \/>\nViele Gastauftritte in der n\u00e4heren\u00a0 Heimat pr\u00e4gen unser Vereinsjahr: z.B. Erntedankfest in Sasbachwalden, Zwetschgenfest in B\u00fchl, Weihnachtsm\u00e4rkte in B\u00fchl und Baden-Baden<br \/>\nAuch pr\u00e4sentieren wir musikalisch unsere Heimat bei Vereinsausfl\u00fcgen wie z.B. in Veseli nad Moravou\/ Tschechien oder Durach\/Allg\u00e4u.<\/p>\n<p><strong><img loading=\"lazy\" decoding=\"async\" class=\" wp-image-323 alignleft\" style=\"border: 0px none;\" src=\"wp-content\/images\/ueber_uns\/unsere_akt_6.png\" alt=\"uber_uns_6\" width=\"150\" height=\"177\" \/>\u2026 neben der Musik<\/strong><br \/>\nAu\u00dfermusikalisch zeigen wir auch Flagge: wir pflegen die Landschaft mit der Reinigung von Trockenmauern der Sommerseite, beteiligen uns am Dorffest oder sorgen beim Gro\u00dfen Musikpreis f\u00fcr die Bewirtung und Unterbringung von Gastmusikern.<\/p>\n<p><strong><img loading=\"lazy\" decoding=\"async\" class=\"alignright wp-image-322\" style=\"border: 0px none;\" src=\"wp-content\/images\/ueber_uns\/unsere_akt_5.png\" alt=\"uber_uns_5\" width=\"150\" height=\"177\" \/>\u2026 f\u00fcr besondere Momente<\/strong><br \/>\nWir setzten in den letzten Jahrzehnten Highlights wie das Musical \u201eFREUDE\u201c in Kooperation mit der Grundschule Neusatz, das Kindermusical &#8222;Wind in den Weiden&#8220;, \u201eTanz der Vampire\u201c mit dem Fautenbacher Projektchor, den Serenaden\u00a0 bei\u00a0 den Trockenmauern als Naturkulisse und mit der Serenade am Bibelgarten des Klosters Neusatzeck!<\/p>\n<p><strong><img loading=\"lazy\" decoding=\"async\" class=\" wp-image-324 alignleft\" style=\"border: 0px none;\" src=\"wp-content\/images\/ueber_uns\/unsere_akt_4.png\" alt=\"uber_uns_4\" width=\"150\" height=\"247\" \/>\u2026 in der Jugendausbildung<\/strong><br \/>\nBereits im zarten Alter von 7 Jahren k\u00f6nnen Kinder in\u00a0 Blockfl\u00f6tenkursen\u00a0 die ersten musikalischen Gehversuche unternehmen und erfahren die Freude am Musizieren.<br \/>\nIn Kooperation mit der Grundschule Neusatz bieten wir eine Bl\u00e4serklasse an und stellen f\u00fcr das Erlernen eines Blasinstrumentes Ausbilder und Instrumente zur Verf\u00fcgung. Den \u00dcbergang in das Erwachsenenorchester meistern die Jungmusiker \u00fcber unser Jugendorchester \u201eThe Little Green Hunters\u201c.<br \/>\nDas soziale Miteinander erleben die Kinder auch bei vielen au\u00dfermusikalischen Freizeitgestaltungen wie einem einw\u00f6chigen Aufenthalt auf der Skih\u00fctte Unterstmatt im Sommer. Unsere Jugendvorstandschaft ist Garant f\u00fcr unsere kontinuierliche Nachwuchsarbeit.<\/p>\n<p><img loading=\"lazy\" decoding=\"async\" class=\"alignright wp-image-318\" style=\"border: 0px none;\" src=\"wp-content\/images\/ueber_uns\/unsere_akt_1.png\" alt=\"uber_uns_1\" width=\"150\" height=\"175\" \/><strong>\u2026 f\u00fcr passive Mitglieder<\/strong><br \/>\nBeim traditionellen Silvesterspielen bedanken wir uns seit der Eintragung im Vereinsregister anno 1900 mit einem musikalischen Neujahrsgru\u00df f\u00fcr die Unterst\u00fctzung und ziehen bei Wind und Wetter von Haus zu Haus; unsere Trauer um ein verstorbenes Mitglied bringen wir mit der musikalischen Gestaltung\u00a0 eines Seelenamtes zum Ausdruck.<\/p>\n<p>Haben Sie Gefallen gefunden an unseren Aktivit\u00e4ten und wollen Sie uns mit Ihren Mitgliedschaft ideell und finanziell unterst\u00fctzen? Dann freuen wir uns \u00fcber Ihre <a href=\"http:\/\/www.suema.com\/MV\/Mitgliedsantrag_2019.pdf\">Anmeldung<\/a>.<\/p>\n","protected":false},"excerpt":{"rendered":"<p>\u2026 im Gemeindeleben Wir gestalten kirchliche und weltliche Feste mit: Wei\u00dfer Sonntag, Fronleichnamsprozession, Volkstrauertag, Maibaumstellen in Waldmatt und Neusatz, Jubil\u00e4en Neusatzer Vereine, unser Jahreskonzert im Fr\u00fchjahr, Musikalische Gestaltung des Gottesdienstes am zweiten Weihnachtsfeiertag. \u2026 bei Festen nah und fern Viele &hellip; <a href=\"https:\/\/gruene-jaeger.de\/?page_id=244\">Weiterlesen <span class=\"meta-nav\">&rarr;<\/span><\/a><\/p>\n","protected":false},"author":1,"featured_media":0,"parent":45,"menu_order":0,"comment_status":"closed","ping_status":"closed","template":"sidebar-page.php","meta":{"_acf_changed":false,"_crdt_document":"","ngg_post_thumbnail":0,"_price":"","_stock":"","_tribe_ticket_header":"","_tribe_default_ticket_provider":"","_tribe_ticket_capacity":"0","_ticket_start_date":"","_ticket_end_date":"","_tribe_ticket_show_description":"","_tribe_ticket_show_not_going":false,"_tribe_ticket_use_global_stock":"","_tribe_ticket_global_stock_level":"","_global_stock_mode":"","_global_stock_cap":"","_tribe_rsvp_for_event":"","_tribe_ticket_going_count":"","_tribe_ticket_not_going_count":"","_tribe_tickets_list":"[]","_tribe_ticket_has_attendee_info_fields":false,"footnotes":"","_tec_slr_enabled":"","_tec_slr_layout":""},"class_list":["post-244","page","type-page","status-publish","hentry"],"acf":[],"yoast_head":"<!-- This site is optimized with the Yoast SEO plugin v27.6 - https:\/\/yoast.com\/product\/yoast-seo-wordpress\/ -->\n<title>Unsere Aktivit\u00e4ten - Trachtenkapelle Gr\u00fcne J\u00e4ger e.V.<\/title>\n<meta name=\"robots\" content=\"index, follow, max-snippet:-1, max-image-preview:large, max-video-preview:-1\" \/>\n<link rel=\"canonical\" href=\"https:\/\/gruene-jaeger.de\/?page_id=244\" \/>\n<meta property=\"og:locale\" content=\"de_DE\" \/>\n<meta property=\"og:type\" content=\"article\" \/>\n<meta property=\"og:title\" content=\"Unsere Aktivit\u00e4ten - Trachtenkapelle Gr\u00fcne J\u00e4ger e.V.\" \/>\n<meta property=\"og:description\" content=\"\u2026 im Gemeindeleben Wir gestalten kirchliche und weltliche Feste mit: Wei\u00dfer Sonntag, Fronleichnamsprozession, Volkstrauertag, Maibaumstellen in Waldmatt und Neusatz, Jubil\u00e4en Neusatzer Vereine, unser Jahreskonzert im Fr\u00fchjahr, Musikalische Gestaltung des Gottesdienstes am zweiten Weihnachtsfeiertag. \u2026 bei Festen nah und fern Viele &hellip; Weiterlesen &rarr;\" \/>\n<meta property=\"og:url\" content=\"https:\/\/gruene-jaeger.de\/?page_id=244\" \/>\n<meta property=\"og:site_name\" content=\"Trachtenkapelle Gr\u00fcne J\u00e4ger e.V.\" \/>\n<meta property=\"article:modified_time\" content=\"2025-11-02T20:36:34+00:00\" \/>\n<meta name=\"twitter:label1\" content=\"Gesch\u00e4tzte Lesezeit\" \/>\n\t<meta name=\"twitter:data1\" content=\"4\u00a0Minuten\" \/>\n<script type=\"application\/ld+json\" class=\"yoast-schema-graph\">{\"@context\":\"https:\\\/\\\/schema.org\",\"@graph\":[{\"@type\":\"WebPage\",\"@id\":\"https:\\\/\\\/gruene-jaeger.de\\\/?page_id=244\",\"url\":\"https:\\\/\\\/gruene-jaeger.de\\\/?page_id=244\",\"name\":\"Unsere Aktivit\u00e4ten - Trachtenkapelle Gr\u00fcne J\u00e4ger e.V.\",\"isPartOf\":{\"@id\":\"https:\\\/\\\/gruene-jaeger.de\\\/#website\"},\"datePublished\":\"2013-02-06T20:30:22+00:00\",\"dateModified\":\"2025-11-02T20:36:34+00:00\",\"breadcrumb\":{\"@id\":\"https:\\\/\\\/gruene-jaeger.de\\\/?page_id=244#breadcrumb\"},\"inLanguage\":\"de\",\"potentialAction\":[{\"@type\":\"ReadAction\",\"target\":[\"https:\\\/\\\/gruene-jaeger.de\\\/?page_id=244\"]}]},{\"@type\":\"BreadcrumbList\",\"@id\":\"https:\\\/\\\/gruene-jaeger.de\\\/?page_id=244#breadcrumb\",\"itemListElement\":[{\"@type\":\"ListItem\",\"position\":1,\"name\":\"Home\",\"item\":\"https:\\\/\\\/gruene-jaeger.de\\\/\"},{\"@type\":\"ListItem\",\"position\":2,\"name\":\"\u00dcber uns\",\"item\":\"https:\\\/\\\/gruene-jaeger.de\\\/?page_id=45\"},{\"@type\":\"ListItem\",\"position\":3,\"name\":\"Unsere Aktivit\u00e4ten\"}]},{\"@type\":\"WebSite\",\"@id\":\"https:\\\/\\\/gruene-jaeger.de\\\/#website\",\"url\":\"https:\\\/\\\/gruene-jaeger.de\\\/\",\"name\":\"Trachtenkapelle Gr\u00fcne J\u00e4ger e.V.\",\"description\":\"Musikverein Neusatz - gegr. 1896\",\"publisher\":{\"@id\":\"https:\\\/\\\/gruene-jaeger.de\\\/#organization\"},\"potentialAction\":[{\"@type\":\"SearchAction\",\"target\":{\"@type\":\"EntryPoint\",\"urlTemplate\":\"https:\\\/\\\/gruene-jaeger.de\\\/?s={search_term_string}\"},\"query-input\":{\"@type\":\"PropertyValueSpecification\",\"valueRequired\":true,\"valueName\":\"search_term_string\"}}],\"inLanguage\":\"de\"},{\"@type\":\"Organization\",\"@id\":\"https:\\\/\\\/gruene-jaeger.de\\\/#organization\",\"name\":\"\\\"Gr\u00fcne J\u00e4ger\\\" Musikverein Neusatz e.V.\",\"url\":\"https:\\\/\\\/gruene-jaeger.de\\\/\",\"logo\":{\"@type\":\"ImageObject\",\"inLanguage\":\"de\",\"@id\":\"https:\\\/\\\/gruene-jaeger.de\\\/#\\\/schema\\\/logo\\\/image\\\/\",\"url\":\"http:\\\/\\\/gruene-jaeger.de\\\/wp-content\\\/uploads\\\/2015\\\/11\\\/Logo.png\",\"contentUrl\":\"http:\\\/\\\/gruene-jaeger.de\\\/wp-content\\\/uploads\\\/2015\\\/11\\\/Logo.png\",\"width\":500,\"height\":500,\"caption\":\"\\\"Gr\u00fcne J\u00e4ger\\\" Musikverein Neusatz e.V.\"},\"image\":{\"@id\":\"https:\\\/\\\/gruene-jaeger.de\\\/#\\\/schema\\\/logo\\\/image\\\/\"}}]}<\/script>\n<!-- \/ Yoast SEO plugin. -->","yoast_head_json":{"title":"Unsere Aktivit\u00e4ten - Trachtenkapelle Gr\u00fcne J\u00e4ger e.V.","robots":{"index":"index","follow":"follow","max-snippet":"max-snippet:-1","max-image-preview":"max-image-preview:large","max-video-preview":"max-video-preview:-1"},"canonical":"https:\/\/gruene-jaeger.de\/?page_id=244","og_locale":"de_DE","og_type":"article","og_title":"Unsere Aktivit\u00e4ten - Trachtenkapelle Gr\u00fcne J\u00e4ger e.V.","og_description":"\u2026 im Gemeindeleben Wir gestalten kirchliche und weltliche Feste mit: Wei\u00dfer Sonntag, Fronleichnamsprozession, Volkstrauertag, Maibaumstellen in Waldmatt und Neusatz, Jubil\u00e4en Neusatzer Vereine, unser Jahreskonzert im Fr\u00fchjahr, Musikalische Gestaltung des Gottesdienstes am zweiten Weihnachtsfeiertag. \u2026 bei Festen nah und fern Viele &hellip; Weiterlesen &rarr;","og_url":"https:\/\/gruene-jaeger.de\/?page_id=244","og_site_name":"Trachtenkapelle Gr\u00fcne J\u00e4ger e.V.","article_modified_time":"2025-11-02T20:36:34+00:00","twitter_misc":{"Gesch\u00e4tzte Lesezeit":"4\u00a0Minuten"},"schema":{"@context":"https:\/\/schema.org","@graph":[{"@type":"WebPage","@id":"https:\/\/gruene-jaeger.de\/?page_id=244","url":"https:\/\/gruene-jaeger.de\/?page_id=244","name":"Unsere Aktivit\u00e4ten - Trachtenkapelle Gr\u00fcne J\u00e4ger e.V.","isPartOf":{"@id":"https:\/\/gruene-jaeger.de\/#website"},"datePublished":"2013-02-06T20:30:22+00:00","dateModified":"2025-11-02T20:36:34+00:00","breadcrumb":{"@id":"https:\/\/gruene-jaeger.de\/?page_id=244#breadcrumb"},"inLanguage":"de","potentialAction":[{"@type":"ReadAction","target":["https:\/\/gruene-jaeger.de\/?page_id=244"]}]},{"@type":"BreadcrumbList","@id":"https:\/\/gruene-jaeger.de\/?page_id=244#breadcrumb","itemListElement":[{"@type":"ListItem","position":1,"name":"Home","item":"https:\/\/gruene-jaeger.de\/"},{"@type":"ListItem","position":2,"name":"\u00dcber uns","item":"https:\/\/gruene-jaeger.de\/?page_id=45"},{"@type":"ListItem","position":3,"name":"Unsere Aktivit\u00e4ten"}]},{"@type":"WebSite","@id":"https:\/\/gruene-jaeger.de\/#website","url":"https:\/\/gruene-jaeger.de\/","name":"Trachtenkapelle Gr\u00fcne J\u00e4ger e.V.","description":"Musikverein Neusatz - gegr. 1896","publisher":{"@id":"https:\/\/gruene-jaeger.de\/#organization"},"potentialAction":[{"@type":"SearchAction","target":{"@type":"EntryPoint","urlTemplate":"https:\/\/gruene-jaeger.de\/?s={search_term_string}"},"query-input":{"@type":"PropertyValueSpecification","valueRequired":true,"valueName":"search_term_string"}}],"inLanguage":"de"},{"@type":"Organization","@id":"https:\/\/gruene-jaeger.de\/#organization","name":"\"Gr\u00fcne J\u00e4ger\" Musikverein Neusatz e.V.","url":"https:\/\/gruene-jaeger.de\/","logo":{"@type":"ImageObject","inLanguage":"de","@id":"https:\/\/gruene-jaeger.de\/#\/schema\/logo\/image\/","url":"http:\/\/gruene-jaeger.de\/wp-content\/uploads\/2015\/11\/Logo.png","contentUrl":"http:\/\/gruene-jaeger.de\/wp-content\/uploads\/2015\/11\/Logo.png","width":500,"height":500,"caption":"\"Gr\u00fcne J\u00e4ger\" Musikverein Neusatz e.V."},"image":{"@id":"https:\/\/gruene-jaeger.de\/#\/schema\/logo\/image\/"}}]}},"ticketed":false,"_links":{"self":[{"href":"https:\/\/gruene-jaeger.de\/index.php?rest_route=\/wp\/v2\/pages\/244","targetHints":{"allow":["GET"]}}],"collection":[{"href":"https:\/\/gruene-jaeger.de\/index.php?rest_route=\/wp\/v2\/pages"}],"about":[{"href":"https:\/\/gruene-jaeger.de\/index.php?rest_route=\/wp\/v2\/types\/page"}],"author":[{"embeddable":true,"href":"https:\/\/gruene-jaeger.de\/index.php?rest_route=\/wp\/v2\/users\/1"}],"replies":[{"embeddable":true,"href":"https:\/\/gruene-jaeger.de\/index.php?rest_route=%2Fwp%2Fv2%2Fcomments&post=244"}],"version-history":[{"count":20,"href":"https:\/\/gruene-jaeger.de\/index.php?rest_route=\/wp\/v2\/pages\/244\/revisions"}],"predecessor-version":[{"id":3862,"href":"https:\/\/gruene-jaeger.de\/index.php?rest_route=\/wp\/v2\/pages\/244\/revisions\/3862"}],"up":[{"embeddable":true,"href":"https:\/\/gruene-jaeger.de\/index.php?rest_route=\/wp\/v2\/pages\/45"}],"wp:attachment":[{"href":"https:\/\/gruene-jaeger.de\/index.php?rest_route=%2Fwp%2Fv2%2Fmedia&parent=244"}],"curies":[{"name":"wp","href":"https:\/\/api.w.org\/{rel}","templated":true}]}}