{"id":2406,"date":"2019-11-25T15:49:12","date_gmt":"2019-11-25T13:49:12","guid":{"rendered":"http:\/\/gruene-jaeger.de\/?page_id=2406"},"modified":"2020-04-22T07:54:12","modified_gmt":"2020-04-22T05:54:12","slug":"jahreskonzert-am-09-05-2020","status":"publish","type":"page","link":"https:\/\/gruene-jaeger.de\/?page_id=2406","title":{"rendered":"Jahreskonzert am 09.05.2020 &#8211; abgesagt"},"content":{"rendered":"\n<p>COVID-19: aufgrund der hinl\u00e4nglich bekannten Situation d\u00fcrfen keine Veranstaltungen wie unser Konzert abgehalten werden &#8211; unsere <strong><span style=\"background-color: #ffffff; color: #ff0000;\">Absage<\/span><\/strong> war leider der logische Schlu\u00df! Ein Ersatztermin gibt unser Terminkalender nicht her, so dass unser Jahreskonzert <em><strong>ersatzlos<\/strong><\/em> gestrichen ist!<\/p>\n<table style=\"border-collapse: collapse; width: 100%; height: 66px;\">\n<tbody>\n<tr style=\"height: 22px;\">\n<td style=\"width: 32.6483%; height: 66px; text-align: left; vertical-align: middle;\" rowspan=\"3\"><a href=\"https:\/\/gruene-jaeger.de\/wp-content\/uploads\/2018\/05\/Deko_Foyer-e1536565527820.jpg\"><img loading=\"lazy\" decoding=\"async\" class=\"alignleft wp-image-1715\" src=\"https:\/\/gruene-jaeger.de\/wp-content\/uploads\/2018\/05\/Deko_Foyer-197x300.jpg\" alt=\"\" width=\"250\" height=\"381\"><\/a><\/td>\n<td style=\"width: 26.3129%; height: 22px; text-align: left; vertical-align: middle;\">&nbsp;Ort<\/td>\n<td style=\"width: 41.0387%; height: 22px; text-align: left; vertical-align: middle;\">Schlossberghalle Neusatz<\/td>\n<\/tr>\n<tr style=\"height: 22px;\">\n<td style=\"width: 26.3129%; height: 22px; text-align: left; vertical-align: middle;\">&nbsp;Konzertbeginn<\/td>\n<td style=\"width: 41.0387%; height: 22px; text-align: left; vertical-align: middle;\"><strong>19.30 Uhr<\/strong><\/td>\n<\/tr>\n<tr style=\"height: 22px;\">\n<td style=\"width: 26.3129%; height: 22px; text-align: left; vertical-align: middle;\">&nbsp;Einlass:<\/td>\n<td style=\"width: 41.0387%; height: 22px; text-align: left; vertical-align: middle;\">ab 19.00 Uhr<\/td>\n<\/tr>\n<\/tbody>\n<\/table>\n<p>Wir laden jetzt schon herzlich ein und freuen uns \u00fcber Ihren Besuch!<\/p>\n<p>&nbsp;<\/p>\n","protected":false},"excerpt":{"rendered":"<p>COVID-19: aufgrund der hinl\u00e4nglich bekannten Situation d\u00fcrfen keine Veranstaltungen wie unser Konzert abgehalten werden &#8211; unsere Absage war leider der logische Schlu\u00df! Ein Ersatztermin gibt unser Terminkalender nicht her, so dass unser Jahreskonzert ersatzlos gestrichen ist! &nbsp;Ort Schlossberghalle Neusatz &nbsp;Konzertbeginn &hellip; <a href=\"https:\/\/gruene-jaeger.de\/?page_id=2406\">Weiterlesen <span class=\"meta-nav\">&rarr;<\/span><\/a><\/p>\n","protected":false},"author":5,"featured_media":0,"parent":0,"menu_order":0,"comment_status":"closed","ping_status":"closed","template":"","meta":{"_acf_changed":false,"_crdt_document":"","ngg_post_thumbnail":0,"_price":"","_stock":"","_tribe_ticket_header":"","_tribe_default_ticket_provider":"","_tribe_ticket_capacity":"0","_ticket_start_date":"","_ticket_end_date":"","_tribe_ticket_show_description":"","_tribe_ticket_show_not_going":false,"_tribe_ticket_use_global_stock":"","_tribe_ticket_global_stock_level":"","_global_stock_mode":"","_global_stock_cap":"","_tribe_rsvp_for_event":"","_tribe_ticket_going_count":"","_tribe_ticket_not_going_count":"","_tribe_tickets_list":"[]","_tribe_ticket_has_attendee_info_fields":false,"footnotes":"","_tec_slr_enabled":"","_tec_slr_layout":""},"class_list":["post-2406","page","type-page","status-publish","hentry"],"acf":[],"yoast_head":"<!-- This site is optimized with the Yoast SEO plugin v27.4 - https:\/\/yoast.com\/product\/yoast-seo-wordpress\/ -->\n<title>Jahreskonzert am 09.05.2020 - abgesagt - Trachtenkapelle Gr\u00fcne J\u00e4ger e.V.<\/title>\n<meta name=\"robots\" content=\"index, follow, max-snippet:-1, max-image-preview:large, max-video-preview:-1\" \/>\n<link rel=\"canonical\" href=\"https:\/\/gruene-jaeger.de\/?page_id=2406\" \/>\n<meta property=\"og:locale\" content=\"de_DE\" \/>\n<meta property=\"og:type\" content=\"article\" \/>\n<meta property=\"og:title\" content=\"Jahreskonzert am 09.05.2020 - abgesagt - Trachtenkapelle Gr\u00fcne J\u00e4ger e.V.\" \/>\n<meta property=\"og:description\" content=\"COVID-19: aufgrund der hinl\u00e4nglich bekannten Situation d\u00fcrfen keine Veranstaltungen wie unser Konzert abgehalten werden &#8211; unsere Absage war leider der logische Schlu\u00df! Ein Ersatztermin gibt unser Terminkalender nicht her, so dass unser Jahreskonzert ersatzlos gestrichen ist! &nbsp;Ort Schlossberghalle Neusatz &nbsp;Konzertbeginn &hellip; Weiterlesen &rarr;\" \/>\n<meta property=\"og:url\" content=\"https:\/\/gruene-jaeger.de\/?page_id=2406\" \/>\n<meta property=\"og:site_name\" content=\"Trachtenkapelle Gr\u00fcne J\u00e4ger e.V.\" \/>\n<meta property=\"article:modified_time\" content=\"2020-04-22T05:54:12+00:00\" \/>\n<meta property=\"og:image\" content=\"http:\/\/gruene-jaeger.de\/wp-content\/uploads\/2018\/05\/Deko_Foyer-197x300.jpg\" \/>\n<script type=\"application\/ld+json\" class=\"yoast-schema-graph\">{\"@context\":\"https:\\\/\\\/schema.org\",\"@graph\":[{\"@type\":\"WebPage\",\"@id\":\"https:\\\/\\\/gruene-jaeger.de\\\/?page_id=2406\",\"url\":\"https:\\\/\\\/gruene-jaeger.de\\\/?page_id=2406\",\"name\":\"Jahreskonzert am 09.05.2020 - abgesagt - Trachtenkapelle Gr\u00fcne J\u00e4ger e.V.\",\"isPartOf\":{\"@id\":\"https:\\\/\\\/gruene-jaeger.de\\\/#website\"},\"primaryImageOfPage\":{\"@id\":\"https:\\\/\\\/gruene-jaeger.de\\\/?page_id=2406#primaryimage\"},\"image\":{\"@id\":\"https:\\\/\\\/gruene-jaeger.de\\\/?page_id=2406#primaryimage\"},\"thumbnailUrl\":\"http:\\\/\\\/gruene-jaeger.de\\\/wp-content\\\/uploads\\\/2018\\\/05\\\/Deko_Foyer-197x300.jpg\",\"datePublished\":\"2019-11-25T13:49:12+00:00\",\"dateModified\":\"2020-04-22T05:54:12+00:00\",\"breadcrumb\":{\"@id\":\"https:\\\/\\\/gruene-jaeger.de\\\/?page_id=2406#breadcrumb\"},\"inLanguage\":\"de\",\"potentialAction\":[{\"@type\":\"ReadAction\",\"target\":[\"https:\\\/\\\/gruene-jaeger.de\\\/?page_id=2406\"]}]},{\"@type\":\"ImageObject\",\"inLanguage\":\"de\",\"@id\":\"https:\\\/\\\/gruene-jaeger.de\\\/?page_id=2406#primaryimage\",\"url\":\"http:\\\/\\\/gruene-jaeger.de\\\/wp-content\\\/uploads\\\/2018\\\/05\\\/Deko_Foyer-197x300.jpg\",\"contentUrl\":\"http:\\\/\\\/gruene-jaeger.de\\\/wp-content\\\/uploads\\\/2018\\\/05\\\/Deko_Foyer-197x300.jpg\"},{\"@type\":\"BreadcrumbList\",\"@id\":\"https:\\\/\\\/gruene-jaeger.de\\\/?page_id=2406#breadcrumb\",\"itemListElement\":[{\"@type\":\"ListItem\",\"position\":1,\"name\":\"Home\",\"item\":\"https:\\\/\\\/gruene-jaeger.de\\\/\"},{\"@type\":\"ListItem\",\"position\":2,\"name\":\"Jahreskonzert am 09.05.2020 &#8211; abgesagt\"}]},{\"@type\":\"WebSite\",\"@id\":\"https:\\\/\\\/gruene-jaeger.de\\\/#website\",\"url\":\"https:\\\/\\\/gruene-jaeger.de\\\/\",\"name\":\"Trachtenkapelle Gr\u00fcne J\u00e4ger e.V.\",\"description\":\"Musikverein Neusatz - gegr. 1896\",\"publisher\":{\"@id\":\"https:\\\/\\\/gruene-jaeger.de\\\/#organization\"},\"potentialAction\":[{\"@type\":\"SearchAction\",\"target\":{\"@type\":\"EntryPoint\",\"urlTemplate\":\"https:\\\/\\\/gruene-jaeger.de\\\/?s={search_term_string}\"},\"query-input\":{\"@type\":\"PropertyValueSpecification\",\"valueRequired\":true,\"valueName\":\"search_term_string\"}}],\"inLanguage\":\"de\"},{\"@type\":\"Organization\",\"@id\":\"https:\\\/\\\/gruene-jaeger.de\\\/#organization\",\"name\":\"\\\"Gr\u00fcne J\u00e4ger\\\" Musikverein Neusatz e.V.\",\"url\":\"https:\\\/\\\/gruene-jaeger.de\\\/\",\"logo\":{\"@type\":\"ImageObject\",\"inLanguage\":\"de\",\"@id\":\"https:\\\/\\\/gruene-jaeger.de\\\/#\\\/schema\\\/logo\\\/image\\\/\",\"url\":\"http:\\\/\\\/gruene-jaeger.de\\\/wp-content\\\/uploads\\\/2015\\\/11\\\/Logo.png\",\"contentUrl\":\"http:\\\/\\\/gruene-jaeger.de\\\/wp-content\\\/uploads\\\/2015\\\/11\\\/Logo.png\",\"width\":500,\"height\":500,\"caption\":\"\\\"Gr\u00fcne J\u00e4ger\\\" Musikverein Neusatz e.V.\"},\"image\":{\"@id\":\"https:\\\/\\\/gruene-jaeger.de\\\/#\\\/schema\\\/logo\\\/image\\\/\"}}]}<\/script>\n<!-- \/ Yoast SEO plugin. -->","yoast_head_json":{"title":"Jahreskonzert am 09.05.2020 - abgesagt - Trachtenkapelle Gr\u00fcne J\u00e4ger e.V.","robots":{"index":"index","follow":"follow","max-snippet":"max-snippet:-1","max-image-preview":"max-image-preview:large","max-video-preview":"max-video-preview:-1"},"canonical":"https:\/\/gruene-jaeger.de\/?page_id=2406","og_locale":"de_DE","og_type":"article","og_title":"Jahreskonzert am 09.05.2020 - abgesagt - Trachtenkapelle Gr\u00fcne J\u00e4ger e.V.","og_description":"COVID-19: aufgrund der hinl\u00e4nglich bekannten Situation d\u00fcrfen keine Veranstaltungen wie unser Konzert abgehalten werden &#8211; unsere Absage war leider der logische Schlu\u00df! Ein Ersatztermin gibt unser Terminkalender nicht her, so dass unser Jahreskonzert ersatzlos gestrichen ist! &nbsp;Ort Schlossberghalle Neusatz &nbsp;Konzertbeginn &hellip; Weiterlesen &rarr;","og_url":"https:\/\/gruene-jaeger.de\/?page_id=2406","og_site_name":"Trachtenkapelle Gr\u00fcne J\u00e4ger e.V.","article_modified_time":"2020-04-22T05:54:12+00:00","og_image":[{"url":"http:\/\/gruene-jaeger.de\/wp-content\/uploads\/2018\/05\/Deko_Foyer-197x300.jpg","type":"","width":"","height":""}],"schema":{"@context":"https:\/\/schema.org","@graph":[{"@type":"WebPage","@id":"https:\/\/gruene-jaeger.de\/?page_id=2406","url":"https:\/\/gruene-jaeger.de\/?page_id=2406","name":"Jahreskonzert am 09.05.2020 - abgesagt - Trachtenkapelle Gr\u00fcne J\u00e4ger e.V.","isPartOf":{"@id":"https:\/\/gruene-jaeger.de\/#website"},"primaryImageOfPage":{"@id":"https:\/\/gruene-jaeger.de\/?page_id=2406#primaryimage"},"image":{"@id":"https:\/\/gruene-jaeger.de\/?page_id=2406#primaryimage"},"thumbnailUrl":"http:\/\/gruene-jaeger.de\/wp-content\/uploads\/2018\/05\/Deko_Foyer-197x300.jpg","datePublished":"2019-11-25T13:49:12+00:00","dateModified":"2020-04-22T05:54:12+00:00","breadcrumb":{"@id":"https:\/\/gruene-jaeger.de\/?page_id=2406#breadcrumb"},"inLanguage":"de","potentialAction":[{"@type":"ReadAction","target":["https:\/\/gruene-jaeger.de\/?page_id=2406"]}]},{"@type":"ImageObject","inLanguage":"de","@id":"https:\/\/gruene-jaeger.de\/?page_id=2406#primaryimage","url":"http:\/\/gruene-jaeger.de\/wp-content\/uploads\/2018\/05\/Deko_Foyer-197x300.jpg","contentUrl":"http:\/\/gruene-jaeger.de\/wp-content\/uploads\/2018\/05\/Deko_Foyer-197x300.jpg"},{"@type":"BreadcrumbList","@id":"https:\/\/gruene-jaeger.de\/?page_id=2406#breadcrumb","itemListElement":[{"@type":"ListItem","position":1,"name":"Home","item":"https:\/\/gruene-jaeger.de\/"},{"@type":"ListItem","position":2,"name":"Jahreskonzert am 09.05.2020 &#8211; abgesagt"}]},{"@type":"WebSite","@id":"https:\/\/gruene-jaeger.de\/#website","url":"https:\/\/gruene-jaeger.de\/","name":"Trachtenkapelle Gr\u00fcne J\u00e4ger e.V.","description":"Musikverein Neusatz - gegr. 1896","publisher":{"@id":"https:\/\/gruene-jaeger.de\/#organization"},"potentialAction":[{"@type":"SearchAction","target":{"@type":"EntryPoint","urlTemplate":"https:\/\/gruene-jaeger.de\/?s={search_term_string}"},"query-input":{"@type":"PropertyValueSpecification","valueRequired":true,"valueName":"search_term_string"}}],"inLanguage":"de"},{"@type":"Organization","@id":"https:\/\/gruene-jaeger.de\/#organization","name":"\"Gr\u00fcne J\u00e4ger\" Musikverein Neusatz e.V.","url":"https:\/\/gruene-jaeger.de\/","logo":{"@type":"ImageObject","inLanguage":"de","@id":"https:\/\/gruene-jaeger.de\/#\/schema\/logo\/image\/","url":"http:\/\/gruene-jaeger.de\/wp-content\/uploads\/2015\/11\/Logo.png","contentUrl":"http:\/\/gruene-jaeger.de\/wp-content\/uploads\/2015\/11\/Logo.png","width":500,"height":500,"caption":"\"Gr\u00fcne J\u00e4ger\" Musikverein Neusatz e.V."},"image":{"@id":"https:\/\/gruene-jaeger.de\/#\/schema\/logo\/image\/"}}]}},"ticketed":false,"_links":{"self":[{"href":"https:\/\/gruene-jaeger.de\/index.php?rest_route=\/wp\/v2\/pages\/2406","targetHints":{"allow":["GET"]}}],"collection":[{"href":"https:\/\/gruene-jaeger.de\/index.php?rest_route=\/wp\/v2\/pages"}],"about":[{"href":"https:\/\/gruene-jaeger.de\/index.php?rest_route=\/wp\/v2\/types\/page"}],"author":[{"embeddable":true,"href":"https:\/\/gruene-jaeger.de\/index.php?rest_route=\/wp\/v2\/users\/5"}],"replies":[{"embeddable":true,"href":"https:\/\/gruene-jaeger.de\/index.php?rest_route=%2Fwp%2Fv2%2Fcomments&post=2406"}],"version-history":[{"count":10,"href":"https:\/\/gruene-jaeger.de\/index.php?rest_route=\/wp\/v2\/pages\/2406\/revisions"}],"predecessor-version":[{"id":2948,"href":"https:\/\/gruene-jaeger.de\/index.php?rest_route=\/wp\/v2\/pages\/2406\/revisions\/2948"}],"wp:attachment":[{"href":"https:\/\/gruene-jaeger.de\/index.php?rest_route=%2Fwp%2Fv2%2Fmedia&parent=2406"}],"curies":[{"name":"wp","href":"https:\/\/api.w.org\/{rel}","templated":true}]}}