{"id":1525,"date":"2018-02-21T10:51:32","date_gmt":"2018-02-21T08:51:32","guid":{"rendered":"http:\/\/gruene-jaeger.de\/?page_id=1525"},"modified":"2023-04-05T16:27:14","modified_gmt":"2023-04-05T14:27:14","slug":"links","status":"publish","type":"page","link":"https:\/\/gruene-jaeger.de\/?page_id=1525","title":{"rendered":"Links"},"content":{"rendered":"<p><strong>Hinweis:<\/strong> Auf die Inhalte dieser Webseiten haben wir keinen Einfluss und \u00fcbernehmen daher keine Verantwortung oder Haftung f\u00fcr die Zul\u00e4ssigkeit, Richtigkeit, Darstellung und Vollst\u00e4ndigkeit der dort ver\u00f6ffentlichten bzw. angezeigten oder abrufbaren Inhalte.<\/p>\n<p>Beim Aufruf der verlinkten Webseiten k\u00f6nnen m\u00f6glicherweise IP- Adressen durch den jeweils zust\u00e4ndigen Webseitenbetreiber protokolliert werden.<\/p>\n<p>Wenn Sie unsere Webseite verlassen, empfehlen wir Ihnen, die jeweilige Datenschutzerkl\u00e4rung zu pr\u00fcfen, bevor Sie die dortigen Funktionen nutzen.<\/p>\n<table>\n<tbody>\n<tr>\n<td style=\"text-align: left; vertical-align: middle;\">Wir sind Mitglied im <a href=\"http:\/\/www.armv.de\">Acher-Renchtal-Musikverband e.V.<\/a>,<\/td>\n<td><a href=\"http:\/\/www.armv.de\"><img loading=\"lazy\" decoding=\"async\" class=\"alignnone wp-image-1538 size-full\" src=\"https:\/\/gruene-jaeger.de\/wp-content\/uploads\/2018\/02\/ARMV.jpg\" alt=\"\" width=\"721\" height=\"101\" srcset=\"https:\/\/gruene-jaeger.de\/wp-content\/uploads\/2018\/02\/ARMV.jpg 721w, https:\/\/gruene-jaeger.de\/wp-content\/uploads\/2018\/02\/ARMV-300x42.jpg 300w, https:\/\/gruene-jaeger.de\/wp-content\/uploads\/2018\/02\/ARMV-500x70.jpg 500w\" sizes=\"auto, (max-width: 721px) 100vw, 721px\" \/><\/a><\/td>\n<\/tr>\n<tr>\n<td style=\"text-align: left; vertical-align: middle;\">unser Dachverband ist der <a href=\"http:\/\/www.blasmusikverbaende.de\">Bund Deutscher Blasmusikverb\u00e4nde e.V.<\/a> (BDB).<\/td>\n<td><a href=\"http:\/\/www.blasmusikverbaende.de\"><img loading=\"lazy\" decoding=\"async\" class=\"aligncenter wp-image-1539\" src=\"https:\/\/gruene-jaeger.de\/wp-content\/uploads\/2018\/02\/BDB_logo_bdb.png\" alt=\"\" width=\"300\" height=\"104\"><\/a><\/td>\n<\/tr>\n<tr>\n<td style=\"text-align: left; vertical-align: middle;\">Unser Patenverein sind die <a href=\"http:\/\/www.mvlauf.de\">Laufbachmusikanten<\/a> aus dem benachbarten Lauf \/ Baden.<\/td>\n<td><a href=\"http:\/\/www.mvlauf.de\"><img loading=\"lazy\" decoding=\"async\" class=\"wp-image-1541 size-medium aligncenter\" src=\"https:\/\/gruene-jaeger.de\/wp-content\/uploads\/2018\/02\/Laufbachmusikanten-300x141.jpg\" alt=\"\" width=\"300\" height=\"141\"><\/a><\/td>\n<\/tr>\n<tr>\n<td style=\"text-align: left; vertical-align: middle;\">\u00dcberregional pflegen wir freundschaftliche Beziehungen zu unseren MusikerkameradenInnen aus <a href=\"http:\/\/www.musikkapelle-durach.de\">Durach<\/a> im sch\u00f6nen Allg\u00e4u.<\/td>\n<td style=\"text-align: center;\"><a href=\"http:\/\/www.musikkapelle-durach.de\"><img loading=\"lazy\" decoding=\"async\" class=\"alignnone wp-image-1540\" src=\"https:\/\/gruene-jaeger.de\/wp-content\/uploads\/2018\/02\/durach.png\" alt=\"\" width=\"300\" height=\"128\"><\/a><\/td>\n<\/tr>\n<\/tbody>\n<\/table>\n<p>&nbsp;<\/p>\n<p><strong>Aus unserer Heimatgemeinde:<\/strong><\/p>\n<p><a href=\"http:\/\/www.kloster-oase.de\">Kloster-Oase &#8211; Quelle f\u00fcr K\u00f6rper-Seele-Geist-Balance<\/a><\/p>\n<p>&nbsp;<\/p>\n","protected":false},"excerpt":{"rendered":"<p>Hinweis: Auf die Inhalte dieser Webseiten haben wir keinen Einfluss und \u00fcbernehmen daher keine Verantwortung oder Haftung f\u00fcr die Zul\u00e4ssigkeit, Richtigkeit, Darstellung und Vollst\u00e4ndigkeit der dort ver\u00f6ffentlichten bzw. angezeigten oder abrufbaren Inhalte. Beim Aufruf der verlinkten Webseiten k\u00f6nnen m\u00f6glicherweise IP- &hellip; <a href=\"https:\/\/gruene-jaeger.de\/?page_id=1525\">Weiterlesen <span class=\"meta-nav\">&rarr;<\/span><\/a><\/p>\n","protected":false},"author":5,"featured_media":0,"parent":0,"menu_order":0,"comment_status":"closed","ping_status":"closed","template":"sidebar-page.php","meta":{"_acf_changed":false,"_crdt_document":"","ngg_post_thumbnail":0,"_price":"","_stock":"","_tribe_ticket_header":"","_tribe_default_ticket_provider":"","_tribe_ticket_capacity":"0","_ticket_start_date":"","_ticket_end_date":"","_tribe_ticket_show_description":"","_tribe_ticket_show_not_going":false,"_tribe_ticket_use_global_stock":"","_tribe_ticket_global_stock_level":"","_global_stock_mode":"","_global_stock_cap":"","_tribe_rsvp_for_event":"","_tribe_ticket_going_count":"","_tribe_ticket_not_going_count":"","_tribe_tickets_list":"[]","_tribe_ticket_has_attendee_info_fields":false,"footnotes":"","_tec_slr_enabled":"","_tec_slr_layout":""},"class_list":["post-1525","page","type-page","status-publish","hentry"],"acf":[],"yoast_head":"<!-- This site is optimized with the Yoast SEO plugin v27.6 - https:\/\/yoast.com\/product\/yoast-seo-wordpress\/ -->\n<title>Links - Trachtenkapelle Gr\u00fcne J\u00e4ger e.V.<\/title>\n<meta name=\"robots\" content=\"index, follow, max-snippet:-1, max-image-preview:large, max-video-preview:-1\" \/>\n<link rel=\"canonical\" href=\"https:\/\/gruene-jaeger.de\/?page_id=1525\" \/>\n<meta property=\"og:locale\" content=\"de_DE\" \/>\n<meta property=\"og:type\" content=\"article\" \/>\n<meta property=\"og:title\" content=\"Links - Trachtenkapelle Gr\u00fcne J\u00e4ger e.V.\" \/>\n<meta property=\"og:description\" content=\"Hinweis: Auf die Inhalte dieser Webseiten haben wir keinen Einfluss und \u00fcbernehmen daher keine Verantwortung oder Haftung f\u00fcr die Zul\u00e4ssigkeit, Richtigkeit, Darstellung und Vollst\u00e4ndigkeit der dort ver\u00f6ffentlichten bzw. angezeigten oder abrufbaren Inhalte. Beim Aufruf der verlinkten Webseiten k\u00f6nnen m\u00f6glicherweise IP- &hellip; Weiterlesen &rarr;\" \/>\n<meta property=\"og:url\" content=\"https:\/\/gruene-jaeger.de\/?page_id=1525\" \/>\n<meta property=\"og:site_name\" content=\"Trachtenkapelle Gr\u00fcne J\u00e4ger e.V.\" \/>\n<meta property=\"article:modified_time\" content=\"2023-04-05T14:27:14+00:00\" \/>\n<meta property=\"og:image\" content=\"http:\/\/gruene-jaeger.de\/wp-content\/uploads\/2018\/02\/ARMV.jpg\" \/>\n<meta name=\"twitter:label1\" content=\"Gesch\u00e4tzte Lesezeit\" \/>\n\t<meta name=\"twitter:data1\" content=\"2\u00a0Minuten\" \/>\n<script type=\"application\/ld+json\" class=\"yoast-schema-graph\">{\"@context\":\"https:\\\/\\\/schema.org\",\"@graph\":[{\"@type\":\"WebPage\",\"@id\":\"https:\\\/\\\/gruene-jaeger.de\\\/?page_id=1525\",\"url\":\"https:\\\/\\\/gruene-jaeger.de\\\/?page_id=1525\",\"name\":\"Links - Trachtenkapelle Gr\u00fcne J\u00e4ger e.V.\",\"isPartOf\":{\"@id\":\"https:\\\/\\\/gruene-jaeger.de\\\/#website\"},\"primaryImageOfPage\":{\"@id\":\"https:\\\/\\\/gruene-jaeger.de\\\/?page_id=1525#primaryimage\"},\"image\":{\"@id\":\"https:\\\/\\\/gruene-jaeger.de\\\/?page_id=1525#primaryimage\"},\"thumbnailUrl\":\"http:\\\/\\\/gruene-jaeger.de\\\/wp-content\\\/uploads\\\/2018\\\/02\\\/ARMV.jpg\",\"datePublished\":\"2018-02-21T08:51:32+00:00\",\"dateModified\":\"2023-04-05T14:27:14+00:00\",\"breadcrumb\":{\"@id\":\"https:\\\/\\\/gruene-jaeger.de\\\/?page_id=1525#breadcrumb\"},\"inLanguage\":\"de\",\"potentialAction\":[{\"@type\":\"ReadAction\",\"target\":[\"https:\\\/\\\/gruene-jaeger.de\\\/?page_id=1525\"]}]},{\"@type\":\"ImageObject\",\"inLanguage\":\"de\",\"@id\":\"https:\\\/\\\/gruene-jaeger.de\\\/?page_id=1525#primaryimage\",\"url\":\"http:\\\/\\\/gruene-jaeger.de\\\/wp-content\\\/uploads\\\/2018\\\/02\\\/ARMV.jpg\",\"contentUrl\":\"http:\\\/\\\/gruene-jaeger.de\\\/wp-content\\\/uploads\\\/2018\\\/02\\\/ARMV.jpg\"},{\"@type\":\"BreadcrumbList\",\"@id\":\"https:\\\/\\\/gruene-jaeger.de\\\/?page_id=1525#breadcrumb\",\"itemListElement\":[{\"@type\":\"ListItem\",\"position\":1,\"name\":\"Home\",\"item\":\"https:\\\/\\\/gruene-jaeger.de\\\/\"},{\"@type\":\"ListItem\",\"position\":2,\"name\":\"Links\"}]},{\"@type\":\"WebSite\",\"@id\":\"https:\\\/\\\/gruene-jaeger.de\\\/#website\",\"url\":\"https:\\\/\\\/gruene-jaeger.de\\\/\",\"name\":\"Trachtenkapelle Gr\u00fcne J\u00e4ger e.V.\",\"description\":\"Musikverein Neusatz - gegr. 1896\",\"publisher\":{\"@id\":\"https:\\\/\\\/gruene-jaeger.de\\\/#organization\"},\"potentialAction\":[{\"@type\":\"SearchAction\",\"target\":{\"@type\":\"EntryPoint\",\"urlTemplate\":\"https:\\\/\\\/gruene-jaeger.de\\\/?s={search_term_string}\"},\"query-input\":{\"@type\":\"PropertyValueSpecification\",\"valueRequired\":true,\"valueName\":\"search_term_string\"}}],\"inLanguage\":\"de\"},{\"@type\":\"Organization\",\"@id\":\"https:\\\/\\\/gruene-jaeger.de\\\/#organization\",\"name\":\"\\\"Gr\u00fcne J\u00e4ger\\\" Musikverein Neusatz e.V.\",\"url\":\"https:\\\/\\\/gruene-jaeger.de\\\/\",\"logo\":{\"@type\":\"ImageObject\",\"inLanguage\":\"de\",\"@id\":\"https:\\\/\\\/gruene-jaeger.de\\\/#\\\/schema\\\/logo\\\/image\\\/\",\"url\":\"http:\\\/\\\/gruene-jaeger.de\\\/wp-content\\\/uploads\\\/2015\\\/11\\\/Logo.png\",\"contentUrl\":\"http:\\\/\\\/gruene-jaeger.de\\\/wp-content\\\/uploads\\\/2015\\\/11\\\/Logo.png\",\"width\":500,\"height\":500,\"caption\":\"\\\"Gr\u00fcne J\u00e4ger\\\" Musikverein Neusatz e.V.\"},\"image\":{\"@id\":\"https:\\\/\\\/gruene-jaeger.de\\\/#\\\/schema\\\/logo\\\/image\\\/\"}}]}<\/script>\n<!-- \/ Yoast SEO plugin. -->","yoast_head_json":{"title":"Links - Trachtenkapelle Gr\u00fcne J\u00e4ger e.V.","robots":{"index":"index","follow":"follow","max-snippet":"max-snippet:-1","max-image-preview":"max-image-preview:large","max-video-preview":"max-video-preview:-1"},"canonical":"https:\/\/gruene-jaeger.de\/?page_id=1525","og_locale":"de_DE","og_type":"article","og_title":"Links - Trachtenkapelle Gr\u00fcne J\u00e4ger e.V.","og_description":"Hinweis: Auf die Inhalte dieser Webseiten haben wir keinen Einfluss und \u00fcbernehmen daher keine Verantwortung oder Haftung f\u00fcr die Zul\u00e4ssigkeit, Richtigkeit, Darstellung und Vollst\u00e4ndigkeit der dort ver\u00f6ffentlichten bzw. angezeigten oder abrufbaren Inhalte. Beim Aufruf der verlinkten Webseiten k\u00f6nnen m\u00f6glicherweise IP- &hellip; Weiterlesen &rarr;","og_url":"https:\/\/gruene-jaeger.de\/?page_id=1525","og_site_name":"Trachtenkapelle Gr\u00fcne J\u00e4ger e.V.","article_modified_time":"2023-04-05T14:27:14+00:00","og_image":[{"url":"http:\/\/gruene-jaeger.de\/wp-content\/uploads\/2018\/02\/ARMV.jpg","type":"","width":"","height":""}],"twitter_misc":{"Gesch\u00e4tzte Lesezeit":"2\u00a0Minuten"},"schema":{"@context":"https:\/\/schema.org","@graph":[{"@type":"WebPage","@id":"https:\/\/gruene-jaeger.de\/?page_id=1525","url":"https:\/\/gruene-jaeger.de\/?page_id=1525","name":"Links - Trachtenkapelle Gr\u00fcne J\u00e4ger e.V.","isPartOf":{"@id":"https:\/\/gruene-jaeger.de\/#website"},"primaryImageOfPage":{"@id":"https:\/\/gruene-jaeger.de\/?page_id=1525#primaryimage"},"image":{"@id":"https:\/\/gruene-jaeger.de\/?page_id=1525#primaryimage"},"thumbnailUrl":"http:\/\/gruene-jaeger.de\/wp-content\/uploads\/2018\/02\/ARMV.jpg","datePublished":"2018-02-21T08:51:32+00:00","dateModified":"2023-04-05T14:27:14+00:00","breadcrumb":{"@id":"https:\/\/gruene-jaeger.de\/?page_id=1525#breadcrumb"},"inLanguage":"de","potentialAction":[{"@type":"ReadAction","target":["https:\/\/gruene-jaeger.de\/?page_id=1525"]}]},{"@type":"ImageObject","inLanguage":"de","@id":"https:\/\/gruene-jaeger.de\/?page_id=1525#primaryimage","url":"http:\/\/gruene-jaeger.de\/wp-content\/uploads\/2018\/02\/ARMV.jpg","contentUrl":"http:\/\/gruene-jaeger.de\/wp-content\/uploads\/2018\/02\/ARMV.jpg"},{"@type":"BreadcrumbList","@id":"https:\/\/gruene-jaeger.de\/?page_id=1525#breadcrumb","itemListElement":[{"@type":"ListItem","position":1,"name":"Home","item":"https:\/\/gruene-jaeger.de\/"},{"@type":"ListItem","position":2,"name":"Links"}]},{"@type":"WebSite","@id":"https:\/\/gruene-jaeger.de\/#website","url":"https:\/\/gruene-jaeger.de\/","name":"Trachtenkapelle Gr\u00fcne J\u00e4ger e.V.","description":"Musikverein Neusatz - gegr. 1896","publisher":{"@id":"https:\/\/gruene-jaeger.de\/#organization"},"potentialAction":[{"@type":"SearchAction","target":{"@type":"EntryPoint","urlTemplate":"https:\/\/gruene-jaeger.de\/?s={search_term_string}"},"query-input":{"@type":"PropertyValueSpecification","valueRequired":true,"valueName":"search_term_string"}}],"inLanguage":"de"},{"@type":"Organization","@id":"https:\/\/gruene-jaeger.de\/#organization","name":"\"Gr\u00fcne J\u00e4ger\" Musikverein Neusatz e.V.","url":"https:\/\/gruene-jaeger.de\/","logo":{"@type":"ImageObject","inLanguage":"de","@id":"https:\/\/gruene-jaeger.de\/#\/schema\/logo\/image\/","url":"http:\/\/gruene-jaeger.de\/wp-content\/uploads\/2015\/11\/Logo.png","contentUrl":"http:\/\/gruene-jaeger.de\/wp-content\/uploads\/2015\/11\/Logo.png","width":500,"height":500,"caption":"\"Gr\u00fcne J\u00e4ger\" Musikverein Neusatz e.V."},"image":{"@id":"https:\/\/gruene-jaeger.de\/#\/schema\/logo\/image\/"}}]}},"ticketed":false,"_links":{"self":[{"href":"https:\/\/gruene-jaeger.de\/index.php?rest_route=\/wp\/v2\/pages\/1525","targetHints":{"allow":["GET"]}}],"collection":[{"href":"https:\/\/gruene-jaeger.de\/index.php?rest_route=\/wp\/v2\/pages"}],"about":[{"href":"https:\/\/gruene-jaeger.de\/index.php?rest_route=\/wp\/v2\/types\/page"}],"author":[{"embeddable":true,"href":"https:\/\/gruene-jaeger.de\/index.php?rest_route=\/wp\/v2\/users\/5"}],"replies":[{"embeddable":true,"href":"https:\/\/gruene-jaeger.de\/index.php?rest_route=%2Fwp%2Fv2%2Fcomments&post=1525"}],"version-history":[{"count":7,"href":"https:\/\/gruene-jaeger.de\/index.php?rest_route=\/wp\/v2\/pages\/1525\/revisions"}],"predecessor-version":[{"id":3406,"href":"https:\/\/gruene-jaeger.de\/index.php?rest_route=\/wp\/v2\/pages\/1525\/revisions\/3406"}],"wp:attachment":[{"href":"https:\/\/gruene-jaeger.de\/index.php?rest_route=%2Fwp%2Fv2%2Fmedia&parent=1525"}],"curies":[{"name":"wp","href":"https:\/\/api.w.org\/{rel}","templated":true}]}}