{"id":1456,"date":"2018-02-16T11:59:10","date_gmt":"2018-02-16T09:59:10","guid":{"rendered":"http:\/\/gruene-jaeger.de\/?page_id=1456"},"modified":"2022-01-31T09:12:54","modified_gmt":"2022-01-31T07:12:54","slug":"halt-hart-am-limit","status":"publish","type":"page","link":"https:\/\/gruene-jaeger.de\/?page_id=1456","title":{"rendered":"jugendfreundlicher Verein"},"content":{"rendered":"<table style=\"width: 584px;\">\n<tbody>\n<tr>\n<td style=\"width: 208.933px;\"><a href=\"https:\/\/gruene-jaeger.de\/wp-content\/uploads\/2021\/09\/Logo_JugendfreundlicherVerein.jpg\"><img loading=\"lazy\" decoding=\"async\" class=\"aligncenter size-medium wp-image-3001\" src=\"https:\/\/gruene-jaeger.de\/wp-content\/uploads\/2021\/09\/Logo_JugendfreundlicherVerein-300x300.jpg\" alt=\"\" width=\"300\" height=\"300\" srcset=\"https:\/\/gruene-jaeger.de\/wp-content\/uploads\/2021\/09\/Logo_JugendfreundlicherVerein-300x300.jpg 300w, https:\/\/gruene-jaeger.de\/wp-content\/uploads\/2021\/09\/Logo_JugendfreundlicherVerein-150x150.jpg 150w, https:\/\/gruene-jaeger.de\/wp-content\/uploads\/2021\/09\/Logo_JugendfreundlicherVerein.jpg 496w\" sizes=\"auto, (max-width: 300px) 100vw, 300px\" \/><\/a><\/td>\n<td style=\"vertical-align: middle; width: 353.067px;\">\n<p style=\"padding-left: 30px;\">HaLT &#8211; ein Projekt des<a href=\"http:\/\/www.landkreis-rastatt.de\/,Lde\/Projekt+HaLT.html\"> Landkreises Rastatt<\/a>, ein Suchtpr\u00e4ventionsprojekt f\u00fcr Jugendliche mit Alkoholkonsum.<\/p>\n<\/td>\n<\/tr>\n<tr>\n<td style=\"width: 208.933px; vertical-align: middle;\"><a href=\"https:\/\/gruene-jaeger.de\/wp-content\/uploads\/2018\/02\/HaLT_2.jpg\"><img loading=\"lazy\" decoding=\"async\" class=\"alignnone size-full wp-image-1465\" src=\"https:\/\/gruene-jaeger.de\/wp-content\/uploads\/2018\/02\/HaLT_2.jpg\" alt=\"\" width=\"420\" height=\"277\" srcset=\"https:\/\/gruene-jaeger.de\/wp-content\/uploads\/2018\/02\/HaLT_2.jpg 420w, https:\/\/gruene-jaeger.de\/wp-content\/uploads\/2018\/02\/HaLT_2-300x198.jpg 300w\" sizes=\"auto, (max-width: 420px) 100vw, 420px\" \/><\/a><\/td>\n<td style=\"width: 208.933px; padding-left: 30px; vertical-align: middle;\">Den Zertifizierungsprozess zum <a href=\"https:\/\/gruene-jaeger.de\/wp-content\/uploads\/2013\/02\/JugendfreundlicherVerein.pdf\">jugendfreundlichen Verein<\/a> durchliefen wir Ende 2017\/ Anfang 2018 und wurde im Fr\u00fchjahr 2018 abgeschlossen.&nbsp;<\/p>\n<p>&nbsp;<\/p>\n<p>Bericht \u00fcber den Erhalt des <a href=\"https:\/\/gruene-jaeger.de\/?attachment_id=2152\">Zertifikat<\/a>s: <a href=\"http:\/\/www.suema.com\/MV\/StadtBuehl_ZnjV.pdf\">hier<\/a><\/p>\n<p><a href=\"http:\/\/www.suema.com\/MV\/Regelwerk_JFV_V3.pdf\">Unser Regelwerk<\/a><\/td>\n<\/tr>\n<\/tbody>\n<\/table>\n<p>das alte Logo:<\/p>\n<p><a href=\"https:\/\/gruene-jaeger.de\/wp-content\/uploads\/2018\/02\/HaLT_1.jpg\"><img loading=\"lazy\" decoding=\"async\" class=\"alignnone wp-image-1464 size-thumbnail\" src=\"https:\/\/gruene-jaeger.de\/wp-content\/uploads\/2018\/02\/HaLT_1-150x150.jpg\" alt=\"\" width=\"150\" height=\"150\"><\/a><\/p>\n","protected":false},"excerpt":{"rendered":"<p>HaLT &#8211; ein Projekt des Landkreises Rastatt, ein Suchtpr\u00e4ventionsprojekt f\u00fcr Jugendliche mit Alkoholkonsum. Den Zertifizierungsprozess zum jugendfreundlichen Verein durchliefen wir Ende 2017\/ Anfang 2018 und wurde im Fr\u00fchjahr 2018 abgeschlossen.&nbsp; &nbsp; Bericht \u00fcber den Erhalt des Zertifikats: hier Unser Regelwerk &hellip; <a href=\"https:\/\/gruene-jaeger.de\/?page_id=1456\">Weiterlesen <span class=\"meta-nav\">&rarr;<\/span><\/a><\/p>\n","protected":false},"author":5,"featured_media":1464,"parent":36,"menu_order":0,"comment_status":"closed","ping_status":"closed","template":"sidebar-page.php","meta":{"_acf_changed":false,"_crdt_document":"","ngg_post_thumbnail":0,"_price":"","_stock":"","_tribe_ticket_header":"","_tribe_default_ticket_provider":"","_tribe_ticket_capacity":"0","_ticket_start_date":"","_ticket_end_date":"","_tribe_ticket_show_description":"","_tribe_ticket_show_not_going":false,"_tribe_ticket_use_global_stock":"","_tribe_ticket_global_stock_level":"","_global_stock_mode":"","_global_stock_cap":"","_tribe_rsvp_for_event":"","_tribe_ticket_going_count":"","_tribe_ticket_not_going_count":"","_tribe_tickets_list":"[]","_tribe_ticket_has_attendee_info_fields":false,"footnotes":"","_tec_slr_enabled":"","_tec_slr_layout":""},"class_list":["post-1456","page","type-page","status-publish","has-post-thumbnail","hentry"],"acf":[],"yoast_head":"<!-- This site is optimized with the Yoast SEO plugin v27.6 - https:\/\/yoast.com\/product\/yoast-seo-wordpress\/ -->\n<title>jugendfreundlicher Verein - Trachtenkapelle Gr\u00fcne J\u00e4ger e.V.<\/title>\n<meta name=\"robots\" content=\"noindex, follow\" \/>\n<meta property=\"og:locale\" content=\"de_DE\" \/>\n<meta property=\"og:type\" content=\"article\" \/>\n<meta property=\"og:title\" content=\"jugendfreundlicher Verein - Trachtenkapelle Gr\u00fcne J\u00e4ger e.V.\" \/>\n<meta property=\"og:description\" content=\"HaLT &#8211; ein Projekt des Landkreises Rastatt, ein Suchtpr\u00e4ventionsprojekt f\u00fcr Jugendliche mit Alkoholkonsum. Den Zertifizierungsprozess zum jugendfreundlichen Verein durchliefen wir Ende 2017\/ Anfang 2018 und wurde im Fr\u00fchjahr 2018 abgeschlossen.&nbsp; &nbsp; Bericht \u00fcber den Erhalt des Zertifikats: hier Unser Regelwerk &hellip; Weiterlesen &rarr;\" \/>\n<meta property=\"og:url\" content=\"https:\/\/gruene-jaeger.de\/?page_id=1456\" \/>\n<meta property=\"og:site_name\" content=\"Trachtenkapelle Gr\u00fcne J\u00e4ger e.V.\" \/>\n<meta property=\"article:modified_time\" content=\"2022-01-31T07:12:54+00:00\" \/>\n<meta property=\"og:image\" content=\"https:\/\/gruene-jaeger.de\/wp-content\/uploads\/2018\/02\/HaLT_1.jpg\" \/>\n\t<meta property=\"og:image:width\" content=\"420\" \/>\n\t<meta property=\"og:image:height\" content=\"330\" \/>\n\t<meta property=\"og:image:type\" content=\"image\/jpeg\" \/>\n<meta name=\"twitter:label1\" content=\"Gesch\u00e4tzte Lesezeit\" \/>\n\t<meta name=\"twitter:data1\" content=\"1\u00a0Minute\" \/>\n<script type=\"application\/ld+json\" class=\"yoast-schema-graph\">{\"@context\":\"https:\\\/\\\/schema.org\",\"@graph\":[{\"@type\":\"WebPage\",\"@id\":\"https:\\\/\\\/gruene-jaeger.de\\\/?page_id=1456\",\"url\":\"https:\\\/\\\/gruene-jaeger.de\\\/?page_id=1456\",\"name\":\"jugendfreundlicher Verein - Trachtenkapelle Gr\u00fcne J\u00e4ger e.V.\",\"isPartOf\":{\"@id\":\"https:\\\/\\\/gruene-jaeger.de\\\/#website\"},\"primaryImageOfPage\":{\"@id\":\"https:\\\/\\\/gruene-jaeger.de\\\/?page_id=1456#primaryimage\"},\"image\":{\"@id\":\"https:\\\/\\\/gruene-jaeger.de\\\/?page_id=1456#primaryimage\"},\"thumbnailUrl\":\"https:\\\/\\\/gruene-jaeger.de\\\/wp-content\\\/uploads\\\/2018\\\/02\\\/HaLT_1.jpg\",\"datePublished\":\"2018-02-16T09:59:10+00:00\",\"dateModified\":\"2022-01-31T07:12:54+00:00\",\"breadcrumb\":{\"@id\":\"https:\\\/\\\/gruene-jaeger.de\\\/?page_id=1456#breadcrumb\"},\"inLanguage\":\"de\",\"potentialAction\":[{\"@type\":\"ReadAction\",\"target\":[\"https:\\\/\\\/gruene-jaeger.de\\\/?page_id=1456\"]}]},{\"@type\":\"ImageObject\",\"inLanguage\":\"de\",\"@id\":\"https:\\\/\\\/gruene-jaeger.de\\\/?page_id=1456#primaryimage\",\"url\":\"https:\\\/\\\/gruene-jaeger.de\\\/wp-content\\\/uploads\\\/2018\\\/02\\\/HaLT_1.jpg\",\"contentUrl\":\"https:\\\/\\\/gruene-jaeger.de\\\/wp-content\\\/uploads\\\/2018\\\/02\\\/HaLT_1.jpg\",\"width\":420,\"height\":330},{\"@type\":\"BreadcrumbList\",\"@id\":\"https:\\\/\\\/gruene-jaeger.de\\\/?page_id=1456#breadcrumb\",\"itemListElement\":[{\"@type\":\"ListItem\",\"position\":1,\"name\":\"Home\",\"item\":\"https:\\\/\\\/gruene-jaeger.de\\\/\"},{\"@type\":\"ListItem\",\"position\":2,\"name\":\"Jugendkapelle\",\"item\":\"https:\\\/\\\/gruene-jaeger.de\\\/?page_id=36\"},{\"@type\":\"ListItem\",\"position\":3,\"name\":\"jugendfreundlicher Verein\"}]},{\"@type\":\"WebSite\",\"@id\":\"https:\\\/\\\/gruene-jaeger.de\\\/#website\",\"url\":\"https:\\\/\\\/gruene-jaeger.de\\\/\",\"name\":\"Trachtenkapelle Gr\u00fcne J\u00e4ger e.V.\",\"description\":\"Musikverein Neusatz - gegr. 1896\",\"publisher\":{\"@id\":\"https:\\\/\\\/gruene-jaeger.de\\\/#organization\"},\"potentialAction\":[{\"@type\":\"SearchAction\",\"target\":{\"@type\":\"EntryPoint\",\"urlTemplate\":\"https:\\\/\\\/gruene-jaeger.de\\\/?s={search_term_string}\"},\"query-input\":{\"@type\":\"PropertyValueSpecification\",\"valueRequired\":true,\"valueName\":\"search_term_string\"}}],\"inLanguage\":\"de\"},{\"@type\":\"Organization\",\"@id\":\"https:\\\/\\\/gruene-jaeger.de\\\/#organization\",\"name\":\"\\\"Gr\u00fcne J\u00e4ger\\\" Musikverein Neusatz e.V.\",\"url\":\"https:\\\/\\\/gruene-jaeger.de\\\/\",\"logo\":{\"@type\":\"ImageObject\",\"inLanguage\":\"de\",\"@id\":\"https:\\\/\\\/gruene-jaeger.de\\\/#\\\/schema\\\/logo\\\/image\\\/\",\"url\":\"http:\\\/\\\/gruene-jaeger.de\\\/wp-content\\\/uploads\\\/2015\\\/11\\\/Logo.png\",\"contentUrl\":\"http:\\\/\\\/gruene-jaeger.de\\\/wp-content\\\/uploads\\\/2015\\\/11\\\/Logo.png\",\"width\":500,\"height\":500,\"caption\":\"\\\"Gr\u00fcne J\u00e4ger\\\" Musikverein Neusatz e.V.\"},\"image\":{\"@id\":\"https:\\\/\\\/gruene-jaeger.de\\\/#\\\/schema\\\/logo\\\/image\\\/\"}}]}<\/script>\n<!-- \/ Yoast SEO plugin. -->","yoast_head_json":{"title":"jugendfreundlicher Verein - Trachtenkapelle Gr\u00fcne J\u00e4ger e.V.","robots":{"index":"noindex","follow":"follow"},"og_locale":"de_DE","og_type":"article","og_title":"jugendfreundlicher Verein - Trachtenkapelle Gr\u00fcne J\u00e4ger e.V.","og_description":"HaLT &#8211; ein Projekt des Landkreises Rastatt, ein Suchtpr\u00e4ventionsprojekt f\u00fcr Jugendliche mit Alkoholkonsum. Den Zertifizierungsprozess zum jugendfreundlichen Verein durchliefen wir Ende 2017\/ Anfang 2018 und wurde im Fr\u00fchjahr 2018 abgeschlossen.&nbsp; &nbsp; Bericht \u00fcber den Erhalt des Zertifikats: hier Unser Regelwerk &hellip; Weiterlesen &rarr;","og_url":"https:\/\/gruene-jaeger.de\/?page_id=1456","og_site_name":"Trachtenkapelle Gr\u00fcne J\u00e4ger e.V.","article_modified_time":"2022-01-31T07:12:54+00:00","og_image":[{"width":420,"height":330,"url":"https:\/\/gruene-jaeger.de\/wp-content\/uploads\/2018\/02\/HaLT_1.jpg","type":"image\/jpeg"}],"twitter_misc":{"Gesch\u00e4tzte Lesezeit":"1\u00a0Minute"},"schema":{"@context":"https:\/\/schema.org","@graph":[{"@type":"WebPage","@id":"https:\/\/gruene-jaeger.de\/?page_id=1456","url":"https:\/\/gruene-jaeger.de\/?page_id=1456","name":"jugendfreundlicher Verein - Trachtenkapelle Gr\u00fcne J\u00e4ger e.V.","isPartOf":{"@id":"https:\/\/gruene-jaeger.de\/#website"},"primaryImageOfPage":{"@id":"https:\/\/gruene-jaeger.de\/?page_id=1456#primaryimage"},"image":{"@id":"https:\/\/gruene-jaeger.de\/?page_id=1456#primaryimage"},"thumbnailUrl":"https:\/\/gruene-jaeger.de\/wp-content\/uploads\/2018\/02\/HaLT_1.jpg","datePublished":"2018-02-16T09:59:10+00:00","dateModified":"2022-01-31T07:12:54+00:00","breadcrumb":{"@id":"https:\/\/gruene-jaeger.de\/?page_id=1456#breadcrumb"},"inLanguage":"de","potentialAction":[{"@type":"ReadAction","target":["https:\/\/gruene-jaeger.de\/?page_id=1456"]}]},{"@type":"ImageObject","inLanguage":"de","@id":"https:\/\/gruene-jaeger.de\/?page_id=1456#primaryimage","url":"https:\/\/gruene-jaeger.de\/wp-content\/uploads\/2018\/02\/HaLT_1.jpg","contentUrl":"https:\/\/gruene-jaeger.de\/wp-content\/uploads\/2018\/02\/HaLT_1.jpg","width":420,"height":330},{"@type":"BreadcrumbList","@id":"https:\/\/gruene-jaeger.de\/?page_id=1456#breadcrumb","itemListElement":[{"@type":"ListItem","position":1,"name":"Home","item":"https:\/\/gruene-jaeger.de\/"},{"@type":"ListItem","position":2,"name":"Jugendkapelle","item":"https:\/\/gruene-jaeger.de\/?page_id=36"},{"@type":"ListItem","position":3,"name":"jugendfreundlicher Verein"}]},{"@type":"WebSite","@id":"https:\/\/gruene-jaeger.de\/#website","url":"https:\/\/gruene-jaeger.de\/","name":"Trachtenkapelle Gr\u00fcne J\u00e4ger e.V.","description":"Musikverein Neusatz - gegr. 1896","publisher":{"@id":"https:\/\/gruene-jaeger.de\/#organization"},"potentialAction":[{"@type":"SearchAction","target":{"@type":"EntryPoint","urlTemplate":"https:\/\/gruene-jaeger.de\/?s={search_term_string}"},"query-input":{"@type":"PropertyValueSpecification","valueRequired":true,"valueName":"search_term_string"}}],"inLanguage":"de"},{"@type":"Organization","@id":"https:\/\/gruene-jaeger.de\/#organization","name":"\"Gr\u00fcne J\u00e4ger\" Musikverein Neusatz e.V.","url":"https:\/\/gruene-jaeger.de\/","logo":{"@type":"ImageObject","inLanguage":"de","@id":"https:\/\/gruene-jaeger.de\/#\/schema\/logo\/image\/","url":"http:\/\/gruene-jaeger.de\/wp-content\/uploads\/2015\/11\/Logo.png","contentUrl":"http:\/\/gruene-jaeger.de\/wp-content\/uploads\/2015\/11\/Logo.png","width":500,"height":500,"caption":"\"Gr\u00fcne J\u00e4ger\" Musikverein Neusatz e.V."},"image":{"@id":"https:\/\/gruene-jaeger.de\/#\/schema\/logo\/image\/"}}]}},"ticketed":false,"_links":{"self":[{"href":"https:\/\/gruene-jaeger.de\/index.php?rest_route=\/wp\/v2\/pages\/1456","targetHints":{"allow":["GET"]}}],"collection":[{"href":"https:\/\/gruene-jaeger.de\/index.php?rest_route=\/wp\/v2\/pages"}],"about":[{"href":"https:\/\/gruene-jaeger.de\/index.php?rest_route=\/wp\/v2\/types\/page"}],"author":[{"embeddable":true,"href":"https:\/\/gruene-jaeger.de\/index.php?rest_route=\/wp\/v2\/users\/5"}],"replies":[{"embeddable":true,"href":"https:\/\/gruene-jaeger.de\/index.php?rest_route=%2Fwp%2Fv2%2Fcomments&post=1456"}],"version-history":[{"count":14,"href":"https:\/\/gruene-jaeger.de\/index.php?rest_route=\/wp\/v2\/pages\/1456\/revisions"}],"predecessor-version":[{"id":3150,"href":"https:\/\/gruene-jaeger.de\/index.php?rest_route=\/wp\/v2\/pages\/1456\/revisions\/3150"}],"up":[{"embeddable":true,"href":"https:\/\/gruene-jaeger.de\/index.php?rest_route=\/wp\/v2\/pages\/36"}],"wp:featuredmedia":[{"embeddable":true,"href":"https:\/\/gruene-jaeger.de\/index.php?rest_route=\/wp\/v2\/media\/1464"}],"wp:attachment":[{"href":"https:\/\/gruene-jaeger.de\/index.php?rest_route=%2Fwp%2Fv2%2Fmedia&parent=1456"}],"curies":[{"name":"wp","href":"https:\/\/api.w.org\/{rel}","templated":true}]}}