{"id":1277,"date":"2018-01-22T20:57:01","date_gmt":"2018-01-22T18:57:01","guid":{"rendered":"http:\/\/gruene-jaeger.de\/?page_id=1277"},"modified":"2018-04-18T10:36:52","modified_gmt":"2018-04-18T08:36:52","slug":"jahreskonzert-am-12-05-2018","status":"publish","type":"page","link":"https:\/\/gruene-jaeger.de\/?page_id=1277","title":{"rendered":"Jahreskonzert am 12.05.2018"},"content":{"rendered":"<table>\n<tbody>\n<tr>\n<td><a href=\"https:\/\/gruene-jaeger.de\/wp-content\/uploads\/2018\/03\/Plakat.png\"><img loading=\"lazy\" decoding=\"async\" class=\"alignnone wp-image-1675 alignleft\" src=\"https:\/\/gruene-jaeger.de\/wp-content\/uploads\/2018\/03\/Plakat.png\" alt=\"\" width=\"2048\" height=\"2896\"><\/a><\/td>\n<td style=\"text-align: left; vertical-align: top;\">Nach dem Doppelkonzert im letzten Jahr im B\u00fcrgerhaus Neuer Markt mit den Laufbachmusikanten aus unserer Nachbargemeinde werden wir in diesem Jahr wieder in der Schlo\u00dfberghalle in der gewohnten Form konzertieren:<\/p>\n<p>Unser Konzertmotto: &#8222;<strong>Musik l\u00e4sst uns schweben<\/strong>&#8220;<\/p>\n<p>Beginnen werden in unserem Jahreskonzert die &#8222;Little Green Hunters&#8220;, unsere Jugendkapelle unter der Leitung von Kristina Hertlein.<\/p>\n<p>Nach einer kurzen Umbaupause starten die &#8222;Gr\u00fcnen J\u00e4ger&#8220; mit Ihrem Programm &#8211; schon heute laden wir Sie herzlich zu unserem Jahreskonzert ein!<\/td>\n<\/tr>\n<\/tbody>\n<\/table>\n<p><span style=\"color: #ff0000;\"><strong>Bei allen Musikern erh\u00e4ltlich:&nbsp;<\/strong><\/span> Eintrittskarten und als besonderes Geschenk an Freunde und Bekannte unser Gutschein<\/p>\n<p><a href=\"https:\/\/gruene-jaeger.de\/wp-content\/uploads\/2018\/01\/Konzertkarte_2018_Muster_001.png\"><img loading=\"lazy\" decoding=\"async\" class=\"alignnone size-large wp-image-1571\" src=\"https:\/\/gruene-jaeger.de\/wp-content\/uploads\/2018\/01\/Konzertkarte_2018_Muster_001-1024x401.png\" alt=\"\" width=\"584\" height=\"229\"><\/a><\/p>\n<p><a href=\"https:\/\/gruene-jaeger.de\/wp-content\/uploads\/2018\/01\/Premiumkarte_2018_Muster_001.png\"><img loading=\"lazy\" decoding=\"async\" class=\"alignnone size-large wp-image-1569\" src=\"https:\/\/gruene-jaeger.de\/wp-content\/uploads\/2018\/01\/Premiumkarte_2018_Muster_001-1024x408.png\" alt=\"\" width=\"584\" height=\"233\"><\/a><\/p>\n<p>&nbsp;<\/p>\n<p>&nbsp;<\/p>\n","protected":false},"excerpt":{"rendered":"<p>Nach dem Doppelkonzert im letzten Jahr im B\u00fcrgerhaus Neuer Markt mit den Laufbachmusikanten aus unserer Nachbargemeinde werden wir in diesem Jahr wieder in der Schlo\u00dfberghalle in der gewohnten Form konzertieren: Unser Konzertmotto: &#8222;Musik l\u00e4sst uns schweben&#8220; Beginnen werden in unserem &hellip; <a href=\"https:\/\/gruene-jaeger.de\/?page_id=1277\">Weiterlesen <span class=\"meta-nav\">&rarr;<\/span><\/a><\/p>\n","protected":false},"author":1,"featured_media":0,"parent":0,"menu_order":0,"comment_status":"closed","ping_status":"closed","template":"sidebar-page.php","meta":{"_acf_changed":false,"_crdt_document":"","ngg_post_thumbnail":0,"_price":"","_stock":"","_tribe_ticket_header":"","_tribe_default_ticket_provider":"","_tribe_ticket_capacity":"0","_ticket_start_date":"","_ticket_end_date":"","_tribe_ticket_show_description":"","_tribe_ticket_show_not_going":false,"_tribe_ticket_use_global_stock":"","_tribe_ticket_global_stock_level":"","_global_stock_mode":"","_global_stock_cap":"","_tribe_rsvp_for_event":"","_tribe_ticket_going_count":"","_tribe_ticket_not_going_count":"","_tribe_tickets_list":"[]","_tribe_ticket_has_attendee_info_fields":false,"footnotes":"","_tec_slr_enabled":"","_tec_slr_layout":""},"class_list":["post-1277","page","type-page","status-publish","hentry"],"acf":[],"yoast_head":"<!-- This site is optimized with the Yoast SEO plugin v27.6 - https:\/\/yoast.com\/product\/yoast-seo-wordpress\/ -->\n<title>Jahreskonzert am 12.05.2018 - Trachtenkapelle Gr\u00fcne J\u00e4ger e.V.<\/title>\n<meta name=\"description\" content=\"Jahreskonzert 2018 - Musik l\u00e4sst uns schweben -\" \/>\n<meta name=\"robots\" content=\"index, follow, max-snippet:-1, max-image-preview:large, max-video-preview:-1\" \/>\n<link rel=\"canonical\" href=\"https:\/\/gruene-jaeger.de\/?page_id=1277\" \/>\n<meta property=\"og:locale\" content=\"de_DE\" \/>\n<meta property=\"og:type\" content=\"article\" \/>\n<meta property=\"og:title\" content=\"Jahreskonzert am 12.05.2018 - Trachtenkapelle Gr\u00fcne J\u00e4ger e.V.\" \/>\n<meta property=\"og:description\" content=\"Jahreskonzert 2018 - Musik l\u00e4sst uns schweben -\" \/>\n<meta property=\"og:url\" content=\"https:\/\/gruene-jaeger.de\/?page_id=1277\" \/>\n<meta property=\"og:site_name\" content=\"Trachtenkapelle Gr\u00fcne J\u00e4ger e.V.\" \/>\n<meta property=\"article:modified_time\" content=\"2018-04-18T08:36:52+00:00\" \/>\n<meta property=\"og:image\" content=\"http:\/\/gruene-jaeger.de\/wp-content\/uploads\/2018\/03\/Plakat.png\" \/>\n<script type=\"application\/ld+json\" class=\"yoast-schema-graph\">{\"@context\":\"https:\\\/\\\/schema.org\",\"@graph\":[{\"@type\":\"WebPage\",\"@id\":\"https:\\\/\\\/gruene-jaeger.de\\\/?page_id=1277\",\"url\":\"https:\\\/\\\/gruene-jaeger.de\\\/?page_id=1277\",\"name\":\"Jahreskonzert am 12.05.2018 - Trachtenkapelle Gr\u00fcne J\u00e4ger e.V.\",\"isPartOf\":{\"@id\":\"https:\\\/\\\/gruene-jaeger.de\\\/#website\"},\"primaryImageOfPage\":{\"@id\":\"https:\\\/\\\/gruene-jaeger.de\\\/?page_id=1277#primaryimage\"},\"image\":{\"@id\":\"https:\\\/\\\/gruene-jaeger.de\\\/?page_id=1277#primaryimage\"},\"thumbnailUrl\":\"http:\\\/\\\/gruene-jaeger.de\\\/wp-content\\\/uploads\\\/2018\\\/03\\\/Plakat.png\",\"datePublished\":\"2018-01-22T18:57:01+00:00\",\"dateModified\":\"2018-04-18T08:36:52+00:00\",\"description\":\"Jahreskonzert 2018 - Musik l\u00e4sst uns schweben -\",\"breadcrumb\":{\"@id\":\"https:\\\/\\\/gruene-jaeger.de\\\/?page_id=1277#breadcrumb\"},\"inLanguage\":\"de\",\"potentialAction\":[{\"@type\":\"ReadAction\",\"target\":[\"https:\\\/\\\/gruene-jaeger.de\\\/?page_id=1277\"]}]},{\"@type\":\"ImageObject\",\"inLanguage\":\"de\",\"@id\":\"https:\\\/\\\/gruene-jaeger.de\\\/?page_id=1277#primaryimage\",\"url\":\"http:\\\/\\\/gruene-jaeger.de\\\/wp-content\\\/uploads\\\/2018\\\/03\\\/Plakat.png\",\"contentUrl\":\"http:\\\/\\\/gruene-jaeger.de\\\/wp-content\\\/uploads\\\/2018\\\/03\\\/Plakat.png\"},{\"@type\":\"BreadcrumbList\",\"@id\":\"https:\\\/\\\/gruene-jaeger.de\\\/?page_id=1277#breadcrumb\",\"itemListElement\":[{\"@type\":\"ListItem\",\"position\":1,\"name\":\"Home\",\"item\":\"https:\\\/\\\/gruene-jaeger.de\\\/\"},{\"@type\":\"ListItem\",\"position\":2,\"name\":\"Jahreskonzert am 12.05.2018\"}]},{\"@type\":\"WebSite\",\"@id\":\"https:\\\/\\\/gruene-jaeger.de\\\/#website\",\"url\":\"https:\\\/\\\/gruene-jaeger.de\\\/\",\"name\":\"Trachtenkapelle Gr\u00fcne J\u00e4ger e.V.\",\"description\":\"Musikverein Neusatz - gegr. 1896\",\"publisher\":{\"@id\":\"https:\\\/\\\/gruene-jaeger.de\\\/#organization\"},\"potentialAction\":[{\"@type\":\"SearchAction\",\"target\":{\"@type\":\"EntryPoint\",\"urlTemplate\":\"https:\\\/\\\/gruene-jaeger.de\\\/?s={search_term_string}\"},\"query-input\":{\"@type\":\"PropertyValueSpecification\",\"valueRequired\":true,\"valueName\":\"search_term_string\"}}],\"inLanguage\":\"de\"},{\"@type\":\"Organization\",\"@id\":\"https:\\\/\\\/gruene-jaeger.de\\\/#organization\",\"name\":\"\\\"Gr\u00fcne J\u00e4ger\\\" Musikverein Neusatz e.V.\",\"url\":\"https:\\\/\\\/gruene-jaeger.de\\\/\",\"logo\":{\"@type\":\"ImageObject\",\"inLanguage\":\"de\",\"@id\":\"https:\\\/\\\/gruene-jaeger.de\\\/#\\\/schema\\\/logo\\\/image\\\/\",\"url\":\"http:\\\/\\\/gruene-jaeger.de\\\/wp-content\\\/uploads\\\/2015\\\/11\\\/Logo.png\",\"contentUrl\":\"http:\\\/\\\/gruene-jaeger.de\\\/wp-content\\\/uploads\\\/2015\\\/11\\\/Logo.png\",\"width\":500,\"height\":500,\"caption\":\"\\\"Gr\u00fcne J\u00e4ger\\\" Musikverein Neusatz e.V.\"},\"image\":{\"@id\":\"https:\\\/\\\/gruene-jaeger.de\\\/#\\\/schema\\\/logo\\\/image\\\/\"}}]}<\/script>\n<!-- \/ Yoast SEO plugin. -->","yoast_head_json":{"title":"Jahreskonzert am 12.05.2018 - Trachtenkapelle Gr\u00fcne J\u00e4ger e.V.","description":"Jahreskonzert 2018 - Musik l\u00e4sst uns schweben -","robots":{"index":"index","follow":"follow","max-snippet":"max-snippet:-1","max-image-preview":"max-image-preview:large","max-video-preview":"max-video-preview:-1"},"canonical":"https:\/\/gruene-jaeger.de\/?page_id=1277","og_locale":"de_DE","og_type":"article","og_title":"Jahreskonzert am 12.05.2018 - Trachtenkapelle Gr\u00fcne J\u00e4ger e.V.","og_description":"Jahreskonzert 2018 - Musik l\u00e4sst uns schweben -","og_url":"https:\/\/gruene-jaeger.de\/?page_id=1277","og_site_name":"Trachtenkapelle Gr\u00fcne J\u00e4ger e.V.","article_modified_time":"2018-04-18T08:36:52+00:00","og_image":[{"url":"http:\/\/gruene-jaeger.de\/wp-content\/uploads\/2018\/03\/Plakat.png","type":"","width":"","height":""}],"schema":{"@context":"https:\/\/schema.org","@graph":[{"@type":"WebPage","@id":"https:\/\/gruene-jaeger.de\/?page_id=1277","url":"https:\/\/gruene-jaeger.de\/?page_id=1277","name":"Jahreskonzert am 12.05.2018 - Trachtenkapelle Gr\u00fcne J\u00e4ger e.V.","isPartOf":{"@id":"https:\/\/gruene-jaeger.de\/#website"},"primaryImageOfPage":{"@id":"https:\/\/gruene-jaeger.de\/?page_id=1277#primaryimage"},"image":{"@id":"https:\/\/gruene-jaeger.de\/?page_id=1277#primaryimage"},"thumbnailUrl":"http:\/\/gruene-jaeger.de\/wp-content\/uploads\/2018\/03\/Plakat.png","datePublished":"2018-01-22T18:57:01+00:00","dateModified":"2018-04-18T08:36:52+00:00","description":"Jahreskonzert 2018 - Musik l\u00e4sst uns schweben -","breadcrumb":{"@id":"https:\/\/gruene-jaeger.de\/?page_id=1277#breadcrumb"},"inLanguage":"de","potentialAction":[{"@type":"ReadAction","target":["https:\/\/gruene-jaeger.de\/?page_id=1277"]}]},{"@type":"ImageObject","inLanguage":"de","@id":"https:\/\/gruene-jaeger.de\/?page_id=1277#primaryimage","url":"http:\/\/gruene-jaeger.de\/wp-content\/uploads\/2018\/03\/Plakat.png","contentUrl":"http:\/\/gruene-jaeger.de\/wp-content\/uploads\/2018\/03\/Plakat.png"},{"@type":"BreadcrumbList","@id":"https:\/\/gruene-jaeger.de\/?page_id=1277#breadcrumb","itemListElement":[{"@type":"ListItem","position":1,"name":"Home","item":"https:\/\/gruene-jaeger.de\/"},{"@type":"ListItem","position":2,"name":"Jahreskonzert am 12.05.2018"}]},{"@type":"WebSite","@id":"https:\/\/gruene-jaeger.de\/#website","url":"https:\/\/gruene-jaeger.de\/","name":"Trachtenkapelle Gr\u00fcne J\u00e4ger e.V.","description":"Musikverein Neusatz - gegr. 1896","publisher":{"@id":"https:\/\/gruene-jaeger.de\/#organization"},"potentialAction":[{"@type":"SearchAction","target":{"@type":"EntryPoint","urlTemplate":"https:\/\/gruene-jaeger.de\/?s={search_term_string}"},"query-input":{"@type":"PropertyValueSpecification","valueRequired":true,"valueName":"search_term_string"}}],"inLanguage":"de"},{"@type":"Organization","@id":"https:\/\/gruene-jaeger.de\/#organization","name":"\"Gr\u00fcne J\u00e4ger\" Musikverein Neusatz e.V.","url":"https:\/\/gruene-jaeger.de\/","logo":{"@type":"ImageObject","inLanguage":"de","@id":"https:\/\/gruene-jaeger.de\/#\/schema\/logo\/image\/","url":"http:\/\/gruene-jaeger.de\/wp-content\/uploads\/2015\/11\/Logo.png","contentUrl":"http:\/\/gruene-jaeger.de\/wp-content\/uploads\/2015\/11\/Logo.png","width":500,"height":500,"caption":"\"Gr\u00fcne J\u00e4ger\" Musikverein Neusatz e.V."},"image":{"@id":"https:\/\/gruene-jaeger.de\/#\/schema\/logo\/image\/"}}]}},"ticketed":false,"_links":{"self":[{"href":"https:\/\/gruene-jaeger.de\/index.php?rest_route=\/wp\/v2\/pages\/1277","targetHints":{"allow":["GET"]}}],"collection":[{"href":"https:\/\/gruene-jaeger.de\/index.php?rest_route=\/wp\/v2\/pages"}],"about":[{"href":"https:\/\/gruene-jaeger.de\/index.php?rest_route=\/wp\/v2\/types\/page"}],"author":[{"embeddable":true,"href":"https:\/\/gruene-jaeger.de\/index.php?rest_route=\/wp\/v2\/users\/1"}],"replies":[{"embeddable":true,"href":"https:\/\/gruene-jaeger.de\/index.php?rest_route=%2Fwp%2Fv2%2Fcomments&post=1277"}],"version-history":[{"count":8,"href":"https:\/\/gruene-jaeger.de\/index.php?rest_route=\/wp\/v2\/pages\/1277\/revisions"}],"predecessor-version":[{"id":1677,"href":"https:\/\/gruene-jaeger.de\/index.php?rest_route=\/wp\/v2\/pages\/1277\/revisions\/1677"}],"wp:attachment":[{"href":"https:\/\/gruene-jaeger.de\/index.php?rest_route=%2Fwp%2Fv2%2Fmedia&parent=1277"}],"curies":[{"name":"wp","href":"https:\/\/api.w.org\/{rel}","templated":true}]}}