{"id":12,"date":"2013-01-20T23:45:10","date_gmt":"2013-01-20T21:45:10","guid":{"rendered":"http:\/\/wp.gruene-jaeger.de\/?page_id=12"},"modified":"2024-11-09T22:32:54","modified_gmt":"2024-11-09T21:32:54","slug":"vorstandschaft","status":"publish","type":"page","link":"https:\/\/gruene-jaeger.de\/?page_id=12","title":{"rendered":"Vorstandschaft"},"content":{"rendered":"<div style=\"float: left; padding-left: 60px;\">&nbsp;<\/div>\n<div style=\"float: left; margin-left: 7em;\">\n<table style=\"width: 377px;\" border=\"0\">\n<tbody>\n<tr>\n<td style=\"text-align: left; width: 101px;\"><span style=\"font-size: 10pt;\">1. Vorstand:<\/span><\/td>\n<td style=\"width: 256px;\"><span style=\"font-size: 10pt;\">Marc Heyduck<\/span><\/td>\n<\/tr>\n<tr>\n<td style=\"width: 101px;\"><span style=\"font-size: 10pt;\">2. Vorstand:<\/span><\/td>\n<td style=\"width: 256px;\" valign=\"top\"><span style=\"font-size: 10pt;\">Simone Karcher<\/span><\/td>\n<\/tr>\n<tr>\n<td style=\"width: 101px;\"><span style=\"font-size: 10pt;\">Jugendleiterin:<\/span><\/td>\n<td style=\"width: 256px;\"><span style=\"font-size: 10pt;\">Laura Sophie Herr<br \/>\n<\/span><\/td>\n<\/tr>\n<tr>\n<td style=\"width: 101px;\"><span style=\"font-size: 10pt;\">Kassenwartin:<\/span><\/td>\n<td style=\"width: 256px;\"><span style=\"font-size: 10pt;\">Franziska W\u00f6rner<\/span><\/td>\n<\/tr>\n<tr>\n<td style=\"width: 101px;\"><span style=\"font-size: 10pt;\">Jugendkassierin:<\/span><\/td>\n<td style=\"width: 256px;\"><span style=\"font-size: 10pt;\">Sophia Mauch<\/span><\/td>\n<\/tr>\n<tr>\n<td style=\"width: 101px;\"><span style=\"font-size: 10pt;\">Schriftf\u00fchrer:<\/span><\/td>\n<td style=\"width: 256px;\"><span style=\"font-size: 10pt;\">Tobias Bro\u00df<\/span><\/td>\n<\/tr>\n<tr>\n<td style=\"width: 101px;\"><span style=\"font-size: 10pt;\">Jugendschriftf\u00fchrerin:<\/span><\/td>\n<td style=\"width: 256px;\"><span style=\"font-size: 10pt;\">Emma B\u00e4uerle<br \/>\n<\/span><\/td>\n<\/tr>\n<tr dir=\"ltr\" valign=\"top\">\n<td style=\"width: 101px; vertical-align: middle;\" rowspan=\"4\"><span style=\"font-size: 10pt;\">aktive BeisitzerIn:<\/span><\/td>\n<td style=\"vertical-align: top; width: 256px;\"><span style=\"font-size: 10pt;\">Mariella Hertlein<br \/>\n<\/span><\/td>\n<\/tr>\n<tr dir=\"ltr\" valign=\"top\">\n<td style=\"vertical-align: top; width: 256px;\"><span style=\"font-size: 10pt;\">Niko Schaufler<\/span><\/td>\n<\/tr>\n<tr dir=\"ltr\" valign=\"top\">\n<td style=\"vertical-align: top; width: 256px;\"><span style=\"font-size: 10pt;\">Marco Seifermann<\/span><\/td>\n<\/tr>\n<tr dir=\"ltr\" valign=\"top\">\n<td style=\"vertical-align: top; width: 256px;\"><span style=\"font-size: 10pt;\">Christoph Nehus&nbsp;&nbsp;&nbsp; (Materialwart)<\/span><\/td>\n<\/tr>\n<tr>\n<td style=\"width: 101px;\"><span style=\"font-size: 10pt;\">passive Beisitzer:<\/span><\/td>\n<td style=\"width: 256px;\"><span style=\"font-size: 10pt;\">Clemens Hertlein&nbsp;&nbsp; (\u00d6ffentlichkeitsarbeit)<\/span><br class=\"none\"><span style=\"font-size: 10pt;\">Dirk Huber<\/span><br class=\"none\"><span style=\"font-size: 10pt;\">Bernd W\u00f6rner<br \/>\n<\/span><\/td>\n<\/tr>\n<\/tbody>\n<\/table>\n<\/div>\n","protected":false},"excerpt":{"rendered":"<p>&nbsp; 1. Vorstand: Marc Heyduck 2. Vorstand: Simone Karcher Jugendleiterin: Laura Sophie Herr Kassenwartin: Franziska W\u00f6rner Jugendkassierin: Sophia Mauch Schriftf\u00fchrer: Tobias Bro\u00df Jugendschriftf\u00fchrerin: Emma B\u00e4uerle aktive BeisitzerIn: Mariella Hertlein Niko Schaufler Marco Seifermann Christoph Nehus&nbsp;&nbsp;&nbsp; (Materialwart) passive Beisitzer: Clemens Hertlein&nbsp;&nbsp; &hellip; <a href=\"https:\/\/gruene-jaeger.de\/?page_id=12\">Weiterlesen <span class=\"meta-nav\">&rarr;<\/span><\/a><\/p>\n","protected":false},"author":1,"featured_media":0,"parent":45,"menu_order":0,"comment_status":"closed","ping_status":"closed","template":"sidebar-page.php","meta":{"_acf_changed":false,"_crdt_document":"","ngg_post_thumbnail":0,"_price":"","_stock":"","_tribe_ticket_header":"","_tribe_default_ticket_provider":"","_tribe_ticket_capacity":"0","_ticket_start_date":"","_ticket_end_date":"","_tribe_ticket_show_description":"","_tribe_ticket_show_not_going":false,"_tribe_ticket_use_global_stock":"","_tribe_ticket_global_stock_level":"","_global_stock_mode":"","_global_stock_cap":"","_tribe_rsvp_for_event":"","_tribe_ticket_going_count":"","_tribe_ticket_not_going_count":"","_tribe_tickets_list":"[]","_tribe_ticket_has_attendee_info_fields":false,"footnotes":"","_tec_slr_enabled":"","_tec_slr_layout":""},"class_list":["post-12","page","type-page","status-publish","hentry"],"acf":[],"yoast_head":"<!-- This site is optimized with the Yoast SEO plugin v27.6 - https:\/\/yoast.com\/product\/yoast-seo-wordpress\/ -->\n<title>Vorstandschaft - Trachtenkapelle Gr\u00fcne J\u00e4ger e.V.<\/title>\n<meta name=\"robots\" content=\"index, follow, max-snippet:-1, max-image-preview:large, max-video-preview:-1\" \/>\n<link rel=\"canonical\" href=\"https:\/\/gruene-jaeger.de\/?page_id=12\" \/>\n<meta property=\"og:locale\" content=\"de_DE\" \/>\n<meta property=\"og:type\" content=\"article\" \/>\n<meta property=\"og:title\" content=\"Vorstandschaft - Trachtenkapelle Gr\u00fcne J\u00e4ger e.V.\" \/>\n<meta property=\"og:description\" content=\"&nbsp; 1. Vorstand: Marc Heyduck 2. Vorstand: Simone Karcher Jugendleiterin: Laura Sophie Herr Kassenwartin: Franziska W\u00f6rner Jugendkassierin: Sophia Mauch Schriftf\u00fchrer: Tobias Bro\u00df Jugendschriftf\u00fchrerin: Emma B\u00e4uerle aktive BeisitzerIn: Mariella Hertlein Niko Schaufler Marco Seifermann Christoph Nehus&nbsp;&nbsp;&nbsp; (Materialwart) passive Beisitzer: Clemens Hertlein&nbsp;&nbsp; &hellip; Weiterlesen &rarr;\" \/>\n<meta property=\"og:url\" content=\"https:\/\/gruene-jaeger.de\/?page_id=12\" \/>\n<meta property=\"og:site_name\" content=\"Trachtenkapelle Gr\u00fcne J\u00e4ger e.V.\" \/>\n<meta property=\"article:modified_time\" content=\"2024-11-09T21:32:54+00:00\" \/>\n<meta name=\"twitter:label1\" content=\"Gesch\u00e4tzte Lesezeit\" \/>\n\t<meta name=\"twitter:data1\" content=\"1\u00a0Minute\" \/>\n<script type=\"application\/ld+json\" class=\"yoast-schema-graph\">{\"@context\":\"https:\\\/\\\/schema.org\",\"@graph\":[{\"@type\":\"WebPage\",\"@id\":\"https:\\\/\\\/gruene-jaeger.de\\\/?page_id=12\",\"url\":\"https:\\\/\\\/gruene-jaeger.de\\\/?page_id=12\",\"name\":\"Vorstandschaft - Trachtenkapelle Gr\u00fcne J\u00e4ger e.V.\",\"isPartOf\":{\"@id\":\"https:\\\/\\\/gruene-jaeger.de\\\/#website\"},\"datePublished\":\"2013-01-20T21:45:10+00:00\",\"dateModified\":\"2024-11-09T21:32:54+00:00\",\"breadcrumb\":{\"@id\":\"https:\\\/\\\/gruene-jaeger.de\\\/?page_id=12#breadcrumb\"},\"inLanguage\":\"de\",\"potentialAction\":[{\"@type\":\"ReadAction\",\"target\":[\"https:\\\/\\\/gruene-jaeger.de\\\/?page_id=12\"]}]},{\"@type\":\"BreadcrumbList\",\"@id\":\"https:\\\/\\\/gruene-jaeger.de\\\/?page_id=12#breadcrumb\",\"itemListElement\":[{\"@type\":\"ListItem\",\"position\":1,\"name\":\"Home\",\"item\":\"https:\\\/\\\/gruene-jaeger.de\\\/\"},{\"@type\":\"ListItem\",\"position\":2,\"name\":\"\u00dcber uns\",\"item\":\"https:\\\/\\\/gruene-jaeger.de\\\/?page_id=45\"},{\"@type\":\"ListItem\",\"position\":3,\"name\":\"Vorstandschaft\"}]},{\"@type\":\"WebSite\",\"@id\":\"https:\\\/\\\/gruene-jaeger.de\\\/#website\",\"url\":\"https:\\\/\\\/gruene-jaeger.de\\\/\",\"name\":\"Trachtenkapelle Gr\u00fcne J\u00e4ger e.V.\",\"description\":\"Musikverein Neusatz - gegr. 1896\",\"publisher\":{\"@id\":\"https:\\\/\\\/gruene-jaeger.de\\\/#organization\"},\"potentialAction\":[{\"@type\":\"SearchAction\",\"target\":{\"@type\":\"EntryPoint\",\"urlTemplate\":\"https:\\\/\\\/gruene-jaeger.de\\\/?s={search_term_string}\"},\"query-input\":{\"@type\":\"PropertyValueSpecification\",\"valueRequired\":true,\"valueName\":\"search_term_string\"}}],\"inLanguage\":\"de\"},{\"@type\":\"Organization\",\"@id\":\"https:\\\/\\\/gruene-jaeger.de\\\/#organization\",\"name\":\"\\\"Gr\u00fcne J\u00e4ger\\\" Musikverein Neusatz e.V.\",\"url\":\"https:\\\/\\\/gruene-jaeger.de\\\/\",\"logo\":{\"@type\":\"ImageObject\",\"inLanguage\":\"de\",\"@id\":\"https:\\\/\\\/gruene-jaeger.de\\\/#\\\/schema\\\/logo\\\/image\\\/\",\"url\":\"http:\\\/\\\/gruene-jaeger.de\\\/wp-content\\\/uploads\\\/2015\\\/11\\\/Logo.png\",\"contentUrl\":\"http:\\\/\\\/gruene-jaeger.de\\\/wp-content\\\/uploads\\\/2015\\\/11\\\/Logo.png\",\"width\":500,\"height\":500,\"caption\":\"\\\"Gr\u00fcne J\u00e4ger\\\" Musikverein Neusatz e.V.\"},\"image\":{\"@id\":\"https:\\\/\\\/gruene-jaeger.de\\\/#\\\/schema\\\/logo\\\/image\\\/\"}}]}<\/script>\n<!-- \/ Yoast SEO plugin. -->","yoast_head_json":{"title":"Vorstandschaft - Trachtenkapelle Gr\u00fcne J\u00e4ger e.V.","robots":{"index":"index","follow":"follow","max-snippet":"max-snippet:-1","max-image-preview":"max-image-preview:large","max-video-preview":"max-video-preview:-1"},"canonical":"https:\/\/gruene-jaeger.de\/?page_id=12","og_locale":"de_DE","og_type":"article","og_title":"Vorstandschaft - Trachtenkapelle Gr\u00fcne J\u00e4ger e.V.","og_description":"&nbsp; 1. Vorstand: Marc Heyduck 2. Vorstand: Simone Karcher Jugendleiterin: Laura Sophie Herr Kassenwartin: Franziska W\u00f6rner Jugendkassierin: Sophia Mauch Schriftf\u00fchrer: Tobias Bro\u00df Jugendschriftf\u00fchrerin: Emma B\u00e4uerle aktive BeisitzerIn: Mariella Hertlein Niko Schaufler Marco Seifermann Christoph Nehus&nbsp;&nbsp;&nbsp; (Materialwart) passive Beisitzer: Clemens Hertlein&nbsp;&nbsp; &hellip; Weiterlesen &rarr;","og_url":"https:\/\/gruene-jaeger.de\/?page_id=12","og_site_name":"Trachtenkapelle Gr\u00fcne J\u00e4ger e.V.","article_modified_time":"2024-11-09T21:32:54+00:00","twitter_misc":{"Gesch\u00e4tzte Lesezeit":"1\u00a0Minute"},"schema":{"@context":"https:\/\/schema.org","@graph":[{"@type":"WebPage","@id":"https:\/\/gruene-jaeger.de\/?page_id=12","url":"https:\/\/gruene-jaeger.de\/?page_id=12","name":"Vorstandschaft - Trachtenkapelle Gr\u00fcne J\u00e4ger e.V.","isPartOf":{"@id":"https:\/\/gruene-jaeger.de\/#website"},"datePublished":"2013-01-20T21:45:10+00:00","dateModified":"2024-11-09T21:32:54+00:00","breadcrumb":{"@id":"https:\/\/gruene-jaeger.de\/?page_id=12#breadcrumb"},"inLanguage":"de","potentialAction":[{"@type":"ReadAction","target":["https:\/\/gruene-jaeger.de\/?page_id=12"]}]},{"@type":"BreadcrumbList","@id":"https:\/\/gruene-jaeger.de\/?page_id=12#breadcrumb","itemListElement":[{"@type":"ListItem","position":1,"name":"Home","item":"https:\/\/gruene-jaeger.de\/"},{"@type":"ListItem","position":2,"name":"\u00dcber uns","item":"https:\/\/gruene-jaeger.de\/?page_id=45"},{"@type":"ListItem","position":3,"name":"Vorstandschaft"}]},{"@type":"WebSite","@id":"https:\/\/gruene-jaeger.de\/#website","url":"https:\/\/gruene-jaeger.de\/","name":"Trachtenkapelle Gr\u00fcne J\u00e4ger e.V.","description":"Musikverein Neusatz - gegr. 1896","publisher":{"@id":"https:\/\/gruene-jaeger.de\/#organization"},"potentialAction":[{"@type":"SearchAction","target":{"@type":"EntryPoint","urlTemplate":"https:\/\/gruene-jaeger.de\/?s={search_term_string}"},"query-input":{"@type":"PropertyValueSpecification","valueRequired":true,"valueName":"search_term_string"}}],"inLanguage":"de"},{"@type":"Organization","@id":"https:\/\/gruene-jaeger.de\/#organization","name":"\"Gr\u00fcne J\u00e4ger\" Musikverein Neusatz e.V.","url":"https:\/\/gruene-jaeger.de\/","logo":{"@type":"ImageObject","inLanguage":"de","@id":"https:\/\/gruene-jaeger.de\/#\/schema\/logo\/image\/","url":"http:\/\/gruene-jaeger.de\/wp-content\/uploads\/2015\/11\/Logo.png","contentUrl":"http:\/\/gruene-jaeger.de\/wp-content\/uploads\/2015\/11\/Logo.png","width":500,"height":500,"caption":"\"Gr\u00fcne J\u00e4ger\" Musikverein Neusatz e.V."},"image":{"@id":"https:\/\/gruene-jaeger.de\/#\/schema\/logo\/image\/"}}]}},"ticketed":false,"_links":{"self":[{"href":"https:\/\/gruene-jaeger.de\/index.php?rest_route=\/wp\/v2\/pages\/12","targetHints":{"allow":["GET"]}}],"collection":[{"href":"https:\/\/gruene-jaeger.de\/index.php?rest_route=\/wp\/v2\/pages"}],"about":[{"href":"https:\/\/gruene-jaeger.de\/index.php?rest_route=\/wp\/v2\/types\/page"}],"author":[{"embeddable":true,"href":"https:\/\/gruene-jaeger.de\/index.php?rest_route=\/wp\/v2\/users\/1"}],"replies":[{"embeddable":true,"href":"https:\/\/gruene-jaeger.de\/index.php?rest_route=%2Fwp%2Fv2%2Fcomments&post=12"}],"version-history":[{"count":35,"href":"https:\/\/gruene-jaeger.de\/index.php?rest_route=\/wp\/v2\/pages\/12\/revisions"}],"predecessor-version":[{"id":3726,"href":"https:\/\/gruene-jaeger.de\/index.php?rest_route=\/wp\/v2\/pages\/12\/revisions\/3726"}],"up":[{"embeddable":true,"href":"https:\/\/gruene-jaeger.de\/index.php?rest_route=\/wp\/v2\/pages\/45"}],"wp:attachment":[{"href":"https:\/\/gruene-jaeger.de\/index.php?rest_route=%2Fwp%2Fv2%2Fmedia&parent=12"}],"curies":[{"name":"wp","href":"https:\/\/api.w.org\/{rel}","templated":true}]}}